{"id":7782,"date":"2024-05-15T12:59:15","date_gmt":"2024-05-15T16:59:15","guid":{"rendered":"https:\/\/tharris.ca\/?page_id=7782"},"modified":"2024-08-09T06:09:39","modified_gmt":"2024-08-09T10:09:39","slug":"gestion-dimmeubles","status":"publish","type":"page","link":"https:\/\/tharris.ca\/fr\/sectures-de-marche\/gestion-dimmeubles\/","title":{"rendered":"Gestion d\u2019immeubles"},"content":{"rendered":"<p>[et_pb_section fb_built=&#8221;1&#8243; custom_padding_last_edited=&#8221;on|phone&#8221; admin_label=&#8221;Header&#8221; _builder_version=&#8221;4.27.0&#8243; _module_preset=&#8221;default&#8221; background_enable_color=&#8221;off&#8221; background_enable_image=&#8221;off&#8221; background_position=&#8221;top_center&#8221; custom_margin=&#8221;||||false|false&#8221; custom_padding=&#8221;248px|12vw|0px|12vw|false|true&#8221; custom_padding_tablet=&#8221;200px||0px||false|true&#8221; custom_padding_phone=&#8221;190px||0px||false|true&#8221; hover_enabled=&#8221;0&#8243; background_last_edited=&#8221;off|desktop&#8221; use_background_color_gradient_tablet=&#8221;on&#8221; use_background_color_gradient_phone=&#8221;on&#8221; background_color_gradient_direction_tablet=&#8221;90deg&#8221; background_color_gradient_stops_tablet=&#8221;#eeeeee 18%|rgba(255,255,255,0.51) 100%&#8221; background_color_gradient_stops_phone=&#8221;rgba(43,43,43,0.65) 100%|#29c4a9 100%&#8221; background_color_gradient_start_tablet=&#8221;rgba(43,43,43,0.65)&#8221; background_color_gradient_start_phone=&#8221;rgba(43,43,43,0.65)&#8221; background_color_gradient_start_position_phone=&#8221;0%&#8221; background_color_gradient_end_position_tablet=&#8221;100%&#8221; background_color_gradient_end_position_phone=&#8221;100%&#8221; locked=&#8221;off&#8221; global_colors_info=&#8221;{}&#8221; sticky_enabled=&#8221;0&#8243;][et_pb_row _builder_version=&#8221;4.17.4&#8243; _module_preset=&#8221;default&#8221; background_color=&#8221;RGBA(255,255,255,0)&#8221; width=&#8221;100%&#8221; max_width=&#8221;100%&#8221; max_width_tablet=&#8221;100%&#8221; max_width_phone=&#8221;100%&#8221; max_width_last_edited=&#8221;on|tablet&#8221; module_alignment=&#8221;left&#8221; global_colors_info=&#8221;{}&#8221;][et_pb_column type=&#8221;4_4&#8243; _builder_version=&#8221;4.16&#8243; _module_preset=&#8221;default&#8221; global_colors_info=&#8221;{}&#8221;][et_pb_text _builder_version=&#8221;4.27.0&#8243; _module_preset=&#8221;b548e066-77dc-45f0-82ba-7e55f7fa1d60&#8243; header_font=&#8221;Raleway|300|||||||&#8221; header_text_color=&#8221;#274953&#8243; header_font_size=&#8221;7em&#8221; header_2_text_color=&#8221;#FFFFFF&#8221; background_color=&#8221;RGBA(255,255,255,0)&#8221; custom_margin=&#8221;0px||||false|false&#8221; custom_margin_tablet=&#8221;||||false|false&#8221; custom_margin_phone=&#8221;||||false|false&#8221; custom_margin_last_edited=&#8221;on|phone&#8221; custom_padding=&#8221;0px||||false|false&#8221; animation_style=&#8221;slide&#8221; animation_direction=&#8221;bottom&#8221; animation_delay=&#8221;150ms&#8221; animation_intensity_slide=&#8221;15%&#8221; animation_speed_curve=&#8221;ease&#8221; hover_enabled=&#8221;0&#8243; text_font_size_tablet=&#8221;1.25em&#8221; header_font_size_tablet=&#8221;4em&#8221; header_font_size_phone=&#8221;4em&#8221; global_colors_info=&#8221;{}&#8221; sticky_enabled=&#8221;0&#8243; header_font_size_last_edited=&#8221;on|phone&#8221;]<\/p>\n<h1>Gestion d\u2019immeubles<\/h1>\n<p>[\/et_pb_text][\/et_pb_column][\/et_pb_row][\/et_pb_section][et_pb_section fb_built=&#8221;1&#8243; custom_padding_last_edited=&#8221;on|phone&#8221; admin_label=&#8221;Content Layout&#8221; _builder_version=&#8221;4.27.0&#8243; _module_preset=&#8221;default&#8221; background_enable_color=&#8221;off&#8221; background_enable_image=&#8221;off&#8221; background_size=&#8221;contain&#8221; background_position=&#8221;bottom_center&#8221; custom_padding=&#8221;0px|12vw|0px|12vw|true|true&#8221; custom_padding_tablet=&#8221;0px|10vw|80px|10vw|false|true&#8221; custom_padding_phone=&#8221;0px|10vw|0px|10vw|true|true&#8221; hover_enabled=&#8221;0&#8243; background_last_edited=&#8221;on|tablet&#8221; background_size_tablet=&#8221;cover&#8221; locked=&#8221;off&#8221; global_colors_info=&#8221;{}&#8221; sticky_enabled=&#8221;0&#8243;][et_pb_row use_custom_gutter=&#8221;on&#8221; gutter_width=&#8221;2&#8243; _builder_version=&#8221;4.27.0&#8243; _module_preset=&#8221;default&#8221; width=&#8221;100%&#8221; max_width=&#8221;100%&#8221; hover_enabled=&#8221;0&#8243; global_colors_info=&#8221;{}&#8221; custom_padding=&#8221;0px||||false|false&#8221; sticky_enabled=&#8221;0&#8243;][et_pb_column type=&#8221;4_4&#8243; _builder_version=&#8221;4.17.4&#8243; _module_preset=&#8221;default&#8221; global_colors_info=&#8221;{}&#8221;][et_pb_text _builder_version=&#8221;4.25.0&#8243; _module_preset=&#8221;default&#8221; text_font=&#8221;Poppins||||||||&#8221; text_text_color=&#8221;#274953&#8243; text_font_size=&#8221;20px&#8221; text_line_height=&#8221;1.8em&#8221; header_3_font=&#8221;Poppins|600|||||||&#8221; header_3_text_color=&#8221;#274953&#8243; z_index=&#8221;3&#8243; max_width=&#8221;100%&#8221; max_width_tablet=&#8221;100%&#8221; max_width_phone=&#8221;100%&#8221; max_width_last_edited=&#8221;on|phone&#8221; animation_style=&#8221;slide&#8221; animation_direction=&#8221;left&#8221; animation_delay=&#8221;200ms&#8221; animation_intensity_slide=&#8221;13%&#8221; global_colors_info=&#8221;{}&#8221;]<\/p>\n<h2>Depuis 1979, nous offrons des services environnementaux in\u00e9gal\u00e9s \u00e0 notre client\u00e8le de gestionnaires d\u2019immeubles. Nous pouvons \u00e9galement vous fournir notre expertise environnementale avec des firmes d\u2019architectures et de constructions pour des projets de restauration ou de construction de nouveaux b\u00e2timents.<\/h2>\n<h2><\/h2>\n<p>[\/et_pb_text][et_pb_text _builder_version=&#8221;4.25.0&#8243; _module_preset=&#8221;default&#8221; text_font=&#8221;Poppins||||||||&#8221; text_text_color=&#8221;#274953&#8243; text_font_size=&#8221;20px&#8221; text_line_height=&#8221;1.8em&#8221; header_3_font=&#8221;Poppins|600|||||||&#8221; header_3_text_color=&#8221;#274953&#8243; background_image=&#8221;https:\/\/tharris.ca\/wp-content\/uploads\/2024\/05\/Markets-We-Serve-Property-Management-1.jpg&#8221; z_index=&#8221;3&#8243; max_width=&#8221;100%&#8221; max_width_tablet=&#8221;100%&#8221; max_width_phone=&#8221;100%&#8221; max_width_last_edited=&#8221;on|phone&#8221; animation_style=&#8221;slide&#8221; animation_direction=&#8221;left&#8221; animation_delay=&#8221;200ms&#8221; animation_intensity_slide=&#8221;13%&#8221; global_colors_info=&#8221;{}&#8221;]<\/p>\n<p>&nbsp;<\/p>\n<p>&nbsp;<\/p>\n<p>&nbsp;<\/p>\n<p>&nbsp;<\/p>\n<p>&nbsp;<\/p>\n<p>&nbsp;<\/p>\n<p>&nbsp;<\/p>\n<p>[\/et_pb_text][et_pb_text _builder_version=&#8221;4.25.0&#8243; _module_preset=&#8221;default&#8221; text_font=&#8221;Poppins||||||||&#8221; text_text_color=&#8221;#274953&#8243; text_font_size=&#8221;20px&#8221; text_line_height=&#8221;1.8em&#8221; header_3_font=&#8221;Poppins|600|||||||&#8221; header_3_text_color=&#8221;#274953&#8243; z_index=&#8221;3&#8243; max_width=&#8221;100%&#8221; max_width_tablet=&#8221;100%&#8221; max_width_phone=&#8221;100%&#8221; max_width_last_edited=&#8221;on|phone&#8221; animation_style=&#8221;slide&#8221; animation_direction=&#8221;left&#8221; animation_delay=&#8221;200ms&#8221; animation_intensity_slide=&#8221;13%&#8221; global_colors_info=&#8221;{}&#8221;]<\/p>\n<h3><strong>Notre gamme de services comprend\u00a0:<\/strong><\/h3>\n<p>[\/et_pb_text][\/et_pb_column][\/et_pb_row][et_pb_row column_structure=&#8221;1_2,1_2&#8243; use_custom_gutter=&#8221;on&#8221; gutter_width=&#8221;2&#8243; _builder_version=&#8221;4.17.4&#8243; _module_preset=&#8221;default&#8221; width=&#8221;100%&#8221; max_width=&#8221;100%&#8221; global_colors_info=&#8221;{}&#8221;][et_pb_column type=&#8221;1_2&#8243; _builder_version=&#8221;4.17.4&#8243; _module_preset=&#8221;default&#8221; global_colors_info=&#8221;{}&#8221;][et_pb_text _builder_version=&#8221;4.17.4&#8243; _module_preset=&#8221;default&#8221; text_font=&#8221;Poppins||||||||&#8221; text_text_color=&#8221;#274953&#8243; text_font_size=&#8221;20px&#8221; text_line_height=&#8221;1.8em&#8221; header_3_font=&#8221;Poppins|600|||||||&#8221; header_3_text_color=&#8221;#274953&#8243; z_index=&#8221;3&#8243; max_width=&#8221;100%&#8221; max_width_tablet=&#8221;100%&#8221; max_width_phone=&#8221;100%&#8221; max_width_last_edited=&#8221;on|phone&#8221; animation_style=&#8221;slide&#8221; animation_direction=&#8221;left&#8221; animation_delay=&#8221;200ms&#8221; animation_intensity_slide=&#8221;13%&#8221; global_colors_info=&#8221;{}&#8221;]<\/p>\n<p><strong>\u00c9valuations environnementales :<\/strong><\/p>\n<ul>\n<li>R\u00e9alisation d&#8217;\u00e9valuations environnementales de site de phase I, II et III afin d&#8217;identifier les risques et les responsabilit\u00e9s potentielles en mati\u00e8re d&#8217;environnement.<\/li>\n<li>Services d&#8217;assainissement des sites contamin\u00e9s, permettant le red\u00e9veloppement et la revitalisation des friches industrielles.<\/li>\n<li>Documentation sur l&#8217;\u00e9tat des sites pour les transactions immobili\u00e8res et la mise en conformit\u00e9.<\/li>\n<li>Qualit\u00e9 de l&#8217;eau potable et respect des r\u00e8glements relatifs \u00e0 l&#8217;utilisation des \u00e9gouts.<\/li>\n<\/ul>\n<p><strong>Gestion des mati\u00e8res dangereuses : <\/strong><\/p>\n<ul>\n<li>\u00c9tudes et \u00e9valuations compl\u00e8tes de l&#8217;amiante, des moisissures, du plomb et de la silice.<\/li>\n<li>Mise en \u0153uvre de programmes de gestion des substances dangereuses, garantissant des environnements immobiliers s\u00fbrs et conformes.<\/li>\n<li>Formation de sensibilisation aux mati\u00e8res dangereuses pour le personnel charg\u00e9 de la gestion des biens immobiliers.<\/li>\n<li>Estimation des co\u00fbts des obligations de mise hors service des biens (ARO) pour la mise hors service des biens appartenant \u00e0 l&#8217;\u00c9tat<\/li>\n<\/ul>\n<p>[\/et_pb_text][\/et_pb_column][et_pb_column type=&#8221;1_2&#8243; _builder_version=&#8221;4.17.4&#8243; _module_preset=&#8221;default&#8221; global_colors_info=&#8221;{}&#8221;][et_pb_text _builder_version=&#8221;4.17.4&#8243; _module_preset=&#8221;default&#8221; text_font=&#8221;Poppins||||||||&#8221; text_text_color=&#8221;#274953&#8243; text_font_size=&#8221;20px&#8221; text_line_height=&#8221;1.8em&#8221; header_3_font=&#8221;Poppins|600|||||||&#8221; header_3_text_color=&#8221;#274953&#8243; z_index=&#8221;3&#8243; max_width=&#8221;100%&#8221; max_width_tablet=&#8221;100%&#8221; max_width_phone=&#8221;100%&#8221; max_width_last_edited=&#8221;on|phone&#8221; animation_style=&#8221;slide&#8221; animation_direction=&#8221;left&#8221; animation_delay=&#8221;200ms&#8221; animation_intensity_slide=&#8221;13%&#8221; locked=&#8221;off&#8221; global_colors_info=&#8221;{}&#8221;]<\/p>\n<p><strong>Assurance de la qualit\u00e9 de l&#8217;air int\u00e9rieur\u00a0:<\/strong><\/p>\n<ul>\n<li>\u00c9valuations et tests de la qualit\u00e9 de l&#8217;air int\u00e9rieur, garantissant des environnements sains et confortables pour les occupants.<\/li>\n<li>Identification et att\u00e9nuation des contaminants microbiens et des odeurs.<\/li>\n<li>Respect des normes de qualit\u00e9 de l&#8217;air int\u00e9rieur et des certifications telles que ASHRAE, Boma Best, Fitwell, Well Building et LEED.<\/li>\n<li>\u00c9valuation de la l\u00e9gionellose et du<\/li>\n<li>Enqu\u00eate sur l&#8217;intrusion de<\/li>\n<\/ul>\n<p><strong>Solutions de s\u00e9curit\u00e9 et de conformit\u00e9 :<\/strong><\/p>\n<ul>\n<li>Audits de conformit\u00e9 des \u00e9quipements de s\u00e9curit\u00e9 pour garantir le respect des normes ANSI Z358.1.<\/li>\n<li>Audits de la s\u00e9curit\u00e9 sur le lieu de travail et \u00e9valuations de la conformit\u00e9 aux r\u00e9glementations en mati\u00e8re d&#8217;environnement, de sant\u00e9 et de s\u00e9curit\u00e9.<\/li>\n<li>Services de gestion des risques visant \u00e0 identifier et \u00e0 r\u00e9duire les risques li\u00e9s aux produits chimiques, aux agents physiques et biologiques, ainsi qu&#8217;aux travaux et \u00e9nergies<\/li>\n<\/ul>\n<p>[\/et_pb_text][\/et_pb_column][\/et_pb_row][et_pb_row use_custom_gutter=&#8221;on&#8221; gutter_width=&#8221;2&#8243; _builder_version=&#8221;4.17.4&#8243; _module_preset=&#8221;default&#8221; width=&#8221;100%&#8221; max_width=&#8221;100%&#8221; global_colors_info=&#8221;{}&#8221;][et_pb_column type=&#8221;4_4&#8243; _builder_version=&#8221;4.17.4&#8243; _module_preset=&#8221;default&#8221; global_colors_info=&#8221;{}&#8221;][et_pb_text _builder_version=&#8221;4.25.0&#8243; _module_preset=&#8221;default&#8221; text_font=&#8221;Poppins||||||||&#8221; text_text_color=&#8221;#274953&#8243; text_font_size=&#8221;20px&#8221; text_line_height=&#8221;1.8em&#8221; header_3_font=&#8221;Poppins|600|||||||&#8221; header_3_text_color=&#8221;#274953&#8243; z_index=&#8221;3&#8243; max_width=&#8221;100%&#8221; max_width_tablet=&#8221;100%&#8221; max_width_phone=&#8221;100%&#8221; max_width_last_edited=&#8221;on|phone&#8221; animation_style=&#8221;slide&#8221; animation_direction=&#8221;left&#8221; animation_delay=&#8221;200ms&#8221; animation_intensity_slide=&#8221;13%&#8221; global_colors_info=&#8221;{}&#8221;]<\/p>\n<p>Pour plus d&#8217;informations, <span><a href=\"https:\/\/tharris.ca\/fr\/contactez-nous\/\">contactez-nous<\/a><\/span> ou remplissez le formulaire ci-dessous !<\/p>\n<p>[\/et_pb_text][\/et_pb_column][\/et_pb_row][\/et_pb_section]<\/p>\n","protected":false},"excerpt":{"rendered":"<p>Gestion d\u2019immeublesDepuis 1979, nous offrons des services environnementaux in\u00e9gal\u00e9s \u00e0 notre client\u00e8le de gestionnaires d\u2019immeubles. Nous pouvons \u00e9galement vous fournir notre expertise environnementale avec des firmes d\u2019architectures et de constructions pour des projets de restauration ou de construction de nouveaux b\u00e2timents. &nbsp; &nbsp; &nbsp; &nbsp; &nbsp; &nbsp; &nbsp;Notre gamme de services comprend\u00a0:\u00c9valuations environnementales : R\u00e9alisation d&#8217;\u00e9valuations environnementales de site de phase I, II et III afin d&#8217;identifier les risques et les responsabilit\u00e9s potentielles en mati\u00e8re d&#8217;environnement. Services d&#8217;assainissement des sites contamin\u00e9s, permettant le red\u00e9veloppement et la revitalisation des friches industrielles. Documentation sur l&#8217;\u00e9tat des sites pour les transactions immobili\u00e8res et la mise en conformit\u00e9. Qualit\u00e9 de l&#8217;eau potable et respect des r\u00e8glements relatifs \u00e0 l&#8217;utilisation des \u00e9gouts. Gestion des mati\u00e8res dangereuses : \u00c9tudes et \u00e9valuations compl\u00e8tes de l&#8217;amiante, des moisissures, du plomb et de la silice. Mise en \u0153uvre de programmes de gestion des substances dangereuses, garantissant des environnements immobiliers s\u00fbrs et conformes. Formation de sensibilisation aux mati\u00e8res dangereuses pour le personnel charg\u00e9 de la gestion des biens immobiliers. Estimation des co\u00fbts des obligations de mise hors service des biens (ARO) pour la mise hors service des biens appartenant \u00e0 l&#8217;\u00c9tat Assurance de la qualit\u00e9 de l&#8217;air int\u00e9rieur\u00a0: \u00c9valuations et [&hellip;]<\/p>\n","protected":false},"author":3,"featured_media":0,"parent":952,"menu_order":0,"comment_status":"closed","ping_status":"closed","template":"","meta":{"_acf_changed":false,"_et_pb_use_builder":"on","_et_pb_old_content":"","_et_gb_content_width":"","footnotes":""},"class_list":["post-7782","page","type-page","status-publish","hentry"],"acf":[],"yoast_head":"<!-- This site is optimized with the Yoast SEO plugin v27.3 - https:\/\/yoast.com\/product\/yoast-seo-wordpress\/ -->\n<title>Gestion d\u2019immeubles - T. Harris<\/title>\n<meta name=\"robots\" content=\"index, follow, max-snippet:-1, max-image-preview:large, max-video-preview:-1\" \/>\n<link rel=\"canonical\" href=\"https:\/\/tharris.ca\/markets-we-serve\/property-management\/\" \/>\n<meta property=\"og:locale\" content=\"fr_FR\" \/>\n<meta property=\"og:type\" content=\"article\" \/>\n<meta property=\"og:title\" content=\"Gestion d\u2019immeubles - T. Harris\" \/>\n<meta property=\"og:description\" content=\"Gestion d\u2019immeublesDepuis 1979, nous offrons des services environnementaux in\u00e9gal\u00e9s \u00e0 notre client\u00e8le de gestionnaires d\u2019immeubles. Nous pouvons \u00e9galement vous fournir notre expertise environnementale avec des firmes d\u2019architectures et de constructions pour des projets de restauration ou de construction de nouveaux b\u00e2timents. &nbsp; &nbsp; &nbsp; &nbsp; &nbsp; &nbsp; &nbsp;Notre gamme de services comprend\u00a0:\u00c9valuations environnementales : R\u00e9alisation d&#039;\u00e9valuations environnementales de site de phase I, II et III afin d&#039;identifier les risques et les responsabilit\u00e9s potentielles en mati\u00e8re d&#039;environnement. Services d&#039;assainissement des sites contamin\u00e9s, permettant le red\u00e9veloppement et la revitalisation des friches industrielles. Documentation sur l&#039;\u00e9tat des sites pour les transactions immobili\u00e8res et la mise en conformit\u00e9. Qualit\u00e9 de l&#039;eau potable et respect des r\u00e8glements relatifs \u00e0 l&#039;utilisation des \u00e9gouts. Gestion des mati\u00e8res dangereuses : \u00c9tudes et \u00e9valuations compl\u00e8tes de l&#039;amiante, des moisissures, du plomb et de la silice. Mise en \u0153uvre de programmes de gestion des substances dangereuses, garantissant des environnements immobiliers s\u00fbrs et conformes. Formation de sensibilisation aux mati\u00e8res dangereuses pour le personnel charg\u00e9 de la gestion des biens immobiliers. Estimation des co\u00fbts des obligations de mise hors service des biens (ARO) pour la mise hors service des biens appartenant \u00e0 l&#039;\u00c9tat Assurance de la qualit\u00e9 de l&#039;air int\u00e9rieur\u00a0: \u00c9valuations et [&hellip;]\" \/>\n<meta property=\"og:url\" content=\"https:\/\/tharris.ca\/markets-we-serve\/property-management\/\" \/>\n<meta property=\"og:site_name\" content=\"T. Harris\" \/>\n<meta property=\"article:publisher\" content=\"https:\/\/www.facebook.com\/THarrisEnv\" \/>\n<meta property=\"article:modified_time\" content=\"2024-08-09T10:09:39+00:00\" \/>\n<meta name=\"twitter:card\" content=\"summary_large_image\" \/>\n<meta name=\"twitter:site\" content=\"@THarrisEnviro\" \/>\n<meta name=\"twitter:label1\" content=\"Est. reading time\" \/>\n\t<meta name=\"twitter:data1\" content=\"2 minutes\" \/>\n<script type=\"application\/ld+json\" class=\"yoast-schema-graph\">{\"@context\":\"https:\\\/\\\/schema.org\",\"@graph\":[{\"@type\":\"WebPage\",\"@id\":\"https:\\\/\\\/tharris.ca\\\/markets-we-serve\\\/property-management\\\/\",\"url\":\"https:\\\/\\\/tharris.ca\\\/markets-we-serve\\\/property-management\\\/\",\"name\":\"Gestion d\u2019immeubles - T. Harris\",\"isPartOf\":{\"@id\":\"https:\\\/\\\/tharris.ca\\\/#website\"},\"datePublished\":\"2024-05-15T16:59:15+00:00\",\"dateModified\":\"2024-08-09T10:09:39+00:00\",\"breadcrumb\":{\"@id\":\"https:\\\/\\\/tharris.ca\\\/markets-we-serve\\\/property-management\\\/#breadcrumb\"},\"inLanguage\":\"fr-FR\",\"potentialAction\":[{\"@type\":\"ReadAction\",\"target\":[\"https:\\\/\\\/tharris.ca\\\/markets-we-serve\\\/property-management\\\/\"]}]},{\"@type\":\"BreadcrumbList\",\"@id\":\"https:\\\/\\\/tharris.ca\\\/markets-we-serve\\\/property-management\\\/#breadcrumb\",\"itemListElement\":[{\"@type\":\"ListItem\",\"position\":1,\"name\":\"Home\",\"item\":\"https:\\\/\\\/tharris.ca\\\/\"},{\"@type\":\"ListItem\",\"position\":2,\"name\":\"Sectures de Marche\",\"item\":\"https:\\\/\\\/tharris.ca\\\/markets-we-serve\\\/\"},{\"@type\":\"ListItem\",\"position\":3,\"name\":\"Gestion d\u2019immeubles\"}]},{\"@type\":\"WebSite\",\"@id\":\"https:\\\/\\\/tharris.ca\\\/#website\",\"url\":\"https:\\\/\\\/tharris.ca\\\/\",\"name\":\"T. Harris\",\"description\":\"Environmental Management\",\"publisher\":{\"@id\":\"https:\\\/\\\/tharris.ca\\\/#organization\"},\"potentialAction\":[{\"@type\":\"SearchAction\",\"target\":{\"@type\":\"EntryPoint\",\"urlTemplate\":\"https:\\\/\\\/tharris.ca\\\/?s={search_term_string}\"},\"query-input\":{\"@type\":\"PropertyValueSpecification\",\"valueRequired\":true,\"valueName\":\"search_term_string\"}}],\"inLanguage\":\"fr-FR\"},{\"@type\":\"Organization\",\"@id\":\"https:\\\/\\\/tharris.ca\\\/#organization\",\"name\":\"T Harris Environmental Management Inc.\",\"url\":\"https:\\\/\\\/tharris.ca\\\/\",\"logo\":{\"@type\":\"ImageObject\",\"inLanguage\":\"fr-FR\",\"@id\":\"https:\\\/\\\/tharris.ca\\\/#\\\/schema\\\/logo\\\/image\\\/\",\"url\":\"https:\\\/\\\/tharris.ca\\\/wp-content\\\/uploads\\\/2022\\\/05\\\/Logo-EN-Horizontal-300-1.png\",\"contentUrl\":\"https:\\\/\\\/tharris.ca\\\/wp-content\\\/uploads\\\/2022\\\/05\\\/Logo-EN-Horizontal-300-1.png\",\"width\":961,\"height\":249,\"caption\":\"T Harris Environmental Management Inc.\"},\"image\":{\"@id\":\"https:\\\/\\\/tharris.ca\\\/#\\\/schema\\\/logo\\\/image\\\/\"},\"sameAs\":[\"https:\\\/\\\/www.facebook.com\\\/THarrisEnv\",\"https:\\\/\\\/x.com\\\/THarrisEnviro\",\"https:\\\/\\\/www.linkedin.com\\\/company\\\/t-harris-environmental-management-gestion-environnementale-t-harris-them-geth-inc-\\\/mycompany\\\/?viewAsMember=true\",\"https:\\\/\\\/www.instagram.com\\\/tharrisenvironmental\\\/\",\"https:\\\/\\\/www.youtube.com\\\/channel\\\/UC6A5FXciiu4wPRDBSowX9aQ\"]}]}<\/script>\n<!-- \/ Yoast SEO plugin. -->","yoast_head_json":{"title":"Gestion d\u2019immeubles - T. Harris","robots":{"index":"index","follow":"follow","max-snippet":"max-snippet:-1","max-image-preview":"max-image-preview:large","max-video-preview":"max-video-preview:-1"},"canonical":"https:\/\/tharris.ca\/markets-we-serve\/property-management\/","og_locale":"fr_FR","og_type":"article","og_title":"Gestion d\u2019immeubles - T. Harris","og_description":"Gestion d\u2019immeublesDepuis 1979, nous offrons des services environnementaux in\u00e9gal\u00e9s \u00e0 notre client\u00e8le de gestionnaires d\u2019immeubles. Nous pouvons \u00e9galement vous fournir notre expertise environnementale avec des firmes d\u2019architectures et de constructions pour des projets de restauration ou de construction de nouveaux b\u00e2timents. &nbsp; &nbsp; &nbsp; &nbsp; &nbsp; &nbsp; &nbsp;Notre gamme de services comprend\u00a0:\u00c9valuations environnementales : R\u00e9alisation d'\u00e9valuations environnementales de site de phase I, II et III afin d'identifier les risques et les responsabilit\u00e9s potentielles en mati\u00e8re d'environnement. Services d'assainissement des sites contamin\u00e9s, permettant le red\u00e9veloppement et la revitalisation des friches industrielles. Documentation sur l'\u00e9tat des sites pour les transactions immobili\u00e8res et la mise en conformit\u00e9. Qualit\u00e9 de l'eau potable et respect des r\u00e8glements relatifs \u00e0 l'utilisation des \u00e9gouts. Gestion des mati\u00e8res dangereuses : \u00c9tudes et \u00e9valuations compl\u00e8tes de l'amiante, des moisissures, du plomb et de la silice. Mise en \u0153uvre de programmes de gestion des substances dangereuses, garantissant des environnements immobiliers s\u00fbrs et conformes. Formation de sensibilisation aux mati\u00e8res dangereuses pour le personnel charg\u00e9 de la gestion des biens immobiliers. Estimation des co\u00fbts des obligations de mise hors service des biens (ARO) pour la mise hors service des biens appartenant \u00e0 l'\u00c9tat Assurance de la qualit\u00e9 de l'air int\u00e9rieur\u00a0: \u00c9valuations et [&hellip;]","og_url":"https:\/\/tharris.ca\/markets-we-serve\/property-management\/","og_site_name":"T. Harris","article_publisher":"https:\/\/www.facebook.com\/THarrisEnv","article_modified_time":"2024-08-09T10:09:39+00:00","twitter_card":"summary_large_image","twitter_site":"@THarrisEnviro","twitter_misc":{"Est. reading time":"2 minutes"},"schema":{"@context":"https:\/\/schema.org","@graph":[{"@type":"WebPage","@id":"https:\/\/tharris.ca\/markets-we-serve\/property-management\/","url":"https:\/\/tharris.ca\/markets-we-serve\/property-management\/","name":"Gestion d\u2019immeubles - T. Harris","isPartOf":{"@id":"https:\/\/tharris.ca\/#website"},"datePublished":"2024-05-15T16:59:15+00:00","dateModified":"2024-08-09T10:09:39+00:00","breadcrumb":{"@id":"https:\/\/tharris.ca\/markets-we-serve\/property-management\/#breadcrumb"},"inLanguage":"fr-FR","potentialAction":[{"@type":"ReadAction","target":["https:\/\/tharris.ca\/markets-we-serve\/property-management\/"]}]},{"@type":"BreadcrumbList","@id":"https:\/\/tharris.ca\/markets-we-serve\/property-management\/#breadcrumb","itemListElement":[{"@type":"ListItem","position":1,"name":"Home","item":"https:\/\/tharris.ca\/"},{"@type":"ListItem","position":2,"name":"Sectures de Marche","item":"https:\/\/tharris.ca\/markets-we-serve\/"},{"@type":"ListItem","position":3,"name":"Gestion d\u2019immeubles"}]},{"@type":"WebSite","@id":"https:\/\/tharris.ca\/#website","url":"https:\/\/tharris.ca\/","name":"T. Harris","description":"Environmental Management","publisher":{"@id":"https:\/\/tharris.ca\/#organization"},"potentialAction":[{"@type":"SearchAction","target":{"@type":"EntryPoint","urlTemplate":"https:\/\/tharris.ca\/?s={search_term_string}"},"query-input":{"@type":"PropertyValueSpecification","valueRequired":true,"valueName":"search_term_string"}}],"inLanguage":"fr-FR"},{"@type":"Organization","@id":"https:\/\/tharris.ca\/#organization","name":"T Harris Environmental Management Inc.","url":"https:\/\/tharris.ca\/","logo":{"@type":"ImageObject","inLanguage":"fr-FR","@id":"https:\/\/tharris.ca\/#\/schema\/logo\/image\/","url":"https:\/\/tharris.ca\/wp-content\/uploads\/2022\/05\/Logo-EN-Horizontal-300-1.png","contentUrl":"https:\/\/tharris.ca\/wp-content\/uploads\/2022\/05\/Logo-EN-Horizontal-300-1.png","width":961,"height":249,"caption":"T Harris Environmental Management Inc."},"image":{"@id":"https:\/\/tharris.ca\/#\/schema\/logo\/image\/"},"sameAs":["https:\/\/www.facebook.com\/THarrisEnv","https:\/\/x.com\/THarrisEnviro","https:\/\/www.linkedin.com\/company\/t-harris-environmental-management-gestion-environnementale-t-harris-them-geth-inc-\/mycompany\/?viewAsMember=true","https:\/\/www.instagram.com\/tharrisenvironmental\/","https:\/\/www.youtube.com\/channel\/UC6A5FXciiu4wPRDBSowX9aQ"]}]}},"_links":{"self":[{"href":"https:\/\/tharris.ca\/fr\/wp-json\/wp\/v2\/pages\/7782","targetHints":{"allow":["GET"]}}],"collection":[{"href":"https:\/\/tharris.ca\/fr\/wp-json\/wp\/v2\/pages"}],"about":[{"href":"https:\/\/tharris.ca\/fr\/wp-json\/wp\/v2\/types\/page"}],"author":[{"embeddable":true,"href":"https:\/\/tharris.ca\/fr\/wp-json\/wp\/v2\/users\/3"}],"replies":[{"embeddable":true,"href":"https:\/\/tharris.ca\/fr\/wp-json\/wp\/v2\/comments?post=7782"}],"version-history":[{"count":0,"href":"https:\/\/tharris.ca\/fr\/wp-json\/wp\/v2\/pages\/7782\/revisions"}],"up":[{"embeddable":true,"href":"https:\/\/tharris.ca\/fr\/wp-json\/wp\/v2\/pages\/952"}],"wp:attachment":[{"href":"https:\/\/tharris.ca\/fr\/wp-json\/wp\/v2\/media?parent=7782"}],"curies":[{"name":"wp","href":"https:\/\/api.w.org\/{rel}","templated":true}]}}