{"id":7786,"date":"2024-05-15T12:59:23","date_gmt":"2024-05-15T16:59:23","guid":{"rendered":"https:\/\/tharris.ca\/?page_id=7786"},"modified":"2024-08-09T06:12:17","modified_gmt":"2024-08-09T10:12:17","slug":"hopitaux-et-etablissements-de-sante","status":"publish","type":"page","link":"https:\/\/tharris.ca\/fr\/sectures-de-marche\/hopitaux-et-etablissements-de-sante\/","title":{"rendered":"H\u00f4pitaux et \u00e9tablissements de sant\u00e9"},"content":{"rendered":"<p>[et_pb_section fb_built=&#8221;1&#8243; custom_padding_last_edited=&#8221;on|phone&#8221; admin_label=&#8221;Header&#8221; _builder_version=&#8221;4.27.0&#8243; _module_preset=&#8221;default&#8221; background_enable_color=&#8221;off&#8221; background_enable_image=&#8221;off&#8221; background_position=&#8221;top_center&#8221; custom_margin=&#8221;||||false|false&#8221; custom_padding=&#8221;248px|12vw|0px|12vw|false|true&#8221; custom_padding_tablet=&#8221;200px||0px||false|true&#8221; custom_padding_phone=&#8221;190px||0px||false|true&#8221; hover_enabled=&#8221;0&#8243; background_last_edited=&#8221;off|desktop&#8221; use_background_color_gradient_tablet=&#8221;on&#8221; use_background_color_gradient_phone=&#8221;on&#8221; background_color_gradient_direction_tablet=&#8221;90deg&#8221; background_color_gradient_stops_tablet=&#8221;#eeeeee 18%|rgba(255,255,255,0.51) 100%&#8221; background_color_gradient_stops_phone=&#8221;rgba(43,43,43,0.65) 100%|#29c4a9 100%&#8221; background_color_gradient_start_tablet=&#8221;rgba(43,43,43,0.65)&#8221; background_color_gradient_start_phone=&#8221;rgba(43,43,43,0.65)&#8221; background_color_gradient_start_position_phone=&#8221;0%&#8221; background_color_gradient_end_position_tablet=&#8221;100%&#8221; background_color_gradient_end_position_phone=&#8221;100%&#8221; locked=&#8221;off&#8221; global_colors_info=&#8221;{}&#8221; sticky_enabled=&#8221;0&#8243;][et_pb_row _builder_version=&#8221;4.17.4&#8243; _module_preset=&#8221;default&#8221; background_color=&#8221;RGBA(255,255,255,0)&#8221; width=&#8221;100%&#8221; max_width=&#8221;100%&#8221; max_width_tablet=&#8221;100%&#8221; max_width_phone=&#8221;100%&#8221; max_width_last_edited=&#8221;on|tablet&#8221; module_alignment=&#8221;left&#8221; global_colors_info=&#8221;{}&#8221;][et_pb_column type=&#8221;4_4&#8243; _builder_version=&#8221;4.16&#8243; _module_preset=&#8221;default&#8221; global_colors_info=&#8221;{}&#8221;][et_pb_text _builder_version=&#8221;4.27.0&#8243; _module_preset=&#8221;b548e066-77dc-45f0-82ba-7e55f7fa1d60&#8243; header_font=&#8221;Raleway|300|||||||&#8221; header_text_color=&#8221;#274953&#8243; header_font_size=&#8221;7em&#8221; header_2_text_color=&#8221;#FFFFFF&#8221; background_color=&#8221;RGBA(255,255,255,0)&#8221; custom_margin=&#8221;0px||0px||false|false&#8221; custom_margin_tablet=&#8221;||0px||false|false&#8221; custom_margin_phone=&#8221;||0px||false|false&#8221; custom_margin_last_edited=&#8221;on|phone&#8221; custom_padding=&#8221;0px||||false|false&#8221; animation_style=&#8221;slide&#8221; animation_direction=&#8221;bottom&#8221; animation_delay=&#8221;150ms&#8221; animation_intensity_slide=&#8221;15%&#8221; animation_speed_curve=&#8221;ease&#8221; hover_enabled=&#8221;0&#8243; text_font_size_tablet=&#8221;1.25em&#8221; header_font_size_tablet=&#8221;4em&#8221; header_font_size_phone=&#8221;4em&#8221; global_colors_info=&#8221;{}&#8221; sticky_enabled=&#8221;0&#8243; header_font_size_last_edited=&#8221;on|phone&#8221;]<\/p>\n<h1>H\u00f4pitaux et \u00e9tablissements de sant\u00e9<\/h1>\n<p>[\/et_pb_text][\/et_pb_column][\/et_pb_row][\/et_pb_section][et_pb_section fb_built=&#8221;1&#8243; custom_padding_last_edited=&#8221;on|phone&#8221; admin_label=&#8221;Content Layout&#8221; _builder_version=&#8221;4.27.0&#8243; _module_preset=&#8221;default&#8221; background_enable_color=&#8221;off&#8221; background_enable_image=&#8221;off&#8221; background_size=&#8221;contain&#8221; background_position=&#8221;bottom_center&#8221; custom_padding=&#8221;0px|12vw|0px|12vw|true|true&#8221; custom_padding_tablet=&#8221;0px|10vw|80px|10vw|false|true&#8221; custom_padding_phone=&#8221;0px|10vw|50px|10vw|false|true&#8221; hover_enabled=&#8221;0&#8243; background_last_edited=&#8221;on|tablet&#8221; background_size_tablet=&#8221;cover&#8221; locked=&#8221;off&#8221; global_colors_info=&#8221;{}&#8221; sticky_enabled=&#8221;0&#8243;][et_pb_row use_custom_gutter=&#8221;on&#8221; gutter_width=&#8221;2&#8243; _builder_version=&#8221;4.27.0&#8243; _module_preset=&#8221;default&#8221; width=&#8221;100%&#8221; max_width=&#8221;100%&#8221; hover_enabled=&#8221;0&#8243; global_colors_info=&#8221;{}&#8221; custom_padding=&#8221;0px||||false|false&#8221; sticky_enabled=&#8221;0&#8243;][et_pb_column type=&#8221;4_4&#8243; _builder_version=&#8221;4.17.4&#8243; _module_preset=&#8221;default&#8221; global_colors_info=&#8221;{}&#8221;][et_pb_text _builder_version=&#8221;4.25.0&#8243; _module_preset=&#8221;default&#8221; text_font=&#8221;Poppins||||||||&#8221; text_text_color=&#8221;#274953&#8243; text_font_size=&#8221;20px&#8221; text_line_height=&#8221;1.8em&#8221; header_3_font=&#8221;Poppins|600|||||||&#8221; header_3_text_color=&#8221;#274953&#8243; z_index=&#8221;3&#8243; max_width=&#8221;100%&#8221; max_width_tablet=&#8221;100%&#8221; max_width_phone=&#8221;100%&#8221; max_width_last_edited=&#8221;on|phone&#8221; animation_style=&#8221;slide&#8221; animation_direction=&#8221;left&#8221; animation_delay=&#8221;200ms&#8221; animation_intensity_slide=&#8221;13%&#8221; global_colors_info=&#8221;{}&#8221;]<\/p>\n<h2>Notre \u00e9quipe de sp\u00e9cialistes form\u00e9e d\u2019hygi\u00e9nistes industriels agr\u00e9\u00e9s (CIH) et d\u2019hygi\u00e9nistes du travail agr\u00e9\u00e9s (ROH) fournit son expertise \u00e0 notre client\u00e8le du milieu hospitalier depuis de nombreuses ann\u00e9es. Nous offrons des services d\u2019\u00e9chantillonnage et d\u2019analyse d\u2019air pour mesurer l\u2019exposition des travailleurs de salles d\u2019op\u00e9ration et de laboratoires aux diff\u00e9rents produits chimiques.<\/h2>\n<p>&nbsp;<\/p>\n<p>[\/et_pb_text][et_pb_text _builder_version=&#8221;4.25.0&#8243; _module_preset=&#8221;default&#8221; text_font=&#8221;Poppins||||||||&#8221; text_text_color=&#8221;#274953&#8243; text_font_size=&#8221;20px&#8221; text_line_height=&#8221;1.8em&#8221; header_3_font=&#8221;Poppins|600|||||||&#8221; header_3_text_color=&#8221;#274953&#8243; background_image=&#8221;https:\/\/tharris.ca\/wp-content\/uploads\/2024\/05\/Website-Images-1.jpg&#8221; z_index=&#8221;3&#8243; max_width=&#8221;100%&#8221; max_width_tablet=&#8221;100%&#8221; max_width_phone=&#8221;100%&#8221; max_width_last_edited=&#8221;on|phone&#8221; animation_style=&#8221;slide&#8221; animation_direction=&#8221;left&#8221; animation_delay=&#8221;200ms&#8221; animation_intensity_slide=&#8221;13%&#8221; global_colors_info=&#8221;{}&#8221;]<\/p>\n<p>&nbsp;<\/p>\n<p>&nbsp;<\/p>\n<p>&nbsp;<\/p>\n<p>&nbsp;<\/p>\n<p>&nbsp;<\/p>\n<p>&nbsp;<\/p>\n<p>&nbsp;<\/p>\n<p>[\/et_pb_text][et_pb_text _builder_version=&#8221;4.25.0&#8243; _module_preset=&#8221;default&#8221; text_font=&#8221;Poppins||||||||&#8221; text_text_color=&#8221;#274953&#8243; text_font_size=&#8221;20px&#8221; text_line_height=&#8221;1.8em&#8221; header_3_font=&#8221;Poppins|600|||||||&#8221; header_3_text_color=&#8221;#274953&#8243; z_index=&#8221;3&#8243; max_width=&#8221;100%&#8221; max_width_tablet=&#8221;100%&#8221; max_width_phone=&#8221;100%&#8221; max_width_last_edited=&#8221;on|phone&#8221; animation_style=&#8221;slide&#8221; animation_direction=&#8221;left&#8221; animation_delay=&#8221;200ms&#8221; animation_intensity_slide=&#8221;13%&#8221; global_colors_info=&#8221;{}&#8221;]<\/p>\n<h3>Notre gamme de services comprend\u00a0:<\/h3>\n<p>[\/et_pb_text][\/et_pb_column][\/et_pb_row][et_pb_row column_structure=&#8221;1_2,1_2&#8243; use_custom_gutter=&#8221;on&#8221; gutter_width=&#8221;2&#8243; _builder_version=&#8221;4.17.4&#8243; _module_preset=&#8221;default&#8221; width=&#8221;100%&#8221; max_width=&#8221;100%&#8221; global_colors_info=&#8221;{}&#8221;][et_pb_column type=&#8221;1_2&#8243; _builder_version=&#8221;4.17.4&#8243; _module_preset=&#8221;default&#8221; global_colors_info=&#8221;{}&#8221;][et_pb_text _builder_version=&#8221;4.17.4&#8243; _module_preset=&#8221;default&#8221; text_font=&#8221;Poppins||||||||&#8221; text_text_color=&#8221;#274953&#8243; text_font_size=&#8221;20px&#8221; text_line_height=&#8221;1.8em&#8221; header_3_font=&#8221;Poppins|600|||||||&#8221; header_3_text_color=&#8221;#274953&#8243; z_index=&#8221;3&#8243; max_width=&#8221;100%&#8221; max_width_tablet=&#8221;100%&#8221; max_width_phone=&#8221;100%&#8221; max_width_last_edited=&#8221;on|phone&#8221; animation_style=&#8221;slide&#8221; animation_direction=&#8221;left&#8221; animation_delay=&#8221;200ms&#8221; animation_intensity_slide=&#8221;13%&#8221; global_colors_info=&#8221;{}&#8221;]<\/p>\n<p><strong>Services environnementaux :<\/strong><\/p>\n<ul>\n<li>Syst\u00e8mes de gestion de l&#8217;environnement<\/li>\n<li>Audits et services de gestion des d\u00e9chets<\/li>\n<li>\u00c9valuations de la qualit\u00e9 de l&#8217;air int\u00e9rieur<\/li>\n<li>Contr\u00f4le de la contamination microbiologique<\/li>\n<li>\u00c9valuation des m\u00e9dicaments dangereux \/ cytotoxiques<\/li>\n<li>Gaz anesth\u00e9siques et \u00e9valuation des d\u00e9sinfectants \/ st\u00e9rilisants \/ oxyde d&#8217;\u00e9thyl\u00e8ne<\/li>\n<\/ul>\n<p><strong>Gestion des mati\u00e8res dangereuses :<\/strong><\/p>\n<ul>\n<li>Enqu\u00eate et assainissement concernant l&#8217;amiante, les moisissures, le plomb et la silice<\/li>\n<li>Gestion des mat\u00e9riaux de construction dangereux<\/li>\n<li>Mod\u00e9lisation de l&#8217;exposition professionnelle aux produits chimiques<\/li>\n<li>Test d&#8217;ajustement des respirateurs<\/li>\n<\/ul>\n<p>[\/et_pb_text][\/et_pb_column][et_pb_column type=&#8221;1_2&#8243; _builder_version=&#8221;4.17.4&#8243; _module_preset=&#8221;default&#8221; global_colors_info=&#8221;{}&#8221;][et_pb_text _builder_version=&#8221;4.17.4&#8243; _module_preset=&#8221;default&#8221; text_font=&#8221;Poppins||||||||&#8221; text_text_color=&#8221;#274953&#8243; text_font_size=&#8221;20px&#8221; text_line_height=&#8221;1.8em&#8221; header_3_font=&#8221;Poppins|600|||||||&#8221; header_3_text_color=&#8221;#274953&#8243; z_index=&#8221;3&#8243; max_width=&#8221;100%&#8221; max_width_tablet=&#8221;100%&#8221; max_width_phone=&#8221;100%&#8221; max_width_last_edited=&#8221;on|phone&#8221; animation_style=&#8221;slide&#8221; animation_direction=&#8221;left&#8221; animation_delay=&#8221;200ms&#8221; animation_intensity_slide=&#8221;13%&#8221; locked=&#8221;off&#8221; global_colors_info=&#8221;{}&#8221;]<\/p>\n<p><strong>Sant\u00e9 et s\u00e9curit\u00e9 au travail :<\/strong><\/p>\n<ul>\n<li>Sessions de formation \u00e0 la s\u00e9curit\u00e9<\/li>\n<li>Audits de s\u00e9curit\u00e9 sur le lieu de travail<\/li>\n<li>Contr\u00f4le de l&#8217;exposition professionnelle<\/li>\n<li>Audits de conformit\u00e9 des \u00e9quipements de s\u00e9curit\u00e9<\/li>\n<li>\u00c9valuations ergonomiques<\/li>\n<li>Gestion des biens et diligence raisonnable :<\/li>\n<li>Phase I, II et III de l&#8217;\u00e9valuation environnementale des sites<\/li>\n<li>\u00c9valuations de la diligence raisonnable des transactions immobili\u00e8res<\/li>\n<li>Consultation sur le r\u00e9am\u00e9nagement des friches industrielles<\/li>\n<\/ul>\n<p>[\/et_pb_text][\/et_pb_column][\/et_pb_row][et_pb_row use_custom_gutter=&#8221;on&#8221; gutter_width=&#8221;2&#8243; _builder_version=&#8221;4.17.4&#8243; _module_preset=&#8221;default&#8221; width=&#8221;100%&#8221; max_width=&#8221;100%&#8221; global_colors_info=&#8221;{}&#8221;][et_pb_column type=&#8221;4_4&#8243; _builder_version=&#8221;4.17.4&#8243; _module_preset=&#8221;default&#8221; global_colors_info=&#8221;{}&#8221;][et_pb_text _builder_version=&#8221;4.25.0&#8243; _module_preset=&#8221;default&#8221; text_font=&#8221;Poppins||||||||&#8221; text_text_color=&#8221;#274953&#8243; text_font_size=&#8221;20px&#8221; text_line_height=&#8221;1.8em&#8221; header_3_font=&#8221;Poppins|600|||||||&#8221; header_3_text_color=&#8221;#274953&#8243; z_index=&#8221;3&#8243; max_width=&#8221;100%&#8221; max_width_tablet=&#8221;100%&#8221; max_width_phone=&#8221;100%&#8221; max_width_last_edited=&#8221;on|phone&#8221; animation_style=&#8221;slide&#8221; animation_direction=&#8221;left&#8221; animation_delay=&#8221;200ms&#8221; animation_intensity_slide=&#8221;13%&#8221; global_colors_info=&#8221;{}&#8221;]<\/p>\n<p>Pour plus d&#8217;informations, <span><a href=\"https:\/\/tharris.ca\/fr\/contactez-nous\/\">contactez-nous<\/a><\/span> ou remplissez le formulaire ci-dessous !<\/p>\n<p>[\/et_pb_text][\/et_pb_column][\/et_pb_row][\/et_pb_section]<\/p>\n","protected":false},"excerpt":{"rendered":"<p>H\u00f4pitaux et \u00e9tablissements de sant\u00e9Notre \u00e9quipe de sp\u00e9cialistes form\u00e9e d\u2019hygi\u00e9nistes industriels agr\u00e9\u00e9s (CIH) et d\u2019hygi\u00e9nistes du travail agr\u00e9\u00e9s (ROH) fournit son expertise \u00e0 notre client\u00e8le du milieu hospitalier depuis de nombreuses ann\u00e9es. Nous offrons des services d\u2019\u00e9chantillonnage et d\u2019analyse d\u2019air pour mesurer l\u2019exposition des travailleurs de salles d\u2019op\u00e9ration et de laboratoires aux diff\u00e9rents produits chimiques. &nbsp;&nbsp; &nbsp; &nbsp; &nbsp; &nbsp; &nbsp; &nbsp;Notre gamme de services comprend\u00a0:Services environnementaux : Syst\u00e8mes de gestion de l&#8217;environnement Audits et services de gestion des d\u00e9chets \u00c9valuations de la qualit\u00e9 de l&#8217;air int\u00e9rieur Contr\u00f4le de la contamination microbiologique \u00c9valuation des m\u00e9dicaments dangereux \/ cytotoxiques Gaz anesth\u00e9siques et \u00e9valuation des d\u00e9sinfectants \/ st\u00e9rilisants \/ oxyde d&#8217;\u00e9thyl\u00e8ne Gestion des mati\u00e8res dangereuses : Enqu\u00eate et assainissement concernant l&#8217;amiante, les moisissures, le plomb et la silice Gestion des mat\u00e9riaux de construction dangereux Mod\u00e9lisation de l&#8217;exposition professionnelle aux produits chimiques Test d&#8217;ajustement des respirateurs Sant\u00e9 et s\u00e9curit\u00e9 au travail : Sessions de formation \u00e0 la s\u00e9curit\u00e9 Audits de s\u00e9curit\u00e9 sur le lieu de travail Contr\u00f4le de l&#8217;exposition professionnelle Audits de conformit\u00e9 des \u00e9quipements de s\u00e9curit\u00e9 \u00c9valuations ergonomiques Gestion des biens et diligence raisonnable : Phase I, II et III de l&#8217;\u00e9valuation environnementale des sites \u00c9valuations de la diligence raisonnable des transactions [&hellip;]<\/p>\n","protected":false},"author":3,"featured_media":0,"parent":952,"menu_order":0,"comment_status":"closed","ping_status":"closed","template":"","meta":{"_acf_changed":false,"_et_pb_use_builder":"on","_et_pb_old_content":"","_et_gb_content_width":"","footnotes":""},"class_list":["post-7786","page","type-page","status-publish","hentry"],"acf":[],"yoast_head":"<!-- This site is optimized with the Yoast SEO plugin v27.3 - https:\/\/yoast.com\/product\/yoast-seo-wordpress\/ -->\n<title>H\u00f4pitaux et \u00e9tablissements de sant\u00e9 - T. Harris<\/title>\n<meta name=\"robots\" content=\"index, follow, max-snippet:-1, max-image-preview:large, max-video-preview:-1\" \/>\n<link rel=\"canonical\" href=\"https:\/\/tharris.ca\/markets-we-serve\/hospitals-and-health-care-facilities\/\" \/>\n<meta property=\"og:locale\" content=\"fr_FR\" \/>\n<meta property=\"og:type\" content=\"article\" \/>\n<meta property=\"og:title\" content=\"H\u00f4pitaux et \u00e9tablissements de sant\u00e9 - T. Harris\" \/>\n<meta property=\"og:description\" content=\"H\u00f4pitaux et \u00e9tablissements de sant\u00e9Notre \u00e9quipe de sp\u00e9cialistes form\u00e9e d\u2019hygi\u00e9nistes industriels agr\u00e9\u00e9s (CIH) et d\u2019hygi\u00e9nistes du travail agr\u00e9\u00e9s (ROH) fournit son expertise \u00e0 notre client\u00e8le du milieu hospitalier depuis de nombreuses ann\u00e9es. Nous offrons des services d\u2019\u00e9chantillonnage et d\u2019analyse d\u2019air pour mesurer l\u2019exposition des travailleurs de salles d\u2019op\u00e9ration et de laboratoires aux diff\u00e9rents produits chimiques. &nbsp;&nbsp; &nbsp; &nbsp; &nbsp; &nbsp; &nbsp; &nbsp;Notre gamme de services comprend\u00a0:Services environnementaux : Syst\u00e8mes de gestion de l&#039;environnement Audits et services de gestion des d\u00e9chets \u00c9valuations de la qualit\u00e9 de l&#039;air int\u00e9rieur Contr\u00f4le de la contamination microbiologique \u00c9valuation des m\u00e9dicaments dangereux \/ cytotoxiques Gaz anesth\u00e9siques et \u00e9valuation des d\u00e9sinfectants \/ st\u00e9rilisants \/ oxyde d&#039;\u00e9thyl\u00e8ne Gestion des mati\u00e8res dangereuses : Enqu\u00eate et assainissement concernant l&#039;amiante, les moisissures, le plomb et la silice Gestion des mat\u00e9riaux de construction dangereux Mod\u00e9lisation de l&#039;exposition professionnelle aux produits chimiques Test d&#039;ajustement des respirateurs Sant\u00e9 et s\u00e9curit\u00e9 au travail : Sessions de formation \u00e0 la s\u00e9curit\u00e9 Audits de s\u00e9curit\u00e9 sur le lieu de travail Contr\u00f4le de l&#039;exposition professionnelle Audits de conformit\u00e9 des \u00e9quipements de s\u00e9curit\u00e9 \u00c9valuations ergonomiques Gestion des biens et diligence raisonnable : Phase I, II et III de l&#039;\u00e9valuation environnementale des sites \u00c9valuations de la diligence raisonnable des transactions [&hellip;]\" \/>\n<meta property=\"og:url\" content=\"https:\/\/tharris.ca\/markets-we-serve\/hospitals-and-health-care-facilities\/\" \/>\n<meta property=\"og:site_name\" content=\"T. Harris\" \/>\n<meta property=\"article:publisher\" content=\"https:\/\/www.facebook.com\/THarrisEnv\" \/>\n<meta property=\"article:modified_time\" content=\"2024-08-09T10:12:17+00:00\" \/>\n<meta name=\"twitter:card\" content=\"summary_large_image\" \/>\n<meta name=\"twitter:site\" content=\"@THarrisEnviro\" \/>\n<script type=\"application\/ld+json\" class=\"yoast-schema-graph\">{\"@context\":\"https:\\\/\\\/schema.org\",\"@graph\":[{\"@type\":\"WebPage\",\"@id\":\"https:\\\/\\\/tharris.ca\\\/markets-we-serve\\\/hospitals-and-health-care-facilities\\\/\",\"url\":\"https:\\\/\\\/tharris.ca\\\/markets-we-serve\\\/hospitals-and-health-care-facilities\\\/\",\"name\":\"H\u00f4pitaux et \u00e9tablissements de sant\u00e9 - T. Harris\",\"isPartOf\":{\"@id\":\"https:\\\/\\\/tharris.ca\\\/#website\"},\"datePublished\":\"2024-05-15T16:59:23+00:00\",\"dateModified\":\"2024-08-09T10:12:17+00:00\",\"breadcrumb\":{\"@id\":\"https:\\\/\\\/tharris.ca\\\/markets-we-serve\\\/hospitals-and-health-care-facilities\\\/#breadcrumb\"},\"inLanguage\":\"fr-FR\",\"potentialAction\":[{\"@type\":\"ReadAction\",\"target\":[\"https:\\\/\\\/tharris.ca\\\/markets-we-serve\\\/hospitals-and-health-care-facilities\\\/\"]}]},{\"@type\":\"BreadcrumbList\",\"@id\":\"https:\\\/\\\/tharris.ca\\\/markets-we-serve\\\/hospitals-and-health-care-facilities\\\/#breadcrumb\",\"itemListElement\":[{\"@type\":\"ListItem\",\"position\":1,\"name\":\"Home\",\"item\":\"https:\\\/\\\/tharris.ca\\\/\"},{\"@type\":\"ListItem\",\"position\":2,\"name\":\"Sectures de Marche\",\"item\":\"https:\\\/\\\/tharris.ca\\\/markets-we-serve\\\/\"},{\"@type\":\"ListItem\",\"position\":3,\"name\":\"H\u00f4pitaux et \u00e9tablissements de sant\u00e9\"}]},{\"@type\":\"WebSite\",\"@id\":\"https:\\\/\\\/tharris.ca\\\/#website\",\"url\":\"https:\\\/\\\/tharris.ca\\\/\",\"name\":\"T. Harris\",\"description\":\"Environmental Management\",\"publisher\":{\"@id\":\"https:\\\/\\\/tharris.ca\\\/#organization\"},\"potentialAction\":[{\"@type\":\"SearchAction\",\"target\":{\"@type\":\"EntryPoint\",\"urlTemplate\":\"https:\\\/\\\/tharris.ca\\\/?s={search_term_string}\"},\"query-input\":{\"@type\":\"PropertyValueSpecification\",\"valueRequired\":true,\"valueName\":\"search_term_string\"}}],\"inLanguage\":\"fr-FR\"},{\"@type\":\"Organization\",\"@id\":\"https:\\\/\\\/tharris.ca\\\/#organization\",\"name\":\"T Harris Environmental Management Inc.\",\"url\":\"https:\\\/\\\/tharris.ca\\\/\",\"logo\":{\"@type\":\"ImageObject\",\"inLanguage\":\"fr-FR\",\"@id\":\"https:\\\/\\\/tharris.ca\\\/#\\\/schema\\\/logo\\\/image\\\/\",\"url\":\"https:\\\/\\\/tharris.ca\\\/wp-content\\\/uploads\\\/2022\\\/05\\\/Logo-EN-Horizontal-300-1.png\",\"contentUrl\":\"https:\\\/\\\/tharris.ca\\\/wp-content\\\/uploads\\\/2022\\\/05\\\/Logo-EN-Horizontal-300-1.png\",\"width\":961,\"height\":249,\"caption\":\"T Harris Environmental Management Inc.\"},\"image\":{\"@id\":\"https:\\\/\\\/tharris.ca\\\/#\\\/schema\\\/logo\\\/image\\\/\"},\"sameAs\":[\"https:\\\/\\\/www.facebook.com\\\/THarrisEnv\",\"https:\\\/\\\/x.com\\\/THarrisEnviro\",\"https:\\\/\\\/www.linkedin.com\\\/company\\\/t-harris-environmental-management-gestion-environnementale-t-harris-them-geth-inc-\\\/mycompany\\\/?viewAsMember=true\",\"https:\\\/\\\/www.instagram.com\\\/tharrisenvironmental\\\/\",\"https:\\\/\\\/www.youtube.com\\\/channel\\\/UC6A5FXciiu4wPRDBSowX9aQ\"]}]}<\/script>\n<!-- \/ Yoast SEO plugin. -->","yoast_head_json":{"title":"H\u00f4pitaux et \u00e9tablissements de sant\u00e9 - T. Harris","robots":{"index":"index","follow":"follow","max-snippet":"max-snippet:-1","max-image-preview":"max-image-preview:large","max-video-preview":"max-video-preview:-1"},"canonical":"https:\/\/tharris.ca\/markets-we-serve\/hospitals-and-health-care-facilities\/","og_locale":"fr_FR","og_type":"article","og_title":"H\u00f4pitaux et \u00e9tablissements de sant\u00e9 - T. Harris","og_description":"H\u00f4pitaux et \u00e9tablissements de sant\u00e9Notre \u00e9quipe de sp\u00e9cialistes form\u00e9e d\u2019hygi\u00e9nistes industriels agr\u00e9\u00e9s (CIH) et d\u2019hygi\u00e9nistes du travail agr\u00e9\u00e9s (ROH) fournit son expertise \u00e0 notre client\u00e8le du milieu hospitalier depuis de nombreuses ann\u00e9es. Nous offrons des services d\u2019\u00e9chantillonnage et d\u2019analyse d\u2019air pour mesurer l\u2019exposition des travailleurs de salles d\u2019op\u00e9ration et de laboratoires aux diff\u00e9rents produits chimiques. &nbsp;&nbsp; &nbsp; &nbsp; &nbsp; &nbsp; &nbsp; &nbsp;Notre gamme de services comprend\u00a0:Services environnementaux : Syst\u00e8mes de gestion de l'environnement Audits et services de gestion des d\u00e9chets \u00c9valuations de la qualit\u00e9 de l'air int\u00e9rieur Contr\u00f4le de la contamination microbiologique \u00c9valuation des m\u00e9dicaments dangereux \/ cytotoxiques Gaz anesth\u00e9siques et \u00e9valuation des d\u00e9sinfectants \/ st\u00e9rilisants \/ oxyde d'\u00e9thyl\u00e8ne Gestion des mati\u00e8res dangereuses : Enqu\u00eate et assainissement concernant l'amiante, les moisissures, le plomb et la silice Gestion des mat\u00e9riaux de construction dangereux Mod\u00e9lisation de l'exposition professionnelle aux produits chimiques Test d'ajustement des respirateurs Sant\u00e9 et s\u00e9curit\u00e9 au travail : Sessions de formation \u00e0 la s\u00e9curit\u00e9 Audits de s\u00e9curit\u00e9 sur le lieu de travail Contr\u00f4le de l'exposition professionnelle Audits de conformit\u00e9 des \u00e9quipements de s\u00e9curit\u00e9 \u00c9valuations ergonomiques Gestion des biens et diligence raisonnable : Phase I, II et III de l'\u00e9valuation environnementale des sites \u00c9valuations de la diligence raisonnable des transactions [&hellip;]","og_url":"https:\/\/tharris.ca\/markets-we-serve\/hospitals-and-health-care-facilities\/","og_site_name":"T. Harris","article_publisher":"https:\/\/www.facebook.com\/THarrisEnv","article_modified_time":"2024-08-09T10:12:17+00:00","twitter_card":"summary_large_image","twitter_site":"@THarrisEnviro","schema":{"@context":"https:\/\/schema.org","@graph":[{"@type":"WebPage","@id":"https:\/\/tharris.ca\/markets-we-serve\/hospitals-and-health-care-facilities\/","url":"https:\/\/tharris.ca\/markets-we-serve\/hospitals-and-health-care-facilities\/","name":"H\u00f4pitaux et \u00e9tablissements de sant\u00e9 - T. Harris","isPartOf":{"@id":"https:\/\/tharris.ca\/#website"},"datePublished":"2024-05-15T16:59:23+00:00","dateModified":"2024-08-09T10:12:17+00:00","breadcrumb":{"@id":"https:\/\/tharris.ca\/markets-we-serve\/hospitals-and-health-care-facilities\/#breadcrumb"},"inLanguage":"fr-FR","potentialAction":[{"@type":"ReadAction","target":["https:\/\/tharris.ca\/markets-we-serve\/hospitals-and-health-care-facilities\/"]}]},{"@type":"BreadcrumbList","@id":"https:\/\/tharris.ca\/markets-we-serve\/hospitals-and-health-care-facilities\/#breadcrumb","itemListElement":[{"@type":"ListItem","position":1,"name":"Home","item":"https:\/\/tharris.ca\/"},{"@type":"ListItem","position":2,"name":"Sectures de Marche","item":"https:\/\/tharris.ca\/markets-we-serve\/"},{"@type":"ListItem","position":3,"name":"H\u00f4pitaux et \u00e9tablissements de sant\u00e9"}]},{"@type":"WebSite","@id":"https:\/\/tharris.ca\/#website","url":"https:\/\/tharris.ca\/","name":"T. Harris","description":"Environmental Management","publisher":{"@id":"https:\/\/tharris.ca\/#organization"},"potentialAction":[{"@type":"SearchAction","target":{"@type":"EntryPoint","urlTemplate":"https:\/\/tharris.ca\/?s={search_term_string}"},"query-input":{"@type":"PropertyValueSpecification","valueRequired":true,"valueName":"search_term_string"}}],"inLanguage":"fr-FR"},{"@type":"Organization","@id":"https:\/\/tharris.ca\/#organization","name":"T Harris Environmental Management Inc.","url":"https:\/\/tharris.ca\/","logo":{"@type":"ImageObject","inLanguage":"fr-FR","@id":"https:\/\/tharris.ca\/#\/schema\/logo\/image\/","url":"https:\/\/tharris.ca\/wp-content\/uploads\/2022\/05\/Logo-EN-Horizontal-300-1.png","contentUrl":"https:\/\/tharris.ca\/wp-content\/uploads\/2022\/05\/Logo-EN-Horizontal-300-1.png","width":961,"height":249,"caption":"T Harris Environmental Management Inc."},"image":{"@id":"https:\/\/tharris.ca\/#\/schema\/logo\/image\/"},"sameAs":["https:\/\/www.facebook.com\/THarrisEnv","https:\/\/x.com\/THarrisEnviro","https:\/\/www.linkedin.com\/company\/t-harris-environmental-management-gestion-environnementale-t-harris-them-geth-inc-\/mycompany\/?viewAsMember=true","https:\/\/www.instagram.com\/tharrisenvironmental\/","https:\/\/www.youtube.com\/channel\/UC6A5FXciiu4wPRDBSowX9aQ"]}]}},"_links":{"self":[{"href":"https:\/\/tharris.ca\/fr\/wp-json\/wp\/v2\/pages\/7786","targetHints":{"allow":["GET"]}}],"collection":[{"href":"https:\/\/tharris.ca\/fr\/wp-json\/wp\/v2\/pages"}],"about":[{"href":"https:\/\/tharris.ca\/fr\/wp-json\/wp\/v2\/types\/page"}],"author":[{"embeddable":true,"href":"https:\/\/tharris.ca\/fr\/wp-json\/wp\/v2\/users\/3"}],"replies":[{"embeddable":true,"href":"https:\/\/tharris.ca\/fr\/wp-json\/wp\/v2\/comments?post=7786"}],"version-history":[{"count":0,"href":"https:\/\/tharris.ca\/fr\/wp-json\/wp\/v2\/pages\/7786\/revisions"}],"up":[{"embeddable":true,"href":"https:\/\/tharris.ca\/fr\/wp-json\/wp\/v2\/pages\/952"}],"wp:attachment":[{"href":"https:\/\/tharris.ca\/fr\/wp-json\/wp\/v2\/media?parent=7786"}],"curies":[{"name":"wp","href":"https:\/\/api.w.org\/{rel}","templated":true}]}}