{"id":7792,"date":"2024-05-15T12:58:07","date_gmt":"2024-05-15T16:58:07","guid":{"rendered":"https:\/\/tharris.ca\/?page_id=7792"},"modified":"2024-08-09T06:03:15","modified_gmt":"2024-08-09T10:03:15","slug":"education","status":"publish","type":"page","link":"https:\/\/tharris.ca\/fr\/sectures-de-marche\/education\/","title":{"rendered":"\u00c9ducation"},"content":{"rendered":"<p>[et_pb_section fb_built=&#8221;1&#8243; custom_padding_last_edited=&#8221;on|phone&#8221; admin_label=&#8221;Header&#8221; _builder_version=&#8221;4.27.0&#8243; _module_preset=&#8221;default&#8221; background_enable_color=&#8221;off&#8221; background_enable_image=&#8221;off&#8221; background_position=&#8221;top_center&#8221; custom_margin=&#8221;||||false|false&#8221; custom_padding=&#8221;248px|12vw|0px|12vw|false|true&#8221; custom_padding_tablet=&#8221;200px||0px||false|true&#8221; custom_padding_phone=&#8221;190px||0px||false|true&#8221; hover_enabled=&#8221;0&#8243; background_last_edited=&#8221;off|desktop&#8221; use_background_color_gradient_tablet=&#8221;on&#8221; use_background_color_gradient_phone=&#8221;on&#8221; background_color_gradient_direction_tablet=&#8221;90deg&#8221; background_color_gradient_stops_tablet=&#8221;#eeeeee 18%|rgba(255,255,255,0.51) 100%&#8221; background_color_gradient_stops_phone=&#8221;rgba(43,43,43,0.65) 100%|#29c4a9 100%&#8221; background_color_gradient_start_tablet=&#8221;rgba(43,43,43,0.65)&#8221; background_color_gradient_start_phone=&#8221;rgba(43,43,43,0.65)&#8221; background_color_gradient_start_position_phone=&#8221;0%&#8221; background_color_gradient_end_position_tablet=&#8221;100%&#8221; background_color_gradient_end_position_phone=&#8221;100%&#8221; locked=&#8221;off&#8221; global_colors_info=&#8221;{}&#8221; sticky_enabled=&#8221;0&#8243;][et_pb_row _builder_version=&#8221;4.27.0&#8243; _module_preset=&#8221;default&#8221; background_color=&#8221;RGBA(255,255,255,0)&#8221; width=&#8221;100%&#8221; max_width=&#8221;100%&#8221; max_width_tablet=&#8221;100%&#8221; max_width_phone=&#8221;100%&#8221; max_width_last_edited=&#8221;on|tablet&#8221; module_alignment=&#8221;left&#8221; hover_enabled=&#8221;0&#8243; global_colors_info=&#8221;{}&#8221; sticky_enabled=&#8221;0&#8243;][et_pb_column type=&#8221;4_4&#8243; _builder_version=&#8221;4.16&#8243; _module_preset=&#8221;default&#8221; global_colors_info=&#8221;{}&#8221;][et_pb_text _builder_version=&#8221;4.27.0&#8243; _module_preset=&#8221;b548e066-77dc-45f0-82ba-7e55f7fa1d60&#8243; header_font=&#8221;Raleway|300|||||||&#8221; header_text_color=&#8221;#274953&#8243; header_font_size=&#8221;7em&#8221; header_2_text_color=&#8221;#FFFFFF&#8221; background_color=&#8221;RGBA(255,255,255,0)&#8221; custom_margin=&#8221;0px||||false|false&#8221; custom_margin_tablet=&#8221;||||false|false&#8221; custom_margin_phone=&#8221;||||false|false&#8221; custom_margin_last_edited=&#8221;on|phone&#8221; custom_padding=&#8221;0px||||false|false&#8221; animation_style=&#8221;slide&#8221; animation_direction=&#8221;bottom&#8221; animation_delay=&#8221;150ms&#8221; animation_intensity_slide=&#8221;15%&#8221; animation_speed_curve=&#8221;ease&#8221; hover_enabled=&#8221;0&#8243; text_font_size_tablet=&#8221;1.25em&#8221; header_font_size_tablet=&#8221;4em&#8221; header_font_size_phone=&#8221;12vw&#8221; global_colors_info=&#8221;{}&#8221; sticky_enabled=&#8221;0&#8243;]<\/p>\n<h1>\u00c9ducation<\/h1>\n<p>[\/et_pb_text][\/et_pb_column][\/et_pb_row][\/et_pb_section][et_pb_section fb_built=&#8221;1&#8243; custom_padding_last_edited=&#8221;on|phone&#8221; admin_label=&#8221;Content Layout&#8221; _builder_version=&#8221;4.27.0&#8243; _module_preset=&#8221;default&#8221; background_enable_color=&#8221;off&#8221; background_enable_image=&#8221;off&#8221; background_size=&#8221;contain&#8221; background_position=&#8221;bottom_center&#8221; custom_padding=&#8221;0px|12vw|0px|12vw|true|true&#8221; custom_padding_tablet=&#8221;0px|10vw|80px|10vw|false|true&#8221; custom_padding_phone=&#8221;0px|10vw|50px|10vw|false|true&#8221; hover_enabled=&#8221;0&#8243; background_last_edited=&#8221;on|tablet&#8221; background_size_tablet=&#8221;cover&#8221; locked=&#8221;off&#8221; global_colors_info=&#8221;{}&#8221; sticky_enabled=&#8221;0&#8243;][et_pb_row use_custom_gutter=&#8221;on&#8221; gutter_width=&#8221;2&#8243; _builder_version=&#8221;4.25.0&#8243; _module_preset=&#8221;default&#8221; width=&#8221;100%&#8221; max_width=&#8221;100%&#8221; global_colors_info=&#8221;{}&#8221; custom_padding=&#8221;5px|||||&#8221;][et_pb_column type=&#8221;4_4&#8243; _builder_version=&#8221;4.17.4&#8243; _module_preset=&#8221;default&#8221; global_colors_info=&#8221;{}&#8221;][et_pb_text _builder_version=&#8221;4.25.0&#8243; _module_preset=&#8221;default&#8221; text_font=&#8221;Poppins||||||||&#8221; text_text_color=&#8221;#274953&#8243; text_font_size=&#8221;20px&#8221; text_line_height=&#8221;1.8em&#8221; header_3_font=&#8221;Poppins|600|||||||&#8221; header_3_text_color=&#8221;#274953&#8243; z_index=&#8221;3&#8243; max_width=&#8221;100%&#8221; max_width_tablet=&#8221;100%&#8221; max_width_phone=&#8221;100%&#8221; max_width_last_edited=&#8221;on|phone&#8221; animation_style=&#8221;slide&#8221; animation_direction=&#8221;left&#8221; animation_delay=&#8221;200ms&#8221; animation_intensity_slide=&#8221;13%&#8221; global_colors_info=&#8221;{}&#8221;]<\/p>\n<h2>Nous avons fourni de nombreux services pour le secteur de l\u2019\u00e9ducation, y compris des commissions scolaires, des coll\u00e8ges et des universit\u00e9s.<\/h2>\n<h2>Notre client\u00e8le du secteur de l\u2019\u00e9ducation a b\u00e9n\u00e9fici\u00e9 de nos services d\u2019intervention d\u2019urgence suite \u00e0 des inondations et des incendies. Nous leur avons offert \u00e9chantillonnages et analyses pour les moisissures, le plomb, l\u2019eau potable ainsi qu\u2019un support pour toute question reli\u00e9e \u00e0 l\u2019amiante.<\/h2>\n<p>[\/et_pb_text][et_pb_text _builder_version=&#8221;4.25.0&#8243; _module_preset=&#8221;default&#8221; text_font=&#8221;Poppins||||||||&#8221; text_text_color=&#8221;#274953&#8243; text_font_size=&#8221;20px&#8221; text_line_height=&#8221;1.8em&#8221; header_3_font=&#8221;Poppins|600|||||||&#8221; header_3_text_color=&#8221;#274953&#8243; background_image=&#8221;https:\/\/tharris.ca\/wp-content\/uploads\/2024\/05\/Markets-We-Serve-Education-1.jpg&#8221; z_index=&#8221;3&#8243; max_width=&#8221;100%&#8221; max_width_tablet=&#8221;100%&#8221; max_width_phone=&#8221;100%&#8221; max_width_last_edited=&#8221;on|phone&#8221; animation_style=&#8221;slide&#8221; animation_direction=&#8221;left&#8221; animation_delay=&#8221;200ms&#8221; animation_intensity_slide=&#8221;13%&#8221; global_colors_info=&#8221;{}&#8221;]<\/p>\n<p>&nbsp;<\/p>\n<p>&nbsp;<\/p>\n<p>&nbsp;<\/p>\n<p>&nbsp;<\/p>\n<p>&nbsp;<\/p>\n<p>&nbsp;<\/p>\n<p>&nbsp;<\/p>\n<p>[\/et_pb_text][et_pb_text _builder_version=&#8221;4.25.0&#8243; _module_preset=&#8221;default&#8221; text_font=&#8221;Poppins||||||||&#8221; text_text_color=&#8221;#274953&#8243; text_font_size=&#8221;20px&#8221; text_line_height=&#8221;1.8em&#8221; header_3_font=&#8221;Poppins|600|||||||&#8221; header_3_text_color=&#8221;#274953&#8243; z_index=&#8221;3&#8243; max_width=&#8221;100%&#8221; max_width_tablet=&#8221;100%&#8221; max_width_phone=&#8221;100%&#8221; max_width_last_edited=&#8221;on|phone&#8221; animation_style=&#8221;slide&#8221; animation_direction=&#8221;left&#8221; animation_delay=&#8221;200ms&#8221; animation_intensity_slide=&#8221;13%&#8221; global_colors_info=&#8221;{}&#8221;]<\/p>\n<h3>Notre gamme de services comprend\u00a0:<\/h3>\n<p>[\/et_pb_text][\/et_pb_column][\/et_pb_row][et_pb_row column_structure=&#8221;1_2,1_2&#8243; use_custom_gutter=&#8221;on&#8221; gutter_width=&#8221;2&#8243; _builder_version=&#8221;4.17.4&#8243; _module_preset=&#8221;default&#8221; width=&#8221;100%&#8221; max_width=&#8221;100%&#8221; global_colors_info=&#8221;{}&#8221;][et_pb_column type=&#8221;1_2&#8243; _builder_version=&#8221;4.17.4&#8243; _module_preset=&#8221;default&#8221; global_colors_info=&#8221;{}&#8221;][et_pb_text _builder_version=&#8221;4.25.0&#8243; _module_preset=&#8221;default&#8221; text_font=&#8221;Poppins||||||||&#8221; text_text_color=&#8221;#274953&#8243; text_font_size=&#8221;20px&#8221; text_line_height=&#8221;1.8em&#8221; header_3_font=&#8221;Poppins|600|||||||&#8221; header_3_text_color=&#8221;#274953&#8243; z_index=&#8221;3&#8243; max_width=&#8221;100%&#8221; max_width_tablet=&#8221;100%&#8221; max_width_phone=&#8221;100%&#8221; max_width_last_edited=&#8221;on|phone&#8221; animation_style=&#8221;slide&#8221; animation_direction=&#8221;left&#8221; animation_delay=&#8221;200ms&#8221; animation_intensity_slide=&#8221;13%&#8221; global_colors_info=&#8221;{}&#8221;]<\/p>\n<p><strong>Services environnementaux :<\/strong><\/p>\n<ul>\n<li>Analyse de l&#8217;eau potable : Assurer la s\u00e9curit\u00e9 des \u00e9tudiants et du personnel en contr\u00f4lant la qualit\u00e9 de l&#8217;eau et la conformit\u00e9 aux normes sanitaires.<\/li>\n<li>Gestion des mati\u00e8res dangereuses : Manipuler et \u00e9liminer en toute s\u00e9curit\u00e9 les mati\u00e8res dangereuses utilis\u00e9es dans les laboratoires et les installations.<\/li>\n<\/ul>\n<p><strong>Conformit\u00e9 en mati\u00e8re d&#8217;\u00e9missions et de rejets :<\/strong><\/p>\n<ul>\n<li>Surveillance et d\u00e9claration des \u00e9missions atmosph\u00e9riques : Sensibiliser les \u00e9tudiants \u00e0 la pollution de l&#8217;air et \u00e0 son impact sur l&#8217;environnement gr\u00e2ce \u00e0 des services de surveillance et d&#8217;\u00e9tablissement de rapports.<\/li>\n<\/ul>\n<p><strong style=\"font-size: 20px;\">Syst\u00e8mes de gestion :<\/strong><\/p>\n<ul>\n<li>Syst\u00e8mes de gestion de l&#8217;environnement : Mettre en \u0153uvre des pratiques et des politiques durables pour r\u00e9duire l&#8217;impact sur l&#8217;environnement et promouvoir des pratiques respectueuses de l&#8217;environnement au sein des \u00e9tablissements d&#8217;enseignement.<\/li>\n<li>Services d&#8217;audit et de gestion des d\u00e9chets : Sensibiliser les \u00e9tudiants \u00e0 la r\u00e9duction des d\u00e9chets et au recyclage gr\u00e2ce \u00e0 des audits complets des d\u00e9chets et \u00e0 des services de gestion.<\/li>\n<\/ul>\n<p>[\/et_pb_text][\/et_pb_column][et_pb_column type=&#8221;1_2&#8243; _builder_version=&#8221;4.17.4&#8243; _module_preset=&#8221;default&#8221; global_colors_info=&#8221;{}&#8221;][et_pb_text _builder_version=&#8221;4.17.4&#8243; _module_preset=&#8221;default&#8221; text_font=&#8221;Poppins||||||||&#8221; text_text_color=&#8221;#274953&#8243; text_font_size=&#8221;20px&#8221; text_line_height=&#8221;1.8em&#8221; header_3_font=&#8221;Poppins|600|||||||&#8221; header_3_text_color=&#8221;#274953&#8243; z_index=&#8221;3&#8243; max_width=&#8221;100%&#8221; max_width_tablet=&#8221;100%&#8221; max_width_phone=&#8221;100%&#8221; max_width_last_edited=&#8221;on|phone&#8221; animation_style=&#8221;slide&#8221; animation_direction=&#8221;left&#8221; animation_delay=&#8221;200ms&#8221; animation_intensity_slide=&#8221;13%&#8221; locked=&#8221;off&#8221; global_colors_info=&#8221;{}&#8221;]<\/p>\n<p><strong>Mati\u00e8res dangereuses :<\/strong><\/p>\n<ul>\n<li>Services d&#8217;\u00e9valuation de l&#8217;amiante, des moisissures, du plomb, de la silice, des isocyanates et du mercure : Assurer la s\u00e9curit\u00e9 des b\u00e2timents scolaires par l&#8217;\u00e9valuation et l&#8217;assainissement des mati\u00e8res dangereuses.<\/li>\n<\/ul>\n<p><strong>Sant\u00e9 et s\u00e9curit\u00e9 environnementales :<\/strong><\/p>\n<ul>\n<li>Hygi\u00e8ne, sant\u00e9 et s\u00e9curit\u00e9 au travail : Organiser des sessions de formation pour le personnel et les \u00e9l\u00e8ves sur des sujets li\u00e9s \u00e0 la sant\u00e9 et \u00e0 la s\u00e9curit\u00e9 au travail afin de cr\u00e9er un environnement d&#8217;apprentissage <span style=\"text-decoration: line-through;\">.<\/span> s\u00e9curitaire.<\/li>\n<li>Tests d&#8217;ajustement des respirateurs et formation des formateurs.<\/li>\n<\/ul>\n<p><strong>Rayonnement :<\/strong><\/p>\n<ul>\n<li>Radioprotection : Sensibiliser les \u00e9tudiants et le personnel aux mesures de radioprotection en laboratoire afin de garantir le respect des r\u00e9glementations.<\/li>\n<\/ul>\n<p>[\/et_pb_text][\/et_pb_column][\/et_pb_row][et_pb_row use_custom_gutter=&#8221;on&#8221; gutter_width=&#8221;2&#8243; _builder_version=&#8221;4.17.4&#8243; _module_preset=&#8221;default&#8221; width=&#8221;100%&#8221; max_width=&#8221;100%&#8221; global_colors_info=&#8221;{}&#8221;][et_pb_column type=&#8221;4_4&#8243; _builder_version=&#8221;4.17.4&#8243; _module_preset=&#8221;default&#8221; global_colors_info=&#8221;{}&#8221;][et_pb_text _builder_version=&#8221;4.25.0&#8243; _module_preset=&#8221;default&#8221; text_font=&#8221;Poppins||||||||&#8221; text_text_color=&#8221;#274953&#8243; text_font_size=&#8221;20px&#8221; text_line_height=&#8221;1.8em&#8221; header_3_font=&#8221;Poppins|600|||||||&#8221; header_3_text_color=&#8221;#274953&#8243; z_index=&#8221;3&#8243; max_width=&#8221;100%&#8221; max_width_tablet=&#8221;100%&#8221; max_width_phone=&#8221;100%&#8221; max_width_last_edited=&#8221;on|phone&#8221; animation_style=&#8221;slide&#8221; animation_direction=&#8221;left&#8221; animation_delay=&#8221;200ms&#8221; animation_intensity_slide=&#8221;13%&#8221; global_colors_info=&#8221;{}&#8221;]<\/p>\n<p>Pour plus d&#8217;informations, <span><a href=\"https:\/\/tharris.ca\/fr\/contactez-nous\/\">contactez-nous<\/a><\/span> ou remplissez le formulaire ci-dessous !<\/p>\n<p>[\/et_pb_text][\/et_pb_column][\/et_pb_row][\/et_pb_section]<\/p>\n","protected":false},"excerpt":{"rendered":"<p>\u00c9ducationNous avons fourni de nombreux services pour le secteur de l\u2019\u00e9ducation, y compris des commissions scolaires, des coll\u00e8ges et des universit\u00e9s. Notre client\u00e8le du secteur de l\u2019\u00e9ducation a b\u00e9n\u00e9fici\u00e9 de nos services d\u2019intervention d\u2019urgence suite \u00e0 des inondations et des incendies. Nous leur avons offert \u00e9chantillonnages et analyses pour les moisissures, le plomb, l\u2019eau potable ainsi qu\u2019un support pour toute question reli\u00e9e \u00e0 l\u2019amiante.&nbsp; &nbsp; &nbsp; &nbsp; &nbsp; &nbsp; &nbsp;Notre gamme de services comprend\u00a0:Services environnementaux : Analyse de l&#8217;eau potable : Assurer la s\u00e9curit\u00e9 des \u00e9tudiants et du personnel en contr\u00f4lant la qualit\u00e9 de l&#8217;eau et la conformit\u00e9 aux normes sanitaires. Gestion des mati\u00e8res dangereuses : Manipuler et \u00e9liminer en toute s\u00e9curit\u00e9 les mati\u00e8res dangereuses utilis\u00e9es dans les laboratoires et les installations. Conformit\u00e9 en mati\u00e8re d&#8217;\u00e9missions et de rejets : Surveillance et d\u00e9claration des \u00e9missions atmosph\u00e9riques : Sensibiliser les \u00e9tudiants \u00e0 la pollution de l&#8217;air et \u00e0 son impact sur l&#8217;environnement gr\u00e2ce \u00e0 des services de surveillance et d&#8217;\u00e9tablissement de rapports. Syst\u00e8mes de gestion : Syst\u00e8mes de gestion de l&#8217;environnement : Mettre en \u0153uvre des pratiques et des politiques durables pour r\u00e9duire l&#8217;impact sur l&#8217;environnement et promouvoir des pratiques respectueuses de l&#8217;environnement au sein des \u00e9tablissements d&#8217;enseignement. Services d&#8217;audit et [&hellip;]<\/p>\n","protected":false},"author":3,"featured_media":0,"parent":952,"menu_order":0,"comment_status":"closed","ping_status":"closed","template":"","meta":{"_acf_changed":false,"_et_pb_use_builder":"on","_et_pb_old_content":"","_et_gb_content_width":"","footnotes":""},"class_list":["post-7792","page","type-page","status-publish","hentry"],"acf":[],"yoast_head":"<!-- This site is optimized with the Yoast SEO plugin v27.3 - https:\/\/yoast.com\/product\/yoast-seo-wordpress\/ -->\n<title>\u00c9ducation - T. Harris<\/title>\n<meta name=\"robots\" content=\"index, follow, max-snippet:-1, max-image-preview:large, max-video-preview:-1\" \/>\n<link rel=\"canonical\" href=\"https:\/\/tharris.ca\/markets-we-serve\/educational-institutions\/\" \/>\n<meta property=\"og:locale\" content=\"fr_FR\" \/>\n<meta property=\"og:type\" content=\"article\" \/>\n<meta property=\"og:title\" content=\"\u00c9ducation - T. Harris\" \/>\n<meta property=\"og:description\" content=\"\u00c9ducationNous avons fourni de nombreux services pour le secteur de l\u2019\u00e9ducation, y compris des commissions scolaires, des coll\u00e8ges et des universit\u00e9s. Notre client\u00e8le du secteur de l\u2019\u00e9ducation a b\u00e9n\u00e9fici\u00e9 de nos services d\u2019intervention d\u2019urgence suite \u00e0 des inondations et des incendies. Nous leur avons offert \u00e9chantillonnages et analyses pour les moisissures, le plomb, l\u2019eau potable ainsi qu\u2019un support pour toute question reli\u00e9e \u00e0 l\u2019amiante.&nbsp; &nbsp; &nbsp; &nbsp; &nbsp; &nbsp; &nbsp;Notre gamme de services comprend\u00a0:Services environnementaux : Analyse de l&#039;eau potable : Assurer la s\u00e9curit\u00e9 des \u00e9tudiants et du personnel en contr\u00f4lant la qualit\u00e9 de l&#039;eau et la conformit\u00e9 aux normes sanitaires. Gestion des mati\u00e8res dangereuses : Manipuler et \u00e9liminer en toute s\u00e9curit\u00e9 les mati\u00e8res dangereuses utilis\u00e9es dans les laboratoires et les installations. Conformit\u00e9 en mati\u00e8re d&#039;\u00e9missions et de rejets : Surveillance et d\u00e9claration des \u00e9missions atmosph\u00e9riques : Sensibiliser les \u00e9tudiants \u00e0 la pollution de l&#039;air et \u00e0 son impact sur l&#039;environnement gr\u00e2ce \u00e0 des services de surveillance et d&#039;\u00e9tablissement de rapports. Syst\u00e8mes de gestion : Syst\u00e8mes de gestion de l&#039;environnement : Mettre en \u0153uvre des pratiques et des politiques durables pour r\u00e9duire l&#039;impact sur l&#039;environnement et promouvoir des pratiques respectueuses de l&#039;environnement au sein des \u00e9tablissements d&#039;enseignement. Services d&#039;audit et [&hellip;]\" \/>\n<meta property=\"og:url\" content=\"https:\/\/tharris.ca\/markets-we-serve\/educational-institutions\/\" \/>\n<meta property=\"og:site_name\" content=\"T. Harris\" \/>\n<meta property=\"article:publisher\" content=\"https:\/\/www.facebook.com\/THarrisEnv\" \/>\n<meta property=\"article:modified_time\" content=\"2024-08-09T10:03:15+00:00\" \/>\n<meta name=\"twitter:card\" content=\"summary_large_image\" \/>\n<meta name=\"twitter:site\" content=\"@THarrisEnviro\" \/>\n<script type=\"application\/ld+json\" class=\"yoast-schema-graph\">{\"@context\":\"https:\\\/\\\/schema.org\",\"@graph\":[{\"@type\":\"WebPage\",\"@id\":\"https:\\\/\\\/tharris.ca\\\/markets-we-serve\\\/educational-institutions\\\/\",\"url\":\"https:\\\/\\\/tharris.ca\\\/markets-we-serve\\\/educational-institutions\\\/\",\"name\":\"\u00c9ducation - T. Harris\",\"isPartOf\":{\"@id\":\"https:\\\/\\\/tharris.ca\\\/#website\"},\"datePublished\":\"2024-05-15T16:58:07+00:00\",\"dateModified\":\"2024-08-09T10:03:15+00:00\",\"breadcrumb\":{\"@id\":\"https:\\\/\\\/tharris.ca\\\/markets-we-serve\\\/educational-institutions\\\/#breadcrumb\"},\"inLanguage\":\"fr-FR\",\"potentialAction\":[{\"@type\":\"ReadAction\",\"target\":[\"https:\\\/\\\/tharris.ca\\\/markets-we-serve\\\/educational-institutions\\\/\"]}]},{\"@type\":\"BreadcrumbList\",\"@id\":\"https:\\\/\\\/tharris.ca\\\/markets-we-serve\\\/educational-institutions\\\/#breadcrumb\",\"itemListElement\":[{\"@type\":\"ListItem\",\"position\":1,\"name\":\"Home\",\"item\":\"https:\\\/\\\/tharris.ca\\\/\"},{\"@type\":\"ListItem\",\"position\":2,\"name\":\"Sectures de Marche\",\"item\":\"https:\\\/\\\/tharris.ca\\\/markets-we-serve\\\/\"},{\"@type\":\"ListItem\",\"position\":3,\"name\":\"\u00c9ducation\"}]},{\"@type\":\"WebSite\",\"@id\":\"https:\\\/\\\/tharris.ca\\\/#website\",\"url\":\"https:\\\/\\\/tharris.ca\\\/\",\"name\":\"T. Harris\",\"description\":\"Environmental Management\",\"publisher\":{\"@id\":\"https:\\\/\\\/tharris.ca\\\/#organization\"},\"potentialAction\":[{\"@type\":\"SearchAction\",\"target\":{\"@type\":\"EntryPoint\",\"urlTemplate\":\"https:\\\/\\\/tharris.ca\\\/?s={search_term_string}\"},\"query-input\":{\"@type\":\"PropertyValueSpecification\",\"valueRequired\":true,\"valueName\":\"search_term_string\"}}],\"inLanguage\":\"fr-FR\"},{\"@type\":\"Organization\",\"@id\":\"https:\\\/\\\/tharris.ca\\\/#organization\",\"name\":\"T Harris Environmental Management Inc.\",\"url\":\"https:\\\/\\\/tharris.ca\\\/\",\"logo\":{\"@type\":\"ImageObject\",\"inLanguage\":\"fr-FR\",\"@id\":\"https:\\\/\\\/tharris.ca\\\/#\\\/schema\\\/logo\\\/image\\\/\",\"url\":\"https:\\\/\\\/tharris.ca\\\/wp-content\\\/uploads\\\/2022\\\/05\\\/Logo-EN-Horizontal-300-1.png\",\"contentUrl\":\"https:\\\/\\\/tharris.ca\\\/wp-content\\\/uploads\\\/2022\\\/05\\\/Logo-EN-Horizontal-300-1.png\",\"width\":961,\"height\":249,\"caption\":\"T Harris Environmental Management Inc.\"},\"image\":{\"@id\":\"https:\\\/\\\/tharris.ca\\\/#\\\/schema\\\/logo\\\/image\\\/\"},\"sameAs\":[\"https:\\\/\\\/www.facebook.com\\\/THarrisEnv\",\"https:\\\/\\\/x.com\\\/THarrisEnviro\",\"https:\\\/\\\/www.linkedin.com\\\/company\\\/t-harris-environmental-management-gestion-environnementale-t-harris-them-geth-inc-\\\/mycompany\\\/?viewAsMember=true\",\"https:\\\/\\\/www.instagram.com\\\/tharrisenvironmental\\\/\",\"https:\\\/\\\/www.youtube.com\\\/channel\\\/UC6A5FXciiu4wPRDBSowX9aQ\"]}]}<\/script>\n<!-- \/ Yoast SEO plugin. -->","yoast_head_json":{"title":"\u00c9ducation - T. Harris","robots":{"index":"index","follow":"follow","max-snippet":"max-snippet:-1","max-image-preview":"max-image-preview:large","max-video-preview":"max-video-preview:-1"},"canonical":"https:\/\/tharris.ca\/markets-we-serve\/educational-institutions\/","og_locale":"fr_FR","og_type":"article","og_title":"\u00c9ducation - T. Harris","og_description":"\u00c9ducationNous avons fourni de nombreux services pour le secteur de l\u2019\u00e9ducation, y compris des commissions scolaires, des coll\u00e8ges et des universit\u00e9s. Notre client\u00e8le du secteur de l\u2019\u00e9ducation a b\u00e9n\u00e9fici\u00e9 de nos services d\u2019intervention d\u2019urgence suite \u00e0 des inondations et des incendies. Nous leur avons offert \u00e9chantillonnages et analyses pour les moisissures, le plomb, l\u2019eau potable ainsi qu\u2019un support pour toute question reli\u00e9e \u00e0 l\u2019amiante.&nbsp; &nbsp; &nbsp; &nbsp; &nbsp; &nbsp; &nbsp;Notre gamme de services comprend\u00a0:Services environnementaux : Analyse de l'eau potable : Assurer la s\u00e9curit\u00e9 des \u00e9tudiants et du personnel en contr\u00f4lant la qualit\u00e9 de l'eau et la conformit\u00e9 aux normes sanitaires. Gestion des mati\u00e8res dangereuses : Manipuler et \u00e9liminer en toute s\u00e9curit\u00e9 les mati\u00e8res dangereuses utilis\u00e9es dans les laboratoires et les installations. Conformit\u00e9 en mati\u00e8re d'\u00e9missions et de rejets : Surveillance et d\u00e9claration des \u00e9missions atmosph\u00e9riques : Sensibiliser les \u00e9tudiants \u00e0 la pollution de l'air et \u00e0 son impact sur l'environnement gr\u00e2ce \u00e0 des services de surveillance et d'\u00e9tablissement de rapports. Syst\u00e8mes de gestion : Syst\u00e8mes de gestion de l'environnement : Mettre en \u0153uvre des pratiques et des politiques durables pour r\u00e9duire l'impact sur l'environnement et promouvoir des pratiques respectueuses de l'environnement au sein des \u00e9tablissements d'enseignement. Services d'audit et [&hellip;]","og_url":"https:\/\/tharris.ca\/markets-we-serve\/educational-institutions\/","og_site_name":"T. Harris","article_publisher":"https:\/\/www.facebook.com\/THarrisEnv","article_modified_time":"2024-08-09T10:03:15+00:00","twitter_card":"summary_large_image","twitter_site":"@THarrisEnviro","schema":{"@context":"https:\/\/schema.org","@graph":[{"@type":"WebPage","@id":"https:\/\/tharris.ca\/markets-we-serve\/educational-institutions\/","url":"https:\/\/tharris.ca\/markets-we-serve\/educational-institutions\/","name":"\u00c9ducation - T. Harris","isPartOf":{"@id":"https:\/\/tharris.ca\/#website"},"datePublished":"2024-05-15T16:58:07+00:00","dateModified":"2024-08-09T10:03:15+00:00","breadcrumb":{"@id":"https:\/\/tharris.ca\/markets-we-serve\/educational-institutions\/#breadcrumb"},"inLanguage":"fr-FR","potentialAction":[{"@type":"ReadAction","target":["https:\/\/tharris.ca\/markets-we-serve\/educational-institutions\/"]}]},{"@type":"BreadcrumbList","@id":"https:\/\/tharris.ca\/markets-we-serve\/educational-institutions\/#breadcrumb","itemListElement":[{"@type":"ListItem","position":1,"name":"Home","item":"https:\/\/tharris.ca\/"},{"@type":"ListItem","position":2,"name":"Sectures de Marche","item":"https:\/\/tharris.ca\/markets-we-serve\/"},{"@type":"ListItem","position":3,"name":"\u00c9ducation"}]},{"@type":"WebSite","@id":"https:\/\/tharris.ca\/#website","url":"https:\/\/tharris.ca\/","name":"T. Harris","description":"Environmental Management","publisher":{"@id":"https:\/\/tharris.ca\/#organization"},"potentialAction":[{"@type":"SearchAction","target":{"@type":"EntryPoint","urlTemplate":"https:\/\/tharris.ca\/?s={search_term_string}"},"query-input":{"@type":"PropertyValueSpecification","valueRequired":true,"valueName":"search_term_string"}}],"inLanguage":"fr-FR"},{"@type":"Organization","@id":"https:\/\/tharris.ca\/#organization","name":"T Harris Environmental Management Inc.","url":"https:\/\/tharris.ca\/","logo":{"@type":"ImageObject","inLanguage":"fr-FR","@id":"https:\/\/tharris.ca\/#\/schema\/logo\/image\/","url":"https:\/\/tharris.ca\/wp-content\/uploads\/2022\/05\/Logo-EN-Horizontal-300-1.png","contentUrl":"https:\/\/tharris.ca\/wp-content\/uploads\/2022\/05\/Logo-EN-Horizontal-300-1.png","width":961,"height":249,"caption":"T Harris Environmental Management Inc."},"image":{"@id":"https:\/\/tharris.ca\/#\/schema\/logo\/image\/"},"sameAs":["https:\/\/www.facebook.com\/THarrisEnv","https:\/\/x.com\/THarrisEnviro","https:\/\/www.linkedin.com\/company\/t-harris-environmental-management-gestion-environnementale-t-harris-them-geth-inc-\/mycompany\/?viewAsMember=true","https:\/\/www.instagram.com\/tharrisenvironmental\/","https:\/\/www.youtube.com\/channel\/UC6A5FXciiu4wPRDBSowX9aQ"]}]}},"_links":{"self":[{"href":"https:\/\/tharris.ca\/fr\/wp-json\/wp\/v2\/pages\/7792","targetHints":{"allow":["GET"]}}],"collection":[{"href":"https:\/\/tharris.ca\/fr\/wp-json\/wp\/v2\/pages"}],"about":[{"href":"https:\/\/tharris.ca\/fr\/wp-json\/wp\/v2\/types\/page"}],"author":[{"embeddable":true,"href":"https:\/\/tharris.ca\/fr\/wp-json\/wp\/v2\/users\/3"}],"replies":[{"embeddable":true,"href":"https:\/\/tharris.ca\/fr\/wp-json\/wp\/v2\/comments?post=7792"}],"version-history":[{"count":0,"href":"https:\/\/tharris.ca\/fr\/wp-json\/wp\/v2\/pages\/7792\/revisions"}],"up":[{"embeddable":true,"href":"https:\/\/tharris.ca\/fr\/wp-json\/wp\/v2\/pages\/952"}],"wp:attachment":[{"href":"https:\/\/tharris.ca\/fr\/wp-json\/wp\/v2\/media?parent=7792"}],"curies":[{"name":"wp","href":"https:\/\/api.w.org\/{rel}","templated":true}]}}