{"id":7817,"date":"2024-05-15T13:00:31","date_gmt":"2024-05-15T17:00:31","guid":{"rendered":"https:\/\/tharris.ca\/?page_id=7817"},"modified":"2024-08-09T06:07:03","modified_gmt":"2024-08-09T10:07:03","slug":"fabrication","status":"publish","type":"page","link":"https:\/\/tharris.ca\/fr\/sectures-de-marche\/fabrication\/","title":{"rendered":"Fabrication"},"content":{"rendered":"<p>[et_pb_section fb_built=&#8221;1&#8243; custom_padding_last_edited=&#8221;on|phone&#8221; admin_label=&#8221;Header&#8221; _builder_version=&#8221;4.27.0&#8243; _module_preset=&#8221;default&#8221; background_enable_color=&#8221;off&#8221; background_enable_image=&#8221;off&#8221; background_position=&#8221;top_center&#8221; custom_margin=&#8221;||||false|false&#8221; custom_padding=&#8221;248px|12vw|0px|12vw|false|true&#8221; custom_padding_tablet=&#8221;200px||0px||false|true&#8221; custom_padding_phone=&#8221;190px||0px||false|true&#8221; hover_enabled=&#8221;0&#8243; background_last_edited=&#8221;off|desktop&#8221; use_background_color_gradient_tablet=&#8221;on&#8221; use_background_color_gradient_phone=&#8221;on&#8221; background_color_gradient_direction_tablet=&#8221;90deg&#8221; background_color_gradient_stops_tablet=&#8221;#eeeeee 18%|rgba(255,255,255,0.51) 100%&#8221; background_color_gradient_stops_phone=&#8221;rgba(43,43,43,0.65) 100%|#29c4a9 100%&#8221; background_color_gradient_start_tablet=&#8221;rgba(43,43,43,0.65)&#8221; background_color_gradient_start_phone=&#8221;rgba(43,43,43,0.65)&#8221; background_color_gradient_start_position_phone=&#8221;0%&#8221; background_color_gradient_end_position_tablet=&#8221;100%&#8221; background_color_gradient_end_position_phone=&#8221;100%&#8221; locked=&#8221;off&#8221; global_colors_info=&#8221;{}&#8221; sticky_enabled=&#8221;0&#8243;][et_pb_row _builder_version=&#8221;4.17.4&#8243; _module_preset=&#8221;default&#8221; background_color=&#8221;RGBA(255,255,255,0)&#8221; width=&#8221;100%&#8221; max_width=&#8221;100%&#8221; max_width_tablet=&#8221;100%&#8221; max_width_phone=&#8221;100%&#8221; max_width_last_edited=&#8221;on|tablet&#8221; module_alignment=&#8221;left&#8221; global_colors_info=&#8221;{}&#8221;][et_pb_column type=&#8221;4_4&#8243; _builder_version=&#8221;4.16&#8243; _module_preset=&#8221;default&#8221; global_colors_info=&#8221;{}&#8221;][et_pb_text _builder_version=&#8221;4.27.0&#8243; _module_preset=&#8221;b548e066-77dc-45f0-82ba-7e55f7fa1d60&#8243; header_font=&#8221;Raleway|300|||||||&#8221; header_text_color=&#8221;#274953&#8243; header_font_size=&#8221;7em&#8221; header_2_text_color=&#8221;#FFFFFF&#8221; background_color=&#8221;RGBA(255,255,255,0)&#8221; custom_margin=&#8221;0px||||false|false&#8221; custom_margin_tablet=&#8221;||||false|false&#8221; custom_margin_phone=&#8221;||||false|false&#8221; custom_margin_last_edited=&#8221;on|phone&#8221; custom_padding=&#8221;0px||||false|false&#8221; animation_style=&#8221;slide&#8221; animation_direction=&#8221;bottom&#8221; animation_delay=&#8221;150ms&#8221; animation_intensity_slide=&#8221;15%&#8221; animation_speed_curve=&#8221;ease&#8221; hover_enabled=&#8221;0&#8243; text_font_size_tablet=&#8221;1.25em&#8221; header_font_size_tablet=&#8221;4em&#8221; header_font_size_phone=&#8221;12vw&#8221; global_colors_info=&#8221;{}&#8221; sticky_enabled=&#8221;0&#8243;]<\/p>\n<h1>Fabrication<\/h1>\n<p>[\/et_pb_text][\/et_pb_column][\/et_pb_row][\/et_pb_section][et_pb_section fb_built=&#8221;1&#8243; custom_padding_last_edited=&#8221;on|phone&#8221; admin_label=&#8221;Content Layout&#8221; _builder_version=&#8221;4.17.4&#8243; _module_preset=&#8221;default&#8221; background_enable_color=&#8221;off&#8221; background_enable_image=&#8221;off&#8221; background_size=&#8221;contain&#8221; background_position=&#8221;bottom_center&#8221; custom_padding=&#8221;0px|12vw|0px|12vw|true|true&#8221; custom_padding_tablet=&#8221;3px|10vw|3px|10vw|true|true&#8221; custom_padding_phone=&#8221;3px|10vw|3px|10vw|true|true&#8221; hover_enabled=&#8221;0&#8243; background_last_edited=&#8221;on|tablet&#8221; background_size_tablet=&#8221;cover&#8221; locked=&#8221;off&#8221; global_colors_info=&#8221;{}&#8221; sticky_enabled=&#8221;0&#8243;][et_pb_row use_custom_gutter=&#8221;on&#8221; gutter_width=&#8221;2&#8243; _builder_version=&#8221;4.25.0&#8243; _module_preset=&#8221;default&#8221; width=&#8221;100%&#8221; max_width=&#8221;100%&#8221; global_colors_info=&#8221;{}&#8221; custom_padding=&#8221;3px|||||&#8221;][et_pb_column type=&#8221;4_4&#8243; _builder_version=&#8221;4.17.4&#8243; _module_preset=&#8221;default&#8221; global_colors_info=&#8221;{}&#8221;][et_pb_text _builder_version=&#8221;4.25.0&#8243; _module_preset=&#8221;default&#8221; text_font=&#8221;Poppins||||||||&#8221; text_text_color=&#8221;#274953&#8243; text_font_size=&#8221;20px&#8221; text_line_height=&#8221;1.8em&#8221; header_3_font=&#8221;Poppins|600|||||||&#8221; header_3_text_color=&#8221;#274953&#8243; z_index=&#8221;3&#8243; max_width=&#8221;100%&#8221; max_width_tablet=&#8221;100%&#8221; max_width_phone=&#8221;100%&#8221; max_width_last_edited=&#8221;on|phone&#8221; animation_style=&#8221;slide&#8221; animation_direction=&#8221;left&#8221; animation_delay=&#8221;200ms&#8221; animation_intensity_slide=&#8221;13%&#8221; global_colors_info=&#8221;{}&#8221;]<\/p>\n<h2>Chez Gestion Environnementale T. Harris Inc., nous nous sp\u00e9cialisons dans la prestation de services complets en mati\u00e8re d&#8217;environnement, de sant\u00e9 et de s\u00e9curit\u00e9 au travail, sp\u00e9cialement con\u00e7us pour le secteur manufacturier. Gr\u00e2ce \u00e0 notre \u00e9quipe d&#8217;experts et \u00e0 notre technologie novatrice, nous nous engageons \u00e0 aider les entreprises manufacturi\u00e8res \u00e0 se conformer \u00e0 la r\u00e9glementation, \u00e0 att\u00e9nuer les risques environnementaux et \u00e0 am\u00e9liorer leur efficacit\u00e9 op\u00e9rationnelle.<\/h2>\n<p>[\/et_pb_text][et_pb_text _builder_version=&#8221;4.25.0&#8243; _module_preset=&#8221;default&#8221; text_font=&#8221;Poppins||||||||&#8221; text_text_color=&#8221;#274953&#8243; text_font_size=&#8221;20px&#8221; text_line_height=&#8221;1.8em&#8221; header_3_font=&#8221;Poppins|600|||||||&#8221; header_3_text_color=&#8221;#274953&#8243; background_image=&#8221;https:\/\/tharris.ca\/wp-content\/uploads\/2024\/05\/Markets-we-Serve-Manufacturing-1.jpg&#8221; z_index=&#8221;3&#8243; max_width=&#8221;100%&#8221; max_width_tablet=&#8221;100%&#8221; max_width_phone=&#8221;100%&#8221; max_width_last_edited=&#8221;on|phone&#8221; animation_style=&#8221;slide&#8221; animation_direction=&#8221;left&#8221; animation_delay=&#8221;200ms&#8221; animation_intensity_slide=&#8221;13%&#8221; global_colors_info=&#8221;{}&#8221;]<\/p>\n<p>&nbsp;<\/p>\n<p>&nbsp;<\/p>\n<p>&nbsp;<\/p>\n<p>&nbsp;<\/p>\n<p>&nbsp;<\/p>\n<p>&nbsp;<\/p>\n<p>&nbsp;<\/p>\n<p>&nbsp;<\/p>\n<p>&nbsp;<\/p>\n<p>&nbsp;<\/p>\n<p>[\/et_pb_text][et_pb_text _builder_version=&#8221;4.25.0&#8243; _module_preset=&#8221;default&#8221; text_font=&#8221;Poppins||||||||&#8221; text_text_color=&#8221;#274953&#8243; text_font_size=&#8221;20px&#8221; text_line_height=&#8221;1.8em&#8221; header_3_font=&#8221;Poppins|600|||||||&#8221; header_3_text_color=&#8221;#274953&#8243; z_index=&#8221;3&#8243; max_width=&#8221;100%&#8221; max_width_tablet=&#8221;100%&#8221; max_width_phone=&#8221;100%&#8221; max_width_last_edited=&#8221;on|phone&#8221; animation_style=&#8221;slide&#8221; animation_direction=&#8221;left&#8221; animation_delay=&#8221;200ms&#8221; animation_intensity_slide=&#8221;13%&#8221; global_colors_info=&#8221;{}&#8221;]<\/p>\n<h3>Notre gamme de services comprend\u00a0:<\/h3>\n<p>[\/et_pb_text][\/et_pb_column][\/et_pb_row][et_pb_row column_structure=&#8221;1_2,1_2&#8243; use_custom_gutter=&#8221;on&#8221; gutter_width=&#8221;2&#8243; _builder_version=&#8221;4.17.4&#8243; _module_preset=&#8221;default&#8221; width=&#8221;100%&#8221; max_width=&#8221;100%&#8221; global_colors_info=&#8221;{}&#8221;][et_pb_column type=&#8221;1_2&#8243; _builder_version=&#8221;4.17.4&#8243; _module_preset=&#8221;default&#8221; global_colors_info=&#8221;{}&#8221;][et_pb_text _builder_version=&#8221;4.17.4&#8243; _module_preset=&#8221;default&#8221; text_font=&#8221;Poppins||||||||&#8221; text_text_color=&#8221;#274953&#8243; text_font_size=&#8221;20px&#8221; text_line_height=&#8221;1.8em&#8221; header_3_font=&#8221;Poppins|600|||||||&#8221; header_3_text_color=&#8221;#274953&#8243; z_index=&#8221;3&#8243; max_width=&#8221;100%&#8221; max_width_tablet=&#8221;100%&#8221; max_width_phone=&#8221;100%&#8221; max_width_last_edited=&#8221;on|phone&#8221; animation_style=&#8221;slide&#8221; animation_direction=&#8221;left&#8221; animation_delay=&#8221;200ms&#8221; animation_intensity_slide=&#8221;13%&#8221; global_colors_info=&#8221;{}&#8221;]<\/p>\n<p><strong>Services environnementaux :<\/strong><\/p>\n<ul>\n<li>\u00c9valuations environnementales compl\u00e8tes de sites<\/li>\n<li>Solutions d&#8217;assainissement pour les sites contamin\u00e9s<\/li>\n<li>Strat\u00e9gies de r\u00e9am\u00e9nagement des friches industrielles<\/li>\n<li>\u00c9valuation de la diligence raisonnable des transactions immobili\u00e8res<\/li>\n<li>Analyse et gestion de l&#8217;eau potable<\/li>\n<li>Services relatifs aux r\u00e9servoirs de stockage souterrains et hors sol<\/li>\n<\/ul>\n<p><strong>Conformit\u00e9 en mati\u00e8re d&#8217;\u00e9missions et de rejets :<\/strong><\/p>\n<ul>\n<li>Surveillance et d\u00e9claration des \u00e9missions atmosph\u00e9riques<\/li>\n<li>Obtention des autorisations de conformit\u00e9 environnementale pour les r\u00e9glementations relatives \u00e0 l&#8217;air, \u00e0 l&#8217;eau et au bruit<\/li>\n<\/ul>\n<p>&nbsp;<\/p>\n<p><strong>Syst\u00e8mes de gestion :<\/strong><\/p>\n<ul>\n<li>Mise en \u0153uvre de syst\u00e8mes de gestion de l&#8217;environnement<\/li>\n<li>Strat\u00e9gies de gestion des risques environnementaux<\/li>\n<li>Audits et services de gestion des d\u00e9chets<\/li>\n<li>Gestion des mati\u00e8res dangereuses :<\/li>\n<li>\u00c9valuation et assainissement de l&#8217;amiante, des moisissures, du plomb, de la silice et d&#8217;autres substances d\u00e9sign\u00e9es<\/li>\n<li>Enqu\u00eate et gestion des substances d\u00e9sign\u00e9es et des mat\u00e9riaux de construction dangereux<\/li>\n<li>Formation de sensibilisation aux mati\u00e8res dangereuses<\/li>\n<\/ul>\n<p>[\/et_pb_text][\/et_pb_column][et_pb_column type=&#8221;1_2&#8243; _builder_version=&#8221;4.17.4&#8243; _module_preset=&#8221;default&#8221; global_colors_info=&#8221;{}&#8221;][et_pb_text _builder_version=&#8221;4.25.0&#8243; _module_preset=&#8221;default&#8221; text_font=&#8221;Poppins||||||||&#8221; text_text_color=&#8221;#274953&#8243; text_font_size=&#8221;20px&#8221; text_line_height=&#8221;1.8em&#8221; header_3_font=&#8221;Poppins|600|||||||&#8221; header_3_text_color=&#8221;#274953&#8243; z_index=&#8221;3&#8243; max_width=&#8221;100%&#8221; max_width_tablet=&#8221;100%&#8221; max_width_phone=&#8221;100%&#8221; max_width_last_edited=&#8221;on|phone&#8221; animation_style=&#8221;slide&#8221; animation_direction=&#8221;left&#8221; animation_delay=&#8221;200ms&#8221; animation_intensity_slide=&#8221;13%&#8221; locked=&#8221;off&#8221; global_colors_info=&#8221;{}&#8221;]<\/p>\n<p><strong>Sant\u00e9 et s\u00e9curit\u00e9 au travail :<\/strong><\/p>\n<ul>\n<li>\u00c9valuations ergonomiques pour les bureaux \u00e0 domicile et les usines de fabrication<\/li>\n<li>Gestion du stress thermique \/ de la fatigue due \u00e0 la chaleur<\/li>\n<li>\u00c9valuation de la qualit\u00e9 de l&#8217;air int\u00e9rieur et strat\u00e9gies d&#8217;am\u00e9lioration<\/li>\n<li>Surveillance et analyse du bruit<\/li>\n<li>Mod\u00e9lisation et gestion de l&#8217;exposition aux produits chimiques<\/li>\n<li>Services de radioprotection<\/li>\n<li>Essais d&#8217;ajustement des respirateurs et s\u00e9ances de formation \u00e0 la s\u00e9curit\u00e9<\/li>\n<li>\u00c9valuations de la ventilation pour les hottes et les op\u00e9rations sp\u00e9cifiques<\/li>\n<li>\u00c9valuation de la sant\u00e9 et de la s\u00e9curit\u00e9 Prestart<\/li>\n<\/ul>\n<p><strong>Autres services :<\/strong><\/p>\n<ul>\n<li>Services de t\u00e9moins experts pour les questions juridiques<\/li>\n<li>Examen par les pairs des rapports environnementaux<\/li>\n<li>Consultations sur la gestion des risques<\/li>\n<\/ul>\n<ul><\/ul>\n<p>[\/et_pb_text][\/et_pb_column][\/et_pb_row][et_pb_row use_custom_gutter=&#8221;on&#8221; gutter_width=&#8221;2&#8243; _builder_version=&#8221;4.17.4&#8243; _module_preset=&#8221;default&#8221; width=&#8221;100%&#8221; max_width=&#8221;100%&#8221; global_colors_info=&#8221;{}&#8221;][et_pb_column type=&#8221;4_4&#8243; _builder_version=&#8221;4.17.4&#8243; _module_preset=&#8221;default&#8221; global_colors_info=&#8221;{}&#8221;][et_pb_text _builder_version=&#8221;4.25.0&#8243; _module_preset=&#8221;default&#8221; text_font=&#8221;Poppins||||||||&#8221; text_text_color=&#8221;#274953&#8243; text_font_size=&#8221;20px&#8221; text_line_height=&#8221;1.8em&#8221; header_3_font=&#8221;Poppins|600|||||||&#8221; header_3_text_color=&#8221;#274953&#8243; z_index=&#8221;3&#8243; max_width=&#8221;100%&#8221; max_width_tablet=&#8221;100%&#8221; max_width_phone=&#8221;100%&#8221; max_width_last_edited=&#8221;on|phone&#8221; animation_style=&#8221;slide&#8221; animation_direction=&#8221;left&#8221; animation_delay=&#8221;200ms&#8221; animation_intensity_slide=&#8221;13%&#8221; global_colors_info=&#8221;{}&#8221;]<\/p>\n<p>Pour plus d&#8217;informations, <span><a href=\"https:\/\/tharris.ca\/fr\/contactez-nous\/\">contactez-nous<\/a><\/span> ou remplissez le formulaire ci-dessous !<\/p>\n<p>[\/et_pb_text][\/et_pb_column][\/et_pb_row][\/et_pb_section]<\/p>\n","protected":false},"excerpt":{"rendered":"<p>FabricationChez Gestion Environnementale T. Harris Inc., nous nous sp\u00e9cialisons dans la prestation de services complets en mati\u00e8re d&#8217;environnement, de sant\u00e9 et de s\u00e9curit\u00e9 au travail, sp\u00e9cialement con\u00e7us pour le secteur manufacturier. Gr\u00e2ce \u00e0 notre \u00e9quipe d&#8217;experts et \u00e0 notre technologie novatrice, nous nous engageons \u00e0 aider les entreprises manufacturi\u00e8res \u00e0 se conformer \u00e0 la r\u00e9glementation, \u00e0 att\u00e9nuer les risques environnementaux et \u00e0 am\u00e9liorer leur efficacit\u00e9 op\u00e9rationnelle.&nbsp; &nbsp; &nbsp; &nbsp; &nbsp; &nbsp; &nbsp; &nbsp; &nbsp; &nbsp;Notre gamme de services comprend\u00a0:Services environnementaux : \u00c9valuations environnementales compl\u00e8tes de sites Solutions d&#8217;assainissement pour les sites contamin\u00e9s Strat\u00e9gies de r\u00e9am\u00e9nagement des friches industrielles \u00c9valuation de la diligence raisonnable des transactions immobili\u00e8res Analyse et gestion de l&#8217;eau potable Services relatifs aux r\u00e9servoirs de stockage souterrains et hors sol Conformit\u00e9 en mati\u00e8re d&#8217;\u00e9missions et de rejets : Surveillance et d\u00e9claration des \u00e9missions atmosph\u00e9riques Obtention des autorisations de conformit\u00e9 environnementale pour les r\u00e9glementations relatives \u00e0 l&#8217;air, \u00e0 l&#8217;eau et au bruit &nbsp; Syst\u00e8mes de gestion : Mise en \u0153uvre de syst\u00e8mes de gestion de l&#8217;environnement Strat\u00e9gies de gestion des risques environnementaux Audits et services de gestion des d\u00e9chets Gestion des mati\u00e8res dangereuses : \u00c9valuation et assainissement de l&#8217;amiante, des moisissures, du plomb, de la silice et d&#8217;autres substances [&hellip;]<\/p>\n","protected":false},"author":3,"featured_media":0,"parent":952,"menu_order":0,"comment_status":"closed","ping_status":"closed","template":"","meta":{"_acf_changed":false,"_et_pb_use_builder":"on","_et_pb_old_content":"","_et_gb_content_width":"","footnotes":""},"class_list":["post-7817","page","type-page","status-publish","hentry"],"acf":[],"yoast_head":"<!-- This site is optimized with the Yoast SEO plugin v27.3 - https:\/\/yoast.com\/product\/yoast-seo-wordpress\/ -->\n<title>Fabrication - T. Harris<\/title>\n<meta name=\"robots\" content=\"index, follow, max-snippet:-1, max-image-preview:large, max-video-preview:-1\" \/>\n<link rel=\"canonical\" href=\"https:\/\/tharris.ca\/fr\/sectures-de-marche\/fabrication\/\" \/>\n<meta property=\"og:locale\" content=\"fr_FR\" \/>\n<meta property=\"og:type\" content=\"article\" \/>\n<meta property=\"og:title\" content=\"Fabrication - T. Harris\" \/>\n<meta property=\"og:description\" content=\"FabricationChez Gestion Environnementale T. Harris Inc., nous nous sp\u00e9cialisons dans la prestation de services complets en mati\u00e8re d&#039;environnement, de sant\u00e9 et de s\u00e9curit\u00e9 au travail, sp\u00e9cialement con\u00e7us pour le secteur manufacturier. Gr\u00e2ce \u00e0 notre \u00e9quipe d&#039;experts et \u00e0 notre technologie novatrice, nous nous engageons \u00e0 aider les entreprises manufacturi\u00e8res \u00e0 se conformer \u00e0 la r\u00e9glementation, \u00e0 att\u00e9nuer les risques environnementaux et \u00e0 am\u00e9liorer leur efficacit\u00e9 op\u00e9rationnelle.&nbsp; &nbsp; &nbsp; &nbsp; &nbsp; &nbsp; &nbsp; &nbsp; &nbsp; &nbsp;Notre gamme de services comprend\u00a0:Services environnementaux : \u00c9valuations environnementales compl\u00e8tes de sites Solutions d&#039;assainissement pour les sites contamin\u00e9s Strat\u00e9gies de r\u00e9am\u00e9nagement des friches industrielles \u00c9valuation de la diligence raisonnable des transactions immobili\u00e8res Analyse et gestion de l&#039;eau potable Services relatifs aux r\u00e9servoirs de stockage souterrains et hors sol Conformit\u00e9 en mati\u00e8re d&#039;\u00e9missions et de rejets : Surveillance et d\u00e9claration des \u00e9missions atmosph\u00e9riques Obtention des autorisations de conformit\u00e9 environnementale pour les r\u00e9glementations relatives \u00e0 l&#039;air, \u00e0 l&#039;eau et au bruit &nbsp; Syst\u00e8mes de gestion : Mise en \u0153uvre de syst\u00e8mes de gestion de l&#039;environnement Strat\u00e9gies de gestion des risques environnementaux Audits et services de gestion des d\u00e9chets Gestion des mati\u00e8res dangereuses : \u00c9valuation et assainissement de l&#039;amiante, des moisissures, du plomb, de la silice et d&#039;autres substances [&hellip;]\" \/>\n<meta property=\"og:url\" content=\"https:\/\/tharris.ca\/fr\/sectures-de-marche\/fabrication\/\" \/>\n<meta property=\"og:site_name\" content=\"T. Harris\" \/>\n<meta property=\"article:publisher\" content=\"https:\/\/www.facebook.com\/THarrisEnv\" \/>\n<meta property=\"article:modified_time\" content=\"2024-08-09T10:07:03+00:00\" \/>\n<meta name=\"twitter:card\" content=\"summary_large_image\" \/>\n<meta name=\"twitter:site\" content=\"@THarrisEnviro\" \/>\n<script type=\"application\/ld+json\" class=\"yoast-schema-graph\">{\"@context\":\"https:\\\/\\\/schema.org\",\"@graph\":[{\"@type\":\"WebPage\",\"@id\":\"https:\\\/\\\/tharris.ca\\\/fr\\\/sectures-de-marche\\\/fabrication\\\/\",\"url\":\"https:\\\/\\\/tharris.ca\\\/fr\\\/sectures-de-marche\\\/fabrication\\\/\",\"name\":\"Fabrication - T. Harris\",\"isPartOf\":{\"@id\":\"https:\\\/\\\/tharris.ca\\\/#website\"},\"datePublished\":\"2024-05-15T17:00:31+00:00\",\"dateModified\":\"2024-08-09T10:07:03+00:00\",\"breadcrumb\":{\"@id\":\"https:\\\/\\\/tharris.ca\\\/fr\\\/sectures-de-marche\\\/fabrication\\\/#breadcrumb\"},\"inLanguage\":\"fr-FR\",\"potentialAction\":[{\"@type\":\"ReadAction\",\"target\":[\"https:\\\/\\\/tharris.ca\\\/fr\\\/sectures-de-marche\\\/fabrication\\\/\"]}]},{\"@type\":\"BreadcrumbList\",\"@id\":\"https:\\\/\\\/tharris.ca\\\/fr\\\/sectures-de-marche\\\/fabrication\\\/#breadcrumb\",\"itemListElement\":[{\"@type\":\"ListItem\",\"position\":1,\"name\":\"Home\",\"item\":\"https:\\\/\\\/tharris.ca\\\/\"},{\"@type\":\"ListItem\",\"position\":2,\"name\":\"Sectures de Marche\",\"item\":\"https:\\\/\\\/tharris.ca\\\/markets-we-serve\\\/\"},{\"@type\":\"ListItem\",\"position\":3,\"name\":\"Fabrication\"}]},{\"@type\":\"WebSite\",\"@id\":\"https:\\\/\\\/tharris.ca\\\/#website\",\"url\":\"https:\\\/\\\/tharris.ca\\\/\",\"name\":\"T. Harris\",\"description\":\"Environmental Management\",\"publisher\":{\"@id\":\"https:\\\/\\\/tharris.ca\\\/#organization\"},\"potentialAction\":[{\"@type\":\"SearchAction\",\"target\":{\"@type\":\"EntryPoint\",\"urlTemplate\":\"https:\\\/\\\/tharris.ca\\\/?s={search_term_string}\"},\"query-input\":{\"@type\":\"PropertyValueSpecification\",\"valueRequired\":true,\"valueName\":\"search_term_string\"}}],\"inLanguage\":\"fr-FR\"},{\"@type\":\"Organization\",\"@id\":\"https:\\\/\\\/tharris.ca\\\/#organization\",\"name\":\"T Harris Environmental Management Inc.\",\"url\":\"https:\\\/\\\/tharris.ca\\\/\",\"logo\":{\"@type\":\"ImageObject\",\"inLanguage\":\"fr-FR\",\"@id\":\"https:\\\/\\\/tharris.ca\\\/#\\\/schema\\\/logo\\\/image\\\/\",\"url\":\"https:\\\/\\\/tharris.ca\\\/wp-content\\\/uploads\\\/2022\\\/05\\\/Logo-EN-Horizontal-300-1.png\",\"contentUrl\":\"https:\\\/\\\/tharris.ca\\\/wp-content\\\/uploads\\\/2022\\\/05\\\/Logo-EN-Horizontal-300-1.png\",\"width\":961,\"height\":249,\"caption\":\"T Harris Environmental Management Inc.\"},\"image\":{\"@id\":\"https:\\\/\\\/tharris.ca\\\/#\\\/schema\\\/logo\\\/image\\\/\"},\"sameAs\":[\"https:\\\/\\\/www.facebook.com\\\/THarrisEnv\",\"https:\\\/\\\/x.com\\\/THarrisEnviro\",\"https:\\\/\\\/www.linkedin.com\\\/company\\\/t-harris-environmental-management-gestion-environnementale-t-harris-them-geth-inc-\\\/mycompany\\\/?viewAsMember=true\",\"https:\\\/\\\/www.instagram.com\\\/tharrisenvironmental\\\/\",\"https:\\\/\\\/www.youtube.com\\\/channel\\\/UC6A5FXciiu4wPRDBSowX9aQ\"]}]}<\/script>\n<!-- \/ Yoast SEO plugin. -->","yoast_head_json":{"title":"Fabrication - T. Harris","robots":{"index":"index","follow":"follow","max-snippet":"max-snippet:-1","max-image-preview":"max-image-preview:large","max-video-preview":"max-video-preview:-1"},"canonical":"https:\/\/tharris.ca\/fr\/sectures-de-marche\/fabrication\/","og_locale":"fr_FR","og_type":"article","og_title":"Fabrication - T. Harris","og_description":"FabricationChez Gestion Environnementale T. Harris Inc., nous nous sp\u00e9cialisons dans la prestation de services complets en mati\u00e8re d'environnement, de sant\u00e9 et de s\u00e9curit\u00e9 au travail, sp\u00e9cialement con\u00e7us pour le secteur manufacturier. Gr\u00e2ce \u00e0 notre \u00e9quipe d'experts et \u00e0 notre technologie novatrice, nous nous engageons \u00e0 aider les entreprises manufacturi\u00e8res \u00e0 se conformer \u00e0 la r\u00e9glementation, \u00e0 att\u00e9nuer les risques environnementaux et \u00e0 am\u00e9liorer leur efficacit\u00e9 op\u00e9rationnelle.&nbsp; &nbsp; &nbsp; &nbsp; &nbsp; &nbsp; &nbsp; &nbsp; &nbsp; &nbsp;Notre gamme de services comprend\u00a0:Services environnementaux : \u00c9valuations environnementales compl\u00e8tes de sites Solutions d'assainissement pour les sites contamin\u00e9s Strat\u00e9gies de r\u00e9am\u00e9nagement des friches industrielles \u00c9valuation de la diligence raisonnable des transactions immobili\u00e8res Analyse et gestion de l'eau potable Services relatifs aux r\u00e9servoirs de stockage souterrains et hors sol Conformit\u00e9 en mati\u00e8re d'\u00e9missions et de rejets : Surveillance et d\u00e9claration des \u00e9missions atmosph\u00e9riques Obtention des autorisations de conformit\u00e9 environnementale pour les r\u00e9glementations relatives \u00e0 l'air, \u00e0 l'eau et au bruit &nbsp; Syst\u00e8mes de gestion : Mise en \u0153uvre de syst\u00e8mes de gestion de l'environnement Strat\u00e9gies de gestion des risques environnementaux Audits et services de gestion des d\u00e9chets Gestion des mati\u00e8res dangereuses : \u00c9valuation et assainissement de l'amiante, des moisissures, du plomb, de la silice et d'autres substances [&hellip;]","og_url":"https:\/\/tharris.ca\/fr\/sectures-de-marche\/fabrication\/","og_site_name":"T. Harris","article_publisher":"https:\/\/www.facebook.com\/THarrisEnv","article_modified_time":"2024-08-09T10:07:03+00:00","twitter_card":"summary_large_image","twitter_site":"@THarrisEnviro","schema":{"@context":"https:\/\/schema.org","@graph":[{"@type":"WebPage","@id":"https:\/\/tharris.ca\/fr\/sectures-de-marche\/fabrication\/","url":"https:\/\/tharris.ca\/fr\/sectures-de-marche\/fabrication\/","name":"Fabrication - T. Harris","isPartOf":{"@id":"https:\/\/tharris.ca\/#website"},"datePublished":"2024-05-15T17:00:31+00:00","dateModified":"2024-08-09T10:07:03+00:00","breadcrumb":{"@id":"https:\/\/tharris.ca\/fr\/sectures-de-marche\/fabrication\/#breadcrumb"},"inLanguage":"fr-FR","potentialAction":[{"@type":"ReadAction","target":["https:\/\/tharris.ca\/fr\/sectures-de-marche\/fabrication\/"]}]},{"@type":"BreadcrumbList","@id":"https:\/\/tharris.ca\/fr\/sectures-de-marche\/fabrication\/#breadcrumb","itemListElement":[{"@type":"ListItem","position":1,"name":"Home","item":"https:\/\/tharris.ca\/"},{"@type":"ListItem","position":2,"name":"Sectures de Marche","item":"https:\/\/tharris.ca\/markets-we-serve\/"},{"@type":"ListItem","position":3,"name":"Fabrication"}]},{"@type":"WebSite","@id":"https:\/\/tharris.ca\/#website","url":"https:\/\/tharris.ca\/","name":"T. Harris","description":"Environmental Management","publisher":{"@id":"https:\/\/tharris.ca\/#organization"},"potentialAction":[{"@type":"SearchAction","target":{"@type":"EntryPoint","urlTemplate":"https:\/\/tharris.ca\/?s={search_term_string}"},"query-input":{"@type":"PropertyValueSpecification","valueRequired":true,"valueName":"search_term_string"}}],"inLanguage":"fr-FR"},{"@type":"Organization","@id":"https:\/\/tharris.ca\/#organization","name":"T Harris Environmental Management Inc.","url":"https:\/\/tharris.ca\/","logo":{"@type":"ImageObject","inLanguage":"fr-FR","@id":"https:\/\/tharris.ca\/#\/schema\/logo\/image\/","url":"https:\/\/tharris.ca\/wp-content\/uploads\/2022\/05\/Logo-EN-Horizontal-300-1.png","contentUrl":"https:\/\/tharris.ca\/wp-content\/uploads\/2022\/05\/Logo-EN-Horizontal-300-1.png","width":961,"height":249,"caption":"T Harris Environmental Management Inc."},"image":{"@id":"https:\/\/tharris.ca\/#\/schema\/logo\/image\/"},"sameAs":["https:\/\/www.facebook.com\/THarrisEnv","https:\/\/x.com\/THarrisEnviro","https:\/\/www.linkedin.com\/company\/t-harris-environmental-management-gestion-environnementale-t-harris-them-geth-inc-\/mycompany\/?viewAsMember=true","https:\/\/www.instagram.com\/tharrisenvironmental\/","https:\/\/www.youtube.com\/channel\/UC6A5FXciiu4wPRDBSowX9aQ"]}]}},"_links":{"self":[{"href":"https:\/\/tharris.ca\/fr\/wp-json\/wp\/v2\/pages\/7817","targetHints":{"allow":["GET"]}}],"collection":[{"href":"https:\/\/tharris.ca\/fr\/wp-json\/wp\/v2\/pages"}],"about":[{"href":"https:\/\/tharris.ca\/fr\/wp-json\/wp\/v2\/types\/page"}],"author":[{"embeddable":true,"href":"https:\/\/tharris.ca\/fr\/wp-json\/wp\/v2\/users\/3"}],"replies":[{"embeddable":true,"href":"https:\/\/tharris.ca\/fr\/wp-json\/wp\/v2\/comments?post=7817"}],"version-history":[{"count":0,"href":"https:\/\/tharris.ca\/fr\/wp-json\/wp\/v2\/pages\/7817\/revisions"}],"up":[{"embeddable":true,"href":"https:\/\/tharris.ca\/fr\/wp-json\/wp\/v2\/pages\/952"}],"wp:attachment":[{"href":"https:\/\/tharris.ca\/fr\/wp-json\/wp\/v2\/media?parent=7817"}],"curies":[{"name":"wp","href":"https:\/\/api.w.org\/{rel}","templated":true}]}}