{"id":921,"date":"2022-07-05T18:58:30","date_gmt":"2022-07-05T22:58:30","guid":{"rendered":"http:\/\/localhost\/tharris\/ergonomie\/workplace-ergonomics\/"},"modified":"2024-08-09T05:16:24","modified_gmt":"2024-08-09T09:16:24","slug":"ergonomie-du-lieu-de-travail","status":"publish","type":"page","link":"https:\/\/tharris.ca\/fr\/ergonomie\/ergonomie-du-lieu-de-travail\/","title":{"rendered":"Ergonomie du lieu de travail"},"content":{"rendered":"<p>[et_pb_section fb_built=&#8221;1&#8243; custom_padding_last_edited=&#8221;on|phone&#8221; admin_label=&#8221;Header&#8221; _builder_version=&#8221;4.27.0&#8243; _module_preset=&#8221;default&#8221; background_enable_color=&#8221;off&#8221; background_enable_image=&#8221;off&#8221; background_position=&#8221;top_center&#8221; custom_margin=&#8221;||||false|false&#8221; custom_padding=&#8221;248px|10vw|0px|10vw|false|true&#8221; hover_enabled=&#8221;0&#8243; background_last_edited=&#8221;off|desktop&#8221; use_background_color_gradient_tablet=&#8221;on&#8221; use_background_color_gradient_phone=&#8221;on&#8221; background_color_gradient_direction_tablet=&#8221;90deg&#8221; background_color_gradient_stops_tablet=&#8221;#eeeeee 18%|rgba(255,255,255,0.51) 100%&#8221; background_color_gradient_stops_phone=&#8221;rgba(43,43,43,0.65) 100%|#29c4a9 100%&#8221; background_color_gradient_start_tablet=&#8221;rgba(43,43,43,0.65)&#8221; background_color_gradient_start_phone=&#8221;rgba(43,43,43,0.65)&#8221; background_color_gradient_start_position_phone=&#8221;0%&#8221; background_color_gradient_end_position_tablet=&#8221;100%&#8221; background_color_gradient_end_position_phone=&#8221;100%&#8221; global_colors_info=&#8221;{}&#8221; sticky_enabled=&#8221;0&#8243; custom_padding_tablet=&#8221;200px||||false|true&#8221; custom_padding_phone=&#8221;190px||||false|true&#8221;][et_pb_row _builder_version=&#8221;4.17.4&#8243; _module_preset=&#8221;default&#8221; background_color=&#8221;RGBA(255,255,255,0)&#8221; width=&#8221;100%&#8221; max_width=&#8221;100%&#8221; max_width_tablet=&#8221;100%&#8221; max_width_phone=&#8221;100%&#8221; max_width_last_edited=&#8221;on|tablet&#8221; module_alignment=&#8221;left&#8221; global_colors_info=&#8221;{}&#8221;][et_pb_column type=&#8221;4_4&#8243; _builder_version=&#8221;4.16&#8243; _module_preset=&#8221;default&#8221; global_colors_info=&#8221;{}&#8221;][et_pb_text _builder_version=&#8221;4.27.0&#8243; _module_preset=&#8221;b548e066-77dc-45f0-82ba-7e55f7fa1d60&#8243; header_font=&#8221;Raleway|300|||||||&#8221; header_text_color=&#8221;#274953&#8243; header_font_size=&#8221;7em&#8221; header_2_text_color=&#8221;#FFFFFF&#8221; background_color=&#8221;RGBA(255,255,255,0)&#8221; custom_margin=&#8221;0px||0px||false|false&#8221; custom_margin_tablet=&#8221;||0px||false|false&#8221; custom_margin_phone=&#8221;||||false|false&#8221; custom_margin_last_edited=&#8221;on|phone&#8221; custom_padding=&#8221;0px||||false|false&#8221; animation_style=&#8221;slide&#8221; animation_direction=&#8221;bottom&#8221; animation_delay=&#8221;150ms&#8221; animation_intensity_slide=&#8221;15%&#8221; animation_speed_curve=&#8221;ease&#8221; hover_enabled=&#8221;0&#8243; text_font_size_tablet=&#8221;1.25em&#8221; header_font_size_tablet=&#8221;5em&#8221; header_font_size_phone=&#8221;18vw&#8221; header_font_size_last_edited=&#8221;on|phone&#8221; global_colors_info=&#8221;{}&#8221; sticky_enabled=&#8221;0&#8243;]<\/p>\n<h1>Ergonomie du lieu de travail<\/h1>\n<p>[\/et_pb_text][\/et_pb_column][\/et_pb_row][\/et_pb_section][et_pb_section fb_built=&#8221;1&#8243; custom_padding_last_edited=&#8221;on|tablet&#8221; admin_label=&#8221;Content Layout&#8221; _builder_version=&#8221;4.17.4&#8243; _module_preset=&#8221;default&#8221; background_color=&#8221;#FFFFFF&#8221; custom_padding=&#8221;23px|17vw|23px|10vw|true|false&#8221; custom_padding_tablet=&#8221;0px|10vw|0px|10vw|true|true&#8221; custom_padding_phone=&#8221;0px|10vw|50px|10vw|false|true&#8221; global_colors_info=&#8221;{}&#8221;][et_pb_row column_structure=&#8221;1_4,3_4&#8243; use_custom_gutter=&#8221;on&#8221; make_equal=&#8221;on&#8221; _builder_version=&#8221;4.17.4&#8243; _module_preset=&#8221;default&#8221; width=&#8221;100%&#8221; max_width=&#8221;none&#8221; max_width_last_edited=&#8221;off|desktop&#8221; module_alignment=&#8221;center&#8221; custom_padding=&#8221;9px|||||&#8221; custom_css_main_element=&#8221;display:flex;||flex-wrap:wrap;||&#8221; locked=&#8221;off&#8221; global_colors_info=&#8221;{}&#8221; pac_drh_column_numbers_tablet=&#8221;pac_drh_tab_col_one&#8221; pac_drh_column_numbers_phone=&#8221;pac_drh_phone_col_one&#8221; custom_css_main_element_last_edited=&#8221;on|phone&#8221; custom_css_main_element_tablet=&#8221;display:flex;||flex-wrap:wrap;&#8221; custom_css_main_element_phone=&#8221;display:flex;||flex-wrap:wrap;&#8221;][et_pb_column type=&#8221;1_4&#8243; _builder_version=&#8221;4.17.4&#8243; _module_preset=&#8221;default&#8221; animation_style=&#8221;slide&#8221; animation_direction=&#8221;left&#8221; animation_intensity_slide=&#8221;20%&#8221; global_colors_info=&#8221;{}&#8221; custom_css_main_element_last_edited=&#8221;on|tablet&#8221; custom_css_main_element_tablet=&#8221;order:2;&#8221; custom_css_main_element_phone=&#8221;order:2;&#8221;][dsm_menu title=&#8221;Our Services&#8221; title_bottom_gap=&#8221;29px&#8221; menu_id=&#8221;9&#8243; menu_link_text_color=&#8221;#489944&#8243; active_link_color=&#8221;#1DABCA&#8221; menu_space_between=&#8221;20px&#8221; list_style_type=&#8221;none&#8221; submenu_left_space=&#8221;27px&#8221; _builder_version=&#8221;4.17.4&#8243; _module_preset=&#8221;default&#8221; header_font=&#8221;Raleway||||||||&#8221; header_text_color=&#8221;#274953&#8243; header_font_size=&#8221;38px&#8221; menu_font=&#8221;Raleway|500|||||||&#8221; menu_font_size=&#8221;22px&#8221; sub_menu_font=&#8221;||||||||&#8221; sub_menu_text_color=&#8221;#489944&#8243; sub_menu_font_size=&#8221;21px&#8221; custom_margin=&#8221;||26px|||&#8221; custom_padding=&#8221;||||false|false&#8221; custom_padding_tablet=&#8221;100px||||false|false&#8221; custom_padding_last_edited=&#8221;off|desktop&#8221; global_colors_info=&#8221;{}&#8221; sub_menu_text_color__hover_enabled=&#8221;on|hover&#8221; sub_menu_text_color__hover=&#8221;#1DABCA&#8221; menu_link_text_color__hover_enabled=&#8221;on|desktop&#8221; menu_link_text_color__hover=&#8221;#1DABCA&#8221;][\/dsm_menu][dsm_embed_twitter_timeline twitter_username=&#8221;THarrisEnviro&#8221; limit_tweet=&#8221;on&#8221; theme=&#8221;light&#8221; scrollbar=&#8221;off&#8221; remove_background=&#8221;on&#8221; _builder_version=&#8221;4.17.4&#8243; _module_preset=&#8221;default&#8221; custom_padding=&#8221;18px|0px|||false|false&#8221; global_colors_info=&#8221;{}&#8221;][\/dsm_embed_twitter_timeline][et_pb_text _builder_version=&#8221;4.17.4&#8243; _module_preset=&#8221;default&#8221; header_3_font=&#8221;Raleway||||||||&#8221; header_3_text_color=&#8221;#274953&#8243; header_3_font_size=&#8221;38px&#8221; custom_margin=&#8221;||17px|||&#8221; custom_padding=&#8221;50px|0px|15px||false|false&#8221; global_colors_info=&#8221;{}&#8221;]<\/p>\n<h3>Latest News<\/h3>\n<p>[\/et_pb_text][et_pb_blog posts_number=&#8221;1&#8243; _builder_version=&#8221;4.17.4&#8243; _module_preset=&#8221;default&#8221; header_font=&#8221;Raleway||||||||&#8221; header_text_color=&#8221;#274953&#8243; body_font=&#8221;Raleway||||||||&#8221; body_text_color=&#8221;#010101&#8243; meta_font=&#8221;Raleway||||||||&#8221; meta_text_color=&#8221;#489944&#8243; custom_padding=&#8221;|0px|||false|false&#8221; global_colors_info=&#8221;{}&#8221;][\/et_pb_blog][\/et_pb_column][et_pb_column type=&#8221;3_4&#8243; _builder_version=&#8221;4.16&#8243; _module_preset=&#8221;default&#8221; global_colors_info=&#8221;{}&#8221;][et_pb_text _builder_version=&#8221;4.17.4&#8243; _module_preset=&#8221;dab920af-5445-4837-bd71-f39c73a2327d&#8221; background_image=&#8221;https:\/\/tharris.ca\/wp-content\/uploads\/2022\/05\/iStock-1256012711.jpg&#8221; z_index=&#8221;100&#8243; max_width=&#8221;100%&#8221; max_width_tablet=&#8221;100%&#8221; max_width_phone=&#8221;100%&#8221; max_width_last_edited=&#8221;on|phone&#8221; height=&#8221;38em&#8221; height_tablet=&#8221;400px&#8221; height_phone=&#8221;300px&#8221; height_last_edited=&#8221;on|desktop&#8221; custom_margin_tablet=&#8221;||40px||false|false&#8221; custom_margin_phone=&#8221;||40px||false|false&#8221; custom_margin_last_edited=&#8221;on|phone&#8221; animation_style=&#8221;slide&#8221; animation_direction=&#8221;bottom&#8221; animation_delay=&#8221;100ms&#8221; animation_intensity_slide=&#8221;20%&#8221; text_font_size_tablet=&#8221;1.25em&#8221; border_radii=&#8221;on|5px|5px|5px|5px&#8221; global_colors_info=&#8221;{}&#8221;][\/et_pb_text][et_pb_text _builder_version=&#8221;4.17.4&#8243; _module_preset=&#8221;dab920af-5445-4837-bd71-f39c73a2327d&#8221; text_font=&#8221;Poppins||||||||&#8221; text_text_color=&#8221;#274953&#8243; text_font_size=&#8221;20px&#8221; text_line_height=&#8221;1.8em&#8221; z_index=&#8221;3&#8243; max_width=&#8221;100%&#8221; max_width_tablet=&#8221;100%&#8221; max_width_phone=&#8221;100%&#8221; max_width_last_edited=&#8221;on|phone&#8221; custom_margin=&#8221;||||false|false&#8221; custom_padding=&#8221;50px||||false|false&#8221; animation_style=&#8221;slide&#8221; animation_direction=&#8221;bottom&#8221; animation_delay=&#8221;200ms&#8221; animation_intensity_slide=&#8221;13%&#8221; locked=&#8221;off&#8221; global_colors_info=&#8221;{}&#8221;]<\/p>\n<p>Translation needed!<\/p>\n<p>[\/et_pb_text][\/et_pb_column][\/et_pb_row][\/et_pb_section]<\/p>\n","protected":false},"excerpt":{"rendered":"<p>Ergonomie du lieu de travail<div class=\"et_pb_module dsm_menu dsm_menu_0  et_pb_text_align_left et_pb_bg_layout_light\">\n\t\t\t\t\n\t\t\t\t\n\t\t\t\t\n\t\t\t\t\n\t\t\t\t\n\t\t\t\t\n\t\t\t\t<div class=\"et_pb_module_inner\">\n\t\t\t\t\t<h4 class=\"dsm-menu-title et_pb_module_header\">Our Services<\/h4><nav class=\"dsm-menu-container\" role=navigation itemscope itemtype=http:\/\/schema.org\/SiteNavigationElement><ul id=\"menu-french-services-menu\" class=\"dsm-menu dsm-menu-style-type-none dsm-menu-layout-vertical\"><li id=\"menu-item-1008\" class=\"et_pb_menu_page_id-886 menu-item menu-item-type-post_type menu-item-object-page menu-item-1008\"><a href=\"https:\/\/tharris.ca\/fr\/formation-en-entreprise\/\" itemprop=\"url\"><span itemprop=\"name\">Formation en entreprise<\/span><\/a><\/li>\n<li id=\"menu-item-1013\" class=\"et_pb_menu_page_id-916 menu-item menu-item-type-post_type menu-item-object-page menu-item-1013\"><a href=\"https:\/\/tharris.ca\/fr\/ergonomie\/\" itemprop=\"url\"><span itemprop=\"name\">Ergonomie<\/span><\/a><\/li>\n<li id=\"menu-item-5392\" class=\"et_pb_menu_page_id-1016 menu-item menu-item-type-post_type menu-item-object-page menu-item-has-children menu-item-5392\"><a href=\"https:\/\/tharris.ca\/fr\/services-conseils-en-environment\/\" itemprop=\"url\"><span itemprop=\"name\">Services-Conseils en Environnment<\/span><\/a>\n<ul class=\"sub-menu\">\n\t<li id=\"menu-item-5393\" class=\"et_pb_menu_page_id-1195 menu-item menu-item-type-post_type menu-item-object-page menu-item-5393\"><a href=\"https:\/\/tharris.ca\/fr\/services-conseils-en-environment\/reamenagement-de-friches-industrielles\/\" itemprop=\"url\"><span itemprop=\"name\">R\u00e9am\u00e9nagement de friches industrielles<\/span><\/a><\/li>\n\t<li id=\"menu-item-5394\" class=\"et_pb_menu_page_id-1201 menu-item menu-item-type-post_type menu-item-object-page menu-item-5394\"><a href=\"https:\/\/tharris.ca\/fr\/services-conseils-en-environment\/diligence-raisonnable-et-assainissement-de-lenvironnement\/\" itemprop=\"url\"><span itemprop=\"name\">Diligence raisonnable et assainissement de l\u2019environnement<\/span><\/a><\/li>\n\t<li id=\"menu-item-5395\" class=\"et_pb_menu_page_id-1023 menu-item menu-item-type-post_type menu-item-object-page menu-item-5395\"><a href=\"https:\/\/tharris.ca\/fr\/services-conseils-en-environment\/evaluation-des-reservoirs-de-stockage-souterains\/\" itemprop=\"url\"><span itemprop=\"name\">\u00c9valuation des reservoirs de stockage souterains<\/span><\/a><\/li>\n<\/ul>\n<\/li>\n<li id=\"menu-item-1003\" class=\"et_pb_menu_page_id-867 menu-item menu-item-type-post_type menu-item-object-page menu-item-has-children menu-item-1003\"><a href=\"https:\/\/tharris.ca\/fr\/gestion-des-materiaux-dangereuses\/\" itemprop=\"url\"><span itemprop=\"name\">Gestion des Mati\u00e8res Dangereuses<\/span><\/a>\n<ul class=\"sub-menu\">\n\t<li id=\"menu-item-1004\" class=\"et_pb_menu_page_id-854 menu-item menu-item-type-post_type menu-item-object-page menu-item-1004\"><a href=\"https:\/\/tharris.ca\/fr\/amiante\/\" itemprop=\"url\"><span itemprop=\"name\">Amiante<\/span><\/a><\/li>\n\t<li id=\"menu-item-8923\" class=\"et_pb_menu_page_id-8917 menu-item menu-item-type-post_type menu-item-object-page menu-item-8923\"><a href=\"https:\/\/tharris.ca\/fr\/gestion-des-materiaux-dangereuses\/esd\/\" itemprop=\"url\"><span itemprop=\"name\">\u00c9tude Sur Les Substances D\u00e9sign\u00e9es (ESD)<\/span><\/a><\/li>\n\t<li id=\"menu-item-1006\" class=\"et_pb_menu_page_id-871 menu-item menu-item-type-post_type menu-item-object-page menu-item-1006\"><a href=\"https:\/\/tharris.ca\/fr\/gestion-des-materiaux-dangereuses\/enquetes-sur-le-plomb\/\" itemprop=\"url\"><span itemprop=\"name\">Enqu\u00eates sur le plomb<\/span><\/a><\/li>\n\t<li id=\"menu-item-1005\" class=\"et_pb_menu_page_id-875 menu-item menu-item-type-post_type menu-item-object-page menu-item-1005\"><a href=\"https:\/\/tharris.ca\/fr\/gestion-des-materiaux-dangereuses\/evaluations-des-moisissures\/\" itemprop=\"url\"><span itemprop=\"name\">\u00c9valuations des moisissures<\/span><\/a><\/li>\n<\/ul>\n<\/li>\n<li id=\"menu-item-1007\" class=\"et_pb_menu_page_id-879 menu-item menu-item-type-post_type menu-item-object-page menu-item-1007\"><a href=\"https:\/\/tharris.ca\/fr\/sante-et-securite-au-travail\/\" itemprop=\"url\"><span itemprop=\"name\">Sant\u00e9 et s\u00e9curit\u00e9 au travail<\/span><\/a><\/li>\n<li id=\"menu-item-1009\" class=\"et_pb_menu_page_id-892 menu-item menu-item-type-post_type menu-item-object-page menu-item-has-children menu-item-1009\"><a href=\"https:\/\/tharris.ca\/fr\/hygiene-du-travail\/\" itemprop=\"url\"><span itemprop=\"name\">Hygi\u00e8ne du travail<\/span><\/a>\n<ul class=\"sub-menu\">\n\t<li id=\"menu-item-6724\" class=\"et_pb_menu_page_id-6715 menu-item menu-item-type-post_type menu-item-object-page menu-item-6724\"><a href=\"https:\/\/tharris.ca\/fr\/hygiene-du-travail\/ventilation\/\" itemprop=\"url\"><span itemprop=\"name\">Ventilation<\/span><\/a><\/li>\n\t<li id=\"menu-item-1010\" class=\"et_pb_menu_page_id-897 menu-item menu-item-type-post_type menu-item-object-page menu-item-1010\"><a href=\"https:\/\/tharris.ca\/fr\/hygiene-du-travail\/evaluation-de-la-qualite-de-lair-interieur\/\" itemprop=\"url\"><span itemprop=\"name\">\u00c9valuation de la qualit\u00e9 de l\u2019air int\u00e9rieur<\/span><\/a><\/li>\n\t<li id=\"menu-item-1011\" class=\"et_pb_menu_page_id-905 menu-item menu-item-type-post_type menu-item-object-page menu-item-1011\"><a href=\"https:\/\/tharris.ca\/fr\/hygiene-du-travail\/stress-thermique\/\" itemprop=\"url\"><span itemprop=\"name\">Stress thermique<\/span><\/a><\/li>\n\t<li id=\"menu-item-1012\" class=\"et_pb_menu_page_id-910 menu-item menu-item-type-post_type menu-item-object-page menu-item-1012\"><a href=\"https:\/\/tharris.ca\/fr\/hygiene-du-travail\/bruit-et-protection-de-louie\/\" itemprop=\"url\"><span itemprop=\"name\">Bruit et protection de l\u2019ou\u00efe<\/span><\/a><\/li>\n\t<li id=\"menu-item-6725\" class=\"et_pb_menu_page_id-939 menu-item menu-item-type-post_type menu-item-object-page menu-item-6725\"><a href=\"https:\/\/tharris.ca\/fr\/hygiene-du-travail\/test-de-radon\/\" itemprop=\"url\"><span itemprop=\"name\">Test De Radon<\/span><\/a><\/li>\n<\/ul>\n<\/li>\n<\/ul><\/nav>\n\t\t\t\t<\/div>\n\t\t\t<\/div><div class=\"et_pb_module dsm_embed_twitter_timeline dsm_embed_twitter_timeline_0\">\n\t\t\t\t\n\t\t\t\t\n\t\t\t\t\n\t\t\t\t\n\t\t\t\t\n\t\t\t\t\n\t\t\t\t<div class=\"et_pb_module_inner\">\n\t\t\t\t\t<div class=\"dsm-twitter-timeline\">\n\t\t\t\t<a class=\"twitter-timeline\" data-height=\"800\" data-theme=\"light\" href=\"https:\/\/twitter.com\/THarrisEnviro\" data-chrome=\" noscrollbar transparent\" data-tweet-limit=3>Tweets by @THarrisEnviro<\/a>\n\t\t\t<\/div>\n\t\t\t\t<\/div>\n\t\t\t<\/div>Latest NewsTranslation needed!<\/p>\n","protected":false},"author":1,"featured_media":0,"parent":916,"menu_order":0,"comment_status":"closed","ping_status":"closed","template":"","meta":{"_acf_changed":false,"_et_pb_use_builder":"on","_et_pb_old_content":"<!-- wp:divi\/placeholder \/-->","_et_gb_content_width":"","footnotes":""},"class_list":["post-921","page","type-page","status-publish","hentry"],"acf":[],"yoast_head":"<!-- This site is optimized with the Yoast SEO plugin v27.3 - https:\/\/yoast.com\/product\/yoast-seo-wordpress\/ -->\n<title>Ergonomie du lieu de travail - T. Harris<\/title>\n<meta name=\"robots\" content=\"index, follow, max-snippet:-1, max-image-preview:large, max-video-preview:-1\" \/>\n<link rel=\"canonical\" href=\"https:\/\/tharris.ca\/fr\/ergonomie\/ergonomie-du-lieu-de-travail\/\" \/>\n<meta property=\"og:locale\" content=\"fr_FR\" \/>\n<meta property=\"og:type\" content=\"article\" \/>\n<meta property=\"og:title\" content=\"Ergonomie du lieu de travail - T. Harris\" \/>\n<meta property=\"og:description\" content=\"Ergonomie du lieu de travailLatest NewsTranslation needed!\" \/>\n<meta property=\"og:url\" content=\"https:\/\/tharris.ca\/fr\/ergonomie\/ergonomie-du-lieu-de-travail\/\" \/>\n<meta property=\"og:site_name\" content=\"T. Harris\" \/>\n<meta property=\"article:publisher\" content=\"https:\/\/www.facebook.com\/THarrisEnv\" \/>\n<meta property=\"article:modified_time\" content=\"2024-08-09T09:16:24+00:00\" \/>\n<meta name=\"twitter:card\" content=\"summary_large_image\" \/>\n<meta name=\"twitter:site\" content=\"@THarrisEnviro\" \/>\n<meta name=\"twitter:label1\" content=\"Est. reading time\" \/>\n\t<meta name=\"twitter:data1\" content=\"1 minute\" \/>\n<script type=\"application\/ld+json\" class=\"yoast-schema-graph\">{\"@context\":\"https:\\\/\\\/schema.org\",\"@graph\":[{\"@type\":\"WebPage\",\"@id\":\"https:\\\/\\\/tharris.ca\\\/fr\\\/ergonomie\\\/ergonomie-du-lieu-de-travail\\\/\",\"url\":\"https:\\\/\\\/tharris.ca\\\/fr\\\/ergonomie\\\/ergonomie-du-lieu-de-travail\\\/\",\"name\":\"Ergonomie du lieu de travail - T. Harris\",\"isPartOf\":{\"@id\":\"https:\\\/\\\/tharris.ca\\\/#website\"},\"datePublished\":\"2022-07-05T22:58:30+00:00\",\"dateModified\":\"2024-08-09T09:16:24+00:00\",\"breadcrumb\":{\"@id\":\"https:\\\/\\\/tharris.ca\\\/fr\\\/ergonomie\\\/ergonomie-du-lieu-de-travail\\\/#breadcrumb\"},\"inLanguage\":\"fr-FR\",\"potentialAction\":[{\"@type\":\"ReadAction\",\"target\":[\"https:\\\/\\\/tharris.ca\\\/fr\\\/ergonomie\\\/ergonomie-du-lieu-de-travail\\\/\"]}]},{\"@type\":\"BreadcrumbList\",\"@id\":\"https:\\\/\\\/tharris.ca\\\/fr\\\/ergonomie\\\/ergonomie-du-lieu-de-travail\\\/#breadcrumb\",\"itemListElement\":[{\"@type\":\"ListItem\",\"position\":1,\"name\":\"Home\",\"item\":\"https:\\\/\\\/tharris.ca\\\/\"},{\"@type\":\"ListItem\",\"position\":2,\"name\":\"Ergonomie\",\"item\":\"https:\\\/\\\/tharris.ca\\\/fr\\\/ergonomie\\\/\"},{\"@type\":\"ListItem\",\"position\":3,\"name\":\"Ergonomie du lieu de travail\"}]},{\"@type\":\"WebSite\",\"@id\":\"https:\\\/\\\/tharris.ca\\\/#website\",\"url\":\"https:\\\/\\\/tharris.ca\\\/\",\"name\":\"T. Harris\",\"description\":\"Environmental Management\",\"publisher\":{\"@id\":\"https:\\\/\\\/tharris.ca\\\/#organization\"},\"potentialAction\":[{\"@type\":\"SearchAction\",\"target\":{\"@type\":\"EntryPoint\",\"urlTemplate\":\"https:\\\/\\\/tharris.ca\\\/?s={search_term_string}\"},\"query-input\":{\"@type\":\"PropertyValueSpecification\",\"valueRequired\":true,\"valueName\":\"search_term_string\"}}],\"inLanguage\":\"fr-FR\"},{\"@type\":\"Organization\",\"@id\":\"https:\\\/\\\/tharris.ca\\\/#organization\",\"name\":\"T Harris Environmental Management Inc.\",\"url\":\"https:\\\/\\\/tharris.ca\\\/\",\"logo\":{\"@type\":\"ImageObject\",\"inLanguage\":\"fr-FR\",\"@id\":\"https:\\\/\\\/tharris.ca\\\/#\\\/schema\\\/logo\\\/image\\\/\",\"url\":\"https:\\\/\\\/tharris.ca\\\/wp-content\\\/uploads\\\/2022\\\/05\\\/Logo-EN-Horizontal-300-1.png\",\"contentUrl\":\"https:\\\/\\\/tharris.ca\\\/wp-content\\\/uploads\\\/2022\\\/05\\\/Logo-EN-Horizontal-300-1.png\",\"width\":961,\"height\":249,\"caption\":\"T Harris Environmental Management Inc.\"},\"image\":{\"@id\":\"https:\\\/\\\/tharris.ca\\\/#\\\/schema\\\/logo\\\/image\\\/\"},\"sameAs\":[\"https:\\\/\\\/www.facebook.com\\\/THarrisEnv\",\"https:\\\/\\\/x.com\\\/THarrisEnviro\",\"https:\\\/\\\/www.linkedin.com\\\/company\\\/t-harris-environmental-management-gestion-environnementale-t-harris-them-geth-inc-\\\/mycompany\\\/?viewAsMember=true\",\"https:\\\/\\\/www.instagram.com\\\/tharrisenvironmental\\\/\",\"https:\\\/\\\/www.youtube.com\\\/channel\\\/UC6A5FXciiu4wPRDBSowX9aQ\"]}]}<\/script>\n<!-- \/ Yoast SEO plugin. -->","yoast_head_json":{"title":"Ergonomie du lieu de travail - T. Harris","robots":{"index":"index","follow":"follow","max-snippet":"max-snippet:-1","max-image-preview":"max-image-preview:large","max-video-preview":"max-video-preview:-1"},"canonical":"https:\/\/tharris.ca\/fr\/ergonomie\/ergonomie-du-lieu-de-travail\/","og_locale":"fr_FR","og_type":"article","og_title":"Ergonomie du lieu de travail - T. Harris","og_description":"Ergonomie du lieu de travailLatest NewsTranslation needed!","og_url":"https:\/\/tharris.ca\/fr\/ergonomie\/ergonomie-du-lieu-de-travail\/","og_site_name":"T. Harris","article_publisher":"https:\/\/www.facebook.com\/THarrisEnv","article_modified_time":"2024-08-09T09:16:24+00:00","twitter_card":"summary_large_image","twitter_site":"@THarrisEnviro","twitter_misc":{"Est. reading time":"1 minute"},"schema":{"@context":"https:\/\/schema.org","@graph":[{"@type":"WebPage","@id":"https:\/\/tharris.ca\/fr\/ergonomie\/ergonomie-du-lieu-de-travail\/","url":"https:\/\/tharris.ca\/fr\/ergonomie\/ergonomie-du-lieu-de-travail\/","name":"Ergonomie du lieu de travail - T. Harris","isPartOf":{"@id":"https:\/\/tharris.ca\/#website"},"datePublished":"2022-07-05T22:58:30+00:00","dateModified":"2024-08-09T09:16:24+00:00","breadcrumb":{"@id":"https:\/\/tharris.ca\/fr\/ergonomie\/ergonomie-du-lieu-de-travail\/#breadcrumb"},"inLanguage":"fr-FR","potentialAction":[{"@type":"ReadAction","target":["https:\/\/tharris.ca\/fr\/ergonomie\/ergonomie-du-lieu-de-travail\/"]}]},{"@type":"BreadcrumbList","@id":"https:\/\/tharris.ca\/fr\/ergonomie\/ergonomie-du-lieu-de-travail\/#breadcrumb","itemListElement":[{"@type":"ListItem","position":1,"name":"Home","item":"https:\/\/tharris.ca\/"},{"@type":"ListItem","position":2,"name":"Ergonomie","item":"https:\/\/tharris.ca\/fr\/ergonomie\/"},{"@type":"ListItem","position":3,"name":"Ergonomie du lieu de travail"}]},{"@type":"WebSite","@id":"https:\/\/tharris.ca\/#website","url":"https:\/\/tharris.ca\/","name":"T. Harris","description":"Environmental Management","publisher":{"@id":"https:\/\/tharris.ca\/#organization"},"potentialAction":[{"@type":"SearchAction","target":{"@type":"EntryPoint","urlTemplate":"https:\/\/tharris.ca\/?s={search_term_string}"},"query-input":{"@type":"PropertyValueSpecification","valueRequired":true,"valueName":"search_term_string"}}],"inLanguage":"fr-FR"},{"@type":"Organization","@id":"https:\/\/tharris.ca\/#organization","name":"T Harris Environmental Management Inc.","url":"https:\/\/tharris.ca\/","logo":{"@type":"ImageObject","inLanguage":"fr-FR","@id":"https:\/\/tharris.ca\/#\/schema\/logo\/image\/","url":"https:\/\/tharris.ca\/wp-content\/uploads\/2022\/05\/Logo-EN-Horizontal-300-1.png","contentUrl":"https:\/\/tharris.ca\/wp-content\/uploads\/2022\/05\/Logo-EN-Horizontal-300-1.png","width":961,"height":249,"caption":"T Harris Environmental Management Inc."},"image":{"@id":"https:\/\/tharris.ca\/#\/schema\/logo\/image\/"},"sameAs":["https:\/\/www.facebook.com\/THarrisEnv","https:\/\/x.com\/THarrisEnviro","https:\/\/www.linkedin.com\/company\/t-harris-environmental-management-gestion-environnementale-t-harris-them-geth-inc-\/mycompany\/?viewAsMember=true","https:\/\/www.instagram.com\/tharrisenvironmental\/","https:\/\/www.youtube.com\/channel\/UC6A5FXciiu4wPRDBSowX9aQ"]}]}},"_links":{"self":[{"href":"https:\/\/tharris.ca\/fr\/wp-json\/wp\/v2\/pages\/921","targetHints":{"allow":["GET"]}}],"collection":[{"href":"https:\/\/tharris.ca\/fr\/wp-json\/wp\/v2\/pages"}],"about":[{"href":"https:\/\/tharris.ca\/fr\/wp-json\/wp\/v2\/types\/page"}],"author":[{"embeddable":true,"href":"https:\/\/tharris.ca\/fr\/wp-json\/wp\/v2\/users\/1"}],"replies":[{"embeddable":true,"href":"https:\/\/tharris.ca\/fr\/wp-json\/wp\/v2\/comments?post=921"}],"version-history":[{"count":0,"href":"https:\/\/tharris.ca\/fr\/wp-json\/wp\/v2\/pages\/921\/revisions"}],"up":[{"embeddable":true,"href":"https:\/\/tharris.ca\/fr\/wp-json\/wp\/v2\/pages\/916"}],"wp:attachment":[{"href":"https:\/\/tharris.ca\/fr\/wp-json\/wp\/v2\/media?parent=921"}],"curies":[{"name":"wp","href":"https:\/\/api.w.org\/{rel}","templated":true}]}}