{"id":945,"date":"2022-05-18T19:16:07","date_gmt":"2022-05-18T23:16:07","guid":{"rendered":"http:\/\/localhost\/tharris\/about\/"},"modified":"2024-10-23T14:37:47","modified_gmt":"2024-10-23T18:37:47","slug":"notre-page","status":"publish","type":"page","link":"https:\/\/tharris.ca\/fr\/notre-page\/","title":{"rendered":"Notre Page"},"content":{"rendered":"<p>[et_pb_section fb_built=&#8221;1&#8243; custom_padding_last_edited=&#8221;on|desktop&#8221; admin_label=&#8221;Header&#8221; _builder_version=&#8221;4.27.0&#8243; _module_preset=&#8221;default&#8221; background_enable_color=&#8221;off&#8221; background_enable_image=&#8221;off&#8221; background_position=&#8221;top_center&#8221; custom_margin=&#8221;||||false|false&#8221; custom_padding=&#8221;248px|12vw|0px|12vw|false|true&#8221; custom_padding_tablet=&#8221;200px||||false|true&#8221; custom_padding_phone=&#8221;190px||||false|true&#8221; background_last_edited=&#8221;off|desktop&#8221; use_background_color_gradient_tablet=&#8221;on&#8221; use_background_color_gradient_phone=&#8221;on&#8221; background_color_gradient_direction_tablet=&#8221;90deg&#8221; background_color_gradient_stops_tablet=&#8221;#eeeeee 18%|rgba(255,255,255,0.51) 100%&#8221; background_color_gradient_stops_phone=&#8221;rgba(43,43,43,0.65) 100%|#29c4a9 100%&#8221; background_color_gradient_start_tablet=&#8221;rgba(43,43,43,0.65)&#8221; background_color_gradient_start_phone=&#8221;rgba(43,43,43,0.65)&#8221; background_color_gradient_start_position_phone=&#8221;0%&#8221; background_color_gradient_end_position_tablet=&#8221;100%&#8221; background_color_gradient_end_position_phone=&#8221;100%&#8221; locked=&#8221;off&#8221; global_colors_info=&#8221;{}&#8221; theme_builder_area=&#8221;post_content&#8221;][et_pb_row custom_padding_last_edited=&#8221;on|desktop&#8221; _builder_version=&#8221;4.27.0&#8243; _module_preset=&#8221;default&#8221; background_color=&#8221;RGBA(255,255,255,0)&#8221; width=&#8221;100%&#8221; max_width_tablet=&#8221;100%&#8221; max_width_phone=&#8221;100%&#8221; max_width_last_edited=&#8221;on|tablet&#8221; module_alignment=&#8221;left&#8221; custom_padding=&#8221;||0px||false|false&#8221; custom_padding_tablet=&#8221;||||false|false&#8221; custom_padding_phone=&#8221;||||false|false&#8221; global_colors_info=&#8221;{}&#8221; theme_builder_area=&#8221;post_content&#8221;][et_pb_column type=&#8221;4_4&#8243; _builder_version=&#8221;4.16&#8243; _module_preset=&#8221;default&#8221; global_colors_info=&#8221;{}&#8221; theme_builder_area=&#8221;post_content&#8221;][et_pb_text _builder_version=&#8221;4.27.0&#8243; _module_preset=&#8221;b548e066-77dc-45f0-82ba-7e55f7fa1d60&#8243; header_font=&#8221;Raleway|300|||||||&#8221; header_text_color=&#8221;#274953&#8243; header_font_size=&#8221;7em&#8221; header_2_text_color=&#8221;#FFFFFF&#8221; background_color=&#8221;RGBA(255,255,255,0)&#8221; custom_margin=&#8221;0px||0px||false|false&#8221; custom_margin_tablet=&#8221;||0px||false|false&#8221; custom_margin_phone=&#8221;||0px||false|false&#8221; custom_margin_last_edited=&#8221;on|desktop&#8221; custom_padding=&#8221;0px||||false|false&#8221; custom_padding_tablet=&#8221;0px||||false|false&#8221; custom_padding_phone=&#8221;0px||||false|false&#8221; custom_padding_last_edited=&#8221;on|desktop&#8221; animation_style=&#8221;slide&#8221; animation_direction=&#8221;bottom&#8221; animation_delay=&#8221;150ms&#8221; animation_intensity_slide=&#8221;15%&#8221; animation_speed_curve=&#8221;ease&#8221; hover_enabled=&#8221;0&#8243; text_font_size_tablet=&#8221;1.25em&#8221; header_font_size_tablet=&#8221;5em&#8221; header_font_size_phone=&#8221;4em&#8221; header_font_size_last_edited=&#8221;on|phone&#8221; global_colors_info=&#8221;{}&#8221; theme_builder_area=&#8221;post_content&#8221; sticky_enabled=&#8221;0&#8243;]<\/p>\n<h1><span data-contrast=\"none\" xml:lang=\"FR-FR\" lang=\"FR-FR\" class=\"TextRun SCXW252217130 BCX8\"><span class=\"NormalTextRun SCXW252217130 BCX8\" data-ccp-parastyle=\"heading 1\">\u00c0 Propos<\/span><\/span><\/h1>\n<p>[\/et_pb_text][\/et_pb_column][\/et_pb_row][\/et_pb_section][et_pb_section fb_built=&#8221;1&#8243; custom_padding_last_edited=&#8221;on|tablet&#8221; admin_label=&#8221;Content Layout&#8221; _builder_version=&#8221;4.17.4&#8243; _module_preset=&#8221;default&#8221; background_color=&#8221;#FFFFFF&#8221; custom_padding=&#8221;0px|12vw|0px|12vw|true|true&#8221; custom_padding_tablet=&#8221;0px|10vw|0px|10vw|true|true&#8221; custom_padding_phone=&#8221;0px|10vw|50px|10vw|false|true&#8221; global_colors_info=&#8221;{}&#8221; theme_builder_area=&#8221;post_content&#8221;][et_pb_row _builder_version=&#8221;4.17.4&#8243; _module_preset=&#8221;default&#8221; width=&#8221;100%&#8221; max_width=&#8221;100%&#8221; module_alignment=&#8221;left&#8221; global_colors_info=&#8221;{}&#8221; theme_builder_area=&#8221;post_content&#8221;][et_pb_column type=&#8221;4_4&#8243; _builder_version=&#8221;4.17.4&#8243; _module_preset=&#8221;default&#8221; global_colors_info=&#8221;{}&#8221; theme_builder_area=&#8221;post_content&#8221;][et_pb_text _builder_version=&#8221;4.27.0&#8243; _module_preset=&#8221;default&#8221; text_font=&#8221;Poppins||||||||&#8221; text_text_color=&#8221;#274953&#8243; text_font_size=&#8221;20px&#8221; text_line_height=&#8221;1.8em&#8221; global_colors_info=&#8221;{}&#8221; theme_builder_area=&#8221;post_content&#8221;]<\/p>\n<p><span data-contrast=\"auto\">Fond\u00e9e par Trevor Harris en 1979, la soci\u00e9t\u00e9 Gestion Environnemental T. Harris (GETH) est pass\u00e9e du statut de premi\u00e8re soci\u00e9t\u00e9 de conseil en amiante au Canada \u00e0 celui de principal fournisseur de services de gestion de l&#8217;environnement et de la sant\u00e9 et de la s\u00e9curit\u00e9 au travail. Fond\u00e9e sur l&#8217;expertise <\/span><span data-contrast=\"auto\">l\u2019importance que nous attribuons<\/span><span data-contrast=\"auto\"> de la sant\u00e9 et de la s\u00e9curit\u00e9, GETH a continuellement \u00e9volu\u00e9 pour r\u00e9pondre aux besoins changeants de ses clients.\u00a0<\/span><span data-ccp-props=\"{}\">\u00a0<\/span><\/p>\n<p><span data-contrast=\"auto\">D\u00e8s nos d\u00e9buts, nous avons \u00e9t\u00e9 anim\u00e9s par le d\u00e9sir d&#8217;avoir un impact positif. Trevor, et peu apr\u00e8s John Fisher, ont reconnu l&#8217;importance de la sant\u00e9 et de la s\u00e9curit\u00e9 environnementales alors que le secteur du conseil en environnement \u00e9tait en pleine \u00e9volution. C&#8217;est cette clairvoyance qui nous a permis de rester \u00e0 l&#8217;avant-garde et de mener l&#8217;industrie en d\u00e9veloppant des solutions innovantes pour relever des d\u00e9fis environnementaux complexes.<\/span><span data-ccp-props=\"{}\">\u00a0<\/span><\/p>\n<p>[\/et_pb_text][\/et_pb_column][\/et_pb_row][et_pb_row _builder_version=&#8221;4.27.0&#8243; _module_preset=&#8221;default&#8221; global_colors_info=&#8221;{}&#8221; theme_builder_area=&#8221;post_content&#8221;][et_pb_column type=&#8221;4_4&#8243; _builder_version=&#8221;4.27.0&#8243; _module_preset=&#8221;default&#8221; global_colors_info=&#8221;{}&#8221; theme_builder_area=&#8221;post_content&#8221;][et_pb_video src=&#8221;https:\/\/youtu.be\/Cl0AsYyz_pU?si=4_v9LJF-RsLQhAfx&#8221; _builder_version=&#8221;4.27.0&#8243; _module_preset=&#8221;default&#8221; global_colors_info=&#8221;{}&#8221; theme_builder_area=&#8221;post_content&#8221;][\/et_pb_video][\/et_pb_column][\/et_pb_row][et_pb_row _builder_version=&#8221;4.27.0&#8243; _module_preset=&#8221;default&#8221; width=&#8221;100%&#8221; max_width=&#8221;100%&#8221; module_alignment=&#8221;left&#8221; hover_enabled=&#8221;0&#8243; global_colors_info=&#8221;{}&#8221; theme_builder_area=&#8221;post_content&#8221; sticky_enabled=&#8221;0&#8243;][et_pb_column type=&#8221;4_4&#8243; _builder_version=&#8221;4.17.4&#8243; _module_preset=&#8221;default&#8221; global_colors_info=&#8221;{}&#8221; theme_builder_area=&#8221;post_content&#8221;][et_pb_text _builder_version=&#8221;4.27.0&#8243; _module_preset=&#8221;default&#8221; text_font=&#8221;Poppins||||||||&#8221; text_text_color=&#8221;#274953&#8243; text_font_size=&#8221;20px&#8221; text_line_height=&#8221;1.8em&#8221; header_3_font=&#8221;Poppins||||||||&#8221; header_3_text_color=&#8221;#274953&#8243; custom_margin=&#8221;||||false|false&#8221; custom_padding=&#8221;||||false|false&#8221; hover_enabled=&#8221;0&#8243; global_colors_info=&#8221;{}&#8221; theme_builder_area=&#8221;post_content&#8221; sticky_enabled=&#8221;0&#8243;]<\/p>\n<h2 aria-level=\"2\"><span data-contrast=\"none\">Qui est GETH ?<\/span><span data-ccp-props=\"{&quot;134245418&quot;:true,&quot;134245529&quot;:true,&quot;335559738&quot;:160,&quot;335559739&quot;:80}\">\u00a0<\/span><\/h2>\n<p><span data-contrast=\"auto\">Nous aspirons et encourageons la communaut\u00e9 locale, ses individus et entreprises \u00e0 atteindre l\u2019excellence dans la cr\u00e9ation d\u2019un environnement sain et s\u00e9curitaire. Nous nous effor\u00e7ons \u00e0 cr\u00e9er une soci\u00e9t\u00e9 proactive, engag\u00e9 et consciencieuse des mesures s\u00e9curitaires \u00e0 prendre en mati\u00e8re de sant\u00e9 et s\u00e9curit\u00e9 environnementale.<\/span><span data-ccp-props=\"{&quot;335559739&quot;:240}\">\u00a0<\/span><\/p>\n<h3><b><span data-contrast=\"auto\">Notre engagement<\/span><\/b><span data-ccp-props=\"{&quot;335559738&quot;:240,&quot;335559739&quot;:240}\">\u00a0<\/span><\/h3>\n<p><span data-contrast=\"auto\">Nous sommes d\u00e9di\u00e9s \u00e0 la sant\u00e9 et la s\u00e9curit\u00e9 et nous nous engageons \u00e0 atteindre l\u2019excellence.\u202f Depuis 1979, nous continuons \u00e0 fournir des services de haute qualit\u00e9. Nous sommes fiers d\u2019\u00e9tablir des relations \u00e0 long terme avec nos clients. Nous nous engageons \u00e0 comprendre vos pr\u00e9occupations et \u00e0 r\u00e9pondre \u00e0 vos besoins en proposant des solutions efficaces et rentables.<\/span><span data-ccp-props=\"{&quot;335559738&quot;:240,&quot;335559739&quot;:240}\">\u00a0<\/span><\/p>\n<h3><b><span data-contrast=\"auto\">Notre Mission<\/span><\/b><span data-ccp-props=\"{&quot;335559738&quot;:240,&quot;335559739&quot;:240}\">\u00a0<\/span><\/h3>\n<p><span data-contrast=\"auto\">\u00catre la principale firme d\u2019experts-conseils en environnement ainsi qu\u2019en sant\u00e9 et s\u00e9curit\u00e9 au travail pour l\u2019Ontario et le Qu\u00e9bec.<\/span><span data-ccp-props=\"{&quot;335559738&quot;:240,&quot;335559739&quot;:240}\">\u00a0<\/span><\/p>\n<h3><b><span data-contrast=\"auto\">Notre Vision<\/span><\/b><span data-ccp-props=\"{}\">\u00a0<\/span><\/h3>\n<p><span data-contrast=\"auto\">Renforcer notre position en tant qu\u2019entreprise d\u2019experts-conseils en environnement, bas\u00e9e sur la connaissance, l\u2019innovation et la technologie. \u00catre \u00e0 l\u2019avant-garde des pr\u00e9occupations \u00e9mergentes en mati\u00e8re de SSE et de la nouvelle r\u00e8glementation. Nous atteindrons cet objectif en d\u00e9veloppant davantage notre expertise, en favorisant la croissance de notre \u00e9quipe, en am\u00e9liorant les relations interpersonnelles ainsi qu\u2019en optimisant nos performances et notre service \u00e0 la client\u00e8le.<\/span><span data-ccp-props=\"{}\">\u00a0<\/span><\/p>\n<h2 aria-level=\"2\"><span data-contrast=\"none\">Qui nous servons<\/span><span data-ccp-props=\"{&quot;134245418&quot;:true,&quot;134245529&quot;:true,&quot;335559738&quot;:160,&quot;335559739&quot;:80}\">\u00a0<\/span><\/h2>\n<p><span data-contrast=\"auto\">Notre \u00e9quipe de professionnels sert une vaste client\u00e8le dans la gestion de projets, autant dans les secteurs industriels, commerciales, gouvernementales, et r\u00e9sidentiels.<\/span><span data-ccp-props=\"{&quot;335559738&quot;:240,&quot;335559739&quot;:240}\">\u00a0<\/span><\/p>\n<p><span data-contrast=\"auto\">Pour en savoir plus sur les march\u00e9s que nous desservons, consultez la page <\/span><a href=\"https:\/\/tharris.ca\/fr\/sectures-de-marche\/\"><span data-contrast=\"none\">Secteurs de March\u00e9<\/span><\/a><span data-contrast=\"auto\">.<\/span><span data-ccp-props=\"{}\">\u00a0<\/span><\/p>\n<p>[\/et_pb_text][\/et_pb_column][\/et_pb_row][\/et_pb_section]<\/p>\n","protected":false},"excerpt":{"rendered":"<p>\u00c0 ProposFond\u00e9e par Trevor Harris en 1979, la soci\u00e9t\u00e9 Gestion Environnemental T. Harris (GETH) est pass\u00e9e du statut de premi\u00e8re soci\u00e9t\u00e9 de conseil en amiante au Canada \u00e0 celui de principal fournisseur de services de gestion de l&#8217;environnement et de la sant\u00e9 et de la s\u00e9curit\u00e9 au travail. Fond\u00e9e sur l&#8217;expertise l\u2019importance que nous attribuons de la sant\u00e9 et de la s\u00e9curit\u00e9, GETH a continuellement \u00e9volu\u00e9 pour r\u00e9pondre aux besoins changeants de ses clients.\u00a0\u00a0 D\u00e8s nos d\u00e9buts, nous avons \u00e9t\u00e9 anim\u00e9s par le d\u00e9sir d&#8217;avoir un impact positif. Trevor, et peu apr\u00e8s John Fisher, ont reconnu l&#8217;importance de la sant\u00e9 et de la s\u00e9curit\u00e9 environnementales alors que le secteur du conseil en environnement \u00e9tait en pleine \u00e9volution. C&#8217;est cette clairvoyance qui nous a permis de rester \u00e0 l&#8217;avant-garde et de mener l&#8217;industrie en d\u00e9veloppant des solutions innovantes pour relever des d\u00e9fis environnementaux complexes.\u00a0Qui est GETH ?\u00a0 Nous aspirons et encourageons la communaut\u00e9 locale, ses individus et entreprises \u00e0 atteindre l\u2019excellence dans la cr\u00e9ation d\u2019un environnement sain et s\u00e9curitaire. Nous nous effor\u00e7ons \u00e0 cr\u00e9er une soci\u00e9t\u00e9 proactive, engag\u00e9 et consciencieuse des mesures s\u00e9curitaires \u00e0 prendre en mati\u00e8re de sant\u00e9 et s\u00e9curit\u00e9 environnementale.\u00a0 Notre engagement\u00a0 Nous sommes d\u00e9di\u00e9s \u00e0 la sant\u00e9 et [&hellip;]<\/p>\n","protected":false},"author":1,"featured_media":0,"parent":0,"menu_order":0,"comment_status":"closed","ping_status":"closed","template":"","meta":{"_acf_changed":false,"_et_pb_use_builder":"on","_et_pb_old_content":"","_et_gb_content_width":"","footnotes":""},"class_list":["post-945","page","type-page","status-publish","hentry"],"acf":[],"yoast_head":"<!-- This site is optimized with the Yoast SEO plugin v27.3 - https:\/\/yoast.com\/product\/yoast-seo-wordpress\/ -->\n<title>Notre Page - T. Harris<\/title>\n<meta name=\"robots\" content=\"index, follow, max-snippet:-1, max-image-preview:large, max-video-preview:-1\" \/>\n<link rel=\"canonical\" href=\"https:\/\/tharris.ca\/about\/\" \/>\n<meta property=\"og:locale\" content=\"fr_FR\" \/>\n<meta property=\"og:type\" content=\"article\" \/>\n<meta property=\"og:title\" content=\"Notre Page - T. Harris\" \/>\n<meta property=\"og:description\" content=\"\u00c0 ProposFond\u00e9e par Trevor Harris en 1979, la soci\u00e9t\u00e9 Gestion Environnemental T. Harris (GETH) est pass\u00e9e du statut de premi\u00e8re soci\u00e9t\u00e9 de conseil en amiante au Canada \u00e0 celui de principal fournisseur de services de gestion de l&#039;environnement et de la sant\u00e9 et de la s\u00e9curit\u00e9 au travail. Fond\u00e9e sur l&#039;expertise l\u2019importance que nous attribuons de la sant\u00e9 et de la s\u00e9curit\u00e9, GETH a continuellement \u00e9volu\u00e9 pour r\u00e9pondre aux besoins changeants de ses clients.\u00a0\u00a0 D\u00e8s nos d\u00e9buts, nous avons \u00e9t\u00e9 anim\u00e9s par le d\u00e9sir d&#039;avoir un impact positif. Trevor, et peu apr\u00e8s John Fisher, ont reconnu l&#039;importance de la sant\u00e9 et de la s\u00e9curit\u00e9 environnementales alors que le secteur du conseil en environnement \u00e9tait en pleine \u00e9volution. C&#039;est cette clairvoyance qui nous a permis de rester \u00e0 l&#039;avant-garde et de mener l&#039;industrie en d\u00e9veloppant des solutions innovantes pour relever des d\u00e9fis environnementaux complexes.\u00a0Qui est GETH ?\u00a0 Nous aspirons et encourageons la communaut\u00e9 locale, ses individus et entreprises \u00e0 atteindre l\u2019excellence dans la cr\u00e9ation d\u2019un environnement sain et s\u00e9curitaire. Nous nous effor\u00e7ons \u00e0 cr\u00e9er une soci\u00e9t\u00e9 proactive, engag\u00e9 et consciencieuse des mesures s\u00e9curitaires \u00e0 prendre en mati\u00e8re de sant\u00e9 et s\u00e9curit\u00e9 environnementale.\u00a0 Notre engagement\u00a0 Nous sommes d\u00e9di\u00e9s \u00e0 la sant\u00e9 et [&hellip;]\" \/>\n<meta property=\"og:url\" content=\"https:\/\/tharris.ca\/about\/\" \/>\n<meta property=\"og:site_name\" content=\"T. Harris\" \/>\n<meta property=\"article:publisher\" content=\"https:\/\/www.facebook.com\/THarrisEnv\" \/>\n<meta property=\"article:modified_time\" content=\"2024-10-23T18:37:47+00:00\" \/>\n<meta name=\"twitter:card\" content=\"summary_large_image\" \/>\n<meta name=\"twitter:site\" content=\"@THarrisEnviro\" \/>\n<meta name=\"twitter:label1\" content=\"Est. reading time\" \/>\n\t<meta name=\"twitter:data1\" content=\"3 minutes\" \/>\n<script type=\"application\/ld+json\" class=\"yoast-schema-graph\">{\"@context\":\"https:\\\/\\\/schema.org\",\"@graph\":[{\"@type\":\"WebPage\",\"@id\":\"https:\\\/\\\/tharris.ca\\\/about\\\/\",\"url\":\"https:\\\/\\\/tharris.ca\\\/about\\\/\",\"name\":\"Notre Page - T. Harris\",\"isPartOf\":{\"@id\":\"https:\\\/\\\/tharris.ca\\\/#website\"},\"datePublished\":\"2022-05-18T23:16:07+00:00\",\"dateModified\":\"2024-10-23T18:37:47+00:00\",\"breadcrumb\":{\"@id\":\"https:\\\/\\\/tharris.ca\\\/about\\\/#breadcrumb\"},\"inLanguage\":\"fr-FR\",\"potentialAction\":[{\"@type\":\"ReadAction\",\"target\":[\"https:\\\/\\\/tharris.ca\\\/about\\\/\"]}]},{\"@type\":\"BreadcrumbList\",\"@id\":\"https:\\\/\\\/tharris.ca\\\/about\\\/#breadcrumb\",\"itemListElement\":[{\"@type\":\"ListItem\",\"position\":1,\"name\":\"Home\",\"item\":\"https:\\\/\\\/tharris.ca\\\/\"},{\"@type\":\"ListItem\",\"position\":2,\"name\":\"Notre Page\"}]},{\"@type\":\"WebSite\",\"@id\":\"https:\\\/\\\/tharris.ca\\\/#website\",\"url\":\"https:\\\/\\\/tharris.ca\\\/\",\"name\":\"T. Harris\",\"description\":\"Environmental Management\",\"publisher\":{\"@id\":\"https:\\\/\\\/tharris.ca\\\/#organization\"},\"potentialAction\":[{\"@type\":\"SearchAction\",\"target\":{\"@type\":\"EntryPoint\",\"urlTemplate\":\"https:\\\/\\\/tharris.ca\\\/?s={search_term_string}\"},\"query-input\":{\"@type\":\"PropertyValueSpecification\",\"valueRequired\":true,\"valueName\":\"search_term_string\"}}],\"inLanguage\":\"fr-FR\"},{\"@type\":\"Organization\",\"@id\":\"https:\\\/\\\/tharris.ca\\\/#organization\",\"name\":\"T Harris Environmental Management Inc.\",\"url\":\"https:\\\/\\\/tharris.ca\\\/\",\"logo\":{\"@type\":\"ImageObject\",\"inLanguage\":\"fr-FR\",\"@id\":\"https:\\\/\\\/tharris.ca\\\/#\\\/schema\\\/logo\\\/image\\\/\",\"url\":\"https:\\\/\\\/tharris.ca\\\/wp-content\\\/uploads\\\/2022\\\/05\\\/Logo-EN-Horizontal-300-1.png\",\"contentUrl\":\"https:\\\/\\\/tharris.ca\\\/wp-content\\\/uploads\\\/2022\\\/05\\\/Logo-EN-Horizontal-300-1.png\",\"width\":961,\"height\":249,\"caption\":\"T Harris Environmental Management Inc.\"},\"image\":{\"@id\":\"https:\\\/\\\/tharris.ca\\\/#\\\/schema\\\/logo\\\/image\\\/\"},\"sameAs\":[\"https:\\\/\\\/www.facebook.com\\\/THarrisEnv\",\"https:\\\/\\\/x.com\\\/THarrisEnviro\",\"https:\\\/\\\/www.linkedin.com\\\/company\\\/t-harris-environmental-management-gestion-environnementale-t-harris-them-geth-inc-\\\/mycompany\\\/?viewAsMember=true\",\"https:\\\/\\\/www.instagram.com\\\/tharrisenvironmental\\\/\",\"https:\\\/\\\/www.youtube.com\\\/channel\\\/UC6A5FXciiu4wPRDBSowX9aQ\"]}]}<\/script>\n<!-- \/ Yoast SEO plugin. -->","yoast_head_json":{"title":"Notre Page - T. Harris","robots":{"index":"index","follow":"follow","max-snippet":"max-snippet:-1","max-image-preview":"max-image-preview:large","max-video-preview":"max-video-preview:-1"},"canonical":"https:\/\/tharris.ca\/about\/","og_locale":"fr_FR","og_type":"article","og_title":"Notre Page - T. Harris","og_description":"\u00c0 ProposFond\u00e9e par Trevor Harris en 1979, la soci\u00e9t\u00e9 Gestion Environnemental T. Harris (GETH) est pass\u00e9e du statut de premi\u00e8re soci\u00e9t\u00e9 de conseil en amiante au Canada \u00e0 celui de principal fournisseur de services de gestion de l'environnement et de la sant\u00e9 et de la s\u00e9curit\u00e9 au travail. Fond\u00e9e sur l'expertise l\u2019importance que nous attribuons de la sant\u00e9 et de la s\u00e9curit\u00e9, GETH a continuellement \u00e9volu\u00e9 pour r\u00e9pondre aux besoins changeants de ses clients.\u00a0\u00a0 D\u00e8s nos d\u00e9buts, nous avons \u00e9t\u00e9 anim\u00e9s par le d\u00e9sir d'avoir un impact positif. Trevor, et peu apr\u00e8s John Fisher, ont reconnu l'importance de la sant\u00e9 et de la s\u00e9curit\u00e9 environnementales alors que le secteur du conseil en environnement \u00e9tait en pleine \u00e9volution. C'est cette clairvoyance qui nous a permis de rester \u00e0 l'avant-garde et de mener l'industrie en d\u00e9veloppant des solutions innovantes pour relever des d\u00e9fis environnementaux complexes.\u00a0Qui est GETH ?\u00a0 Nous aspirons et encourageons la communaut\u00e9 locale, ses individus et entreprises \u00e0 atteindre l\u2019excellence dans la cr\u00e9ation d\u2019un environnement sain et s\u00e9curitaire. Nous nous effor\u00e7ons \u00e0 cr\u00e9er une soci\u00e9t\u00e9 proactive, engag\u00e9 et consciencieuse des mesures s\u00e9curitaires \u00e0 prendre en mati\u00e8re de sant\u00e9 et s\u00e9curit\u00e9 environnementale.\u00a0 Notre engagement\u00a0 Nous sommes d\u00e9di\u00e9s \u00e0 la sant\u00e9 et [&hellip;]","og_url":"https:\/\/tharris.ca\/about\/","og_site_name":"T. Harris","article_publisher":"https:\/\/www.facebook.com\/THarrisEnv","article_modified_time":"2024-10-23T18:37:47+00:00","twitter_card":"summary_large_image","twitter_site":"@THarrisEnviro","twitter_misc":{"Est. reading time":"3 minutes"},"schema":{"@context":"https:\/\/schema.org","@graph":[{"@type":"WebPage","@id":"https:\/\/tharris.ca\/about\/","url":"https:\/\/tharris.ca\/about\/","name":"Notre Page - T. Harris","isPartOf":{"@id":"https:\/\/tharris.ca\/#website"},"datePublished":"2022-05-18T23:16:07+00:00","dateModified":"2024-10-23T18:37:47+00:00","breadcrumb":{"@id":"https:\/\/tharris.ca\/about\/#breadcrumb"},"inLanguage":"fr-FR","potentialAction":[{"@type":"ReadAction","target":["https:\/\/tharris.ca\/about\/"]}]},{"@type":"BreadcrumbList","@id":"https:\/\/tharris.ca\/about\/#breadcrumb","itemListElement":[{"@type":"ListItem","position":1,"name":"Home","item":"https:\/\/tharris.ca\/"},{"@type":"ListItem","position":2,"name":"Notre Page"}]},{"@type":"WebSite","@id":"https:\/\/tharris.ca\/#website","url":"https:\/\/tharris.ca\/","name":"T. Harris","description":"Environmental Management","publisher":{"@id":"https:\/\/tharris.ca\/#organization"},"potentialAction":[{"@type":"SearchAction","target":{"@type":"EntryPoint","urlTemplate":"https:\/\/tharris.ca\/?s={search_term_string}"},"query-input":{"@type":"PropertyValueSpecification","valueRequired":true,"valueName":"search_term_string"}}],"inLanguage":"fr-FR"},{"@type":"Organization","@id":"https:\/\/tharris.ca\/#organization","name":"T Harris Environmental Management Inc.","url":"https:\/\/tharris.ca\/","logo":{"@type":"ImageObject","inLanguage":"fr-FR","@id":"https:\/\/tharris.ca\/#\/schema\/logo\/image\/","url":"https:\/\/tharris.ca\/wp-content\/uploads\/2022\/05\/Logo-EN-Horizontal-300-1.png","contentUrl":"https:\/\/tharris.ca\/wp-content\/uploads\/2022\/05\/Logo-EN-Horizontal-300-1.png","width":961,"height":249,"caption":"T Harris Environmental Management Inc."},"image":{"@id":"https:\/\/tharris.ca\/#\/schema\/logo\/image\/"},"sameAs":["https:\/\/www.facebook.com\/THarrisEnv","https:\/\/x.com\/THarrisEnviro","https:\/\/www.linkedin.com\/company\/t-harris-environmental-management-gestion-environnementale-t-harris-them-geth-inc-\/mycompany\/?viewAsMember=true","https:\/\/www.instagram.com\/tharrisenvironmental\/","https:\/\/www.youtube.com\/channel\/UC6A5FXciiu4wPRDBSowX9aQ"]}]}},"_links":{"self":[{"href":"https:\/\/tharris.ca\/fr\/wp-json\/wp\/v2\/pages\/945","targetHints":{"allow":["GET"]}}],"collection":[{"href":"https:\/\/tharris.ca\/fr\/wp-json\/wp\/v2\/pages"}],"about":[{"href":"https:\/\/tharris.ca\/fr\/wp-json\/wp\/v2\/types\/page"}],"author":[{"embeddable":true,"href":"https:\/\/tharris.ca\/fr\/wp-json\/wp\/v2\/users\/1"}],"replies":[{"embeddable":true,"href":"https:\/\/tharris.ca\/fr\/wp-json\/wp\/v2\/comments?post=945"}],"version-history":[{"count":0,"href":"https:\/\/tharris.ca\/fr\/wp-json\/wp\/v2\/pages\/945\/revisions"}],"wp:attachment":[{"href":"https:\/\/tharris.ca\/fr\/wp-json\/wp\/v2\/media?parent=945"}],"curies":[{"name":"wp","href":"https:\/\/api.w.org\/{rel}","templated":true}]}}