{"id":949,"date":"2022-07-06T03:11:44","date_gmt":"2022-07-06T07:11:44","guid":{"rendered":"http:\/\/localhost\/tharris\/about\/why-them\/"},"modified":"2024-08-09T05:48:10","modified_gmt":"2024-08-09T09:48:10","slug":"pourquoi-geth","status":"publish","type":"page","link":"https:\/\/tharris.ca\/fr\/pourquoi-geth\/","title":{"rendered":"Pourquoi GETH ?"},"content":{"rendered":"<p>[et_pb_section fb_built=&#8221;1&#8243; custom_padding_last_edited=&#8221;on|phone&#8221; admin_label=&#8221;Header&#8221; _builder_version=&#8221;4.27.0&#8243; _module_preset=&#8221;default&#8221; background_enable_color=&#8221;off&#8221; background_enable_image=&#8221;off&#8221; background_position=&#8221;top_center&#8221; custom_margin=&#8221;||||false|false&#8221; custom_padding=&#8221;248px|12vw|0px|12vw|false|true&#8221; custom_padding_tablet=&#8221;200px||0px||false|true&#8221; custom_padding_phone=&#8221;190px||0px||false|true&#8221; hover_enabled=&#8221;0&#8243; background_last_edited=&#8221;off|desktop&#8221; use_background_color_gradient_tablet=&#8221;on&#8221; use_background_color_gradient_phone=&#8221;on&#8221; background_color_gradient_direction_tablet=&#8221;90deg&#8221; background_color_gradient_stops_tablet=&#8221;#eeeeee 18%|rgba(255,255,255,0.51) 100%&#8221; background_color_gradient_stops_phone=&#8221;rgba(43,43,43,0.65) 100%|#29c4a9 100%&#8221; background_color_gradient_start_tablet=&#8221;rgba(43,43,43,0.65)&#8221; background_color_gradient_start_phone=&#8221;rgba(43,43,43,0.65)&#8221; background_color_gradient_start_position_phone=&#8221;0%&#8221; background_color_gradient_end_position_tablet=&#8221;100%&#8221; background_color_gradient_end_position_phone=&#8221;100%&#8221; locked=&#8221;off&#8221; global_colors_info=&#8221;{}&#8221; sticky_enabled=&#8221;0&#8243;][et_pb_row _builder_version=&#8221;4.17.4&#8243; _module_preset=&#8221;default&#8221; background_color=&#8221;RGBA(255,255,255,0)&#8221; width=&#8221;100%&#8221; max_width=&#8221;100%&#8221; max_width_tablet=&#8221;100%&#8221; max_width_phone=&#8221;100%&#8221; max_width_last_edited=&#8221;on|tablet&#8221; module_alignment=&#8221;left&#8221; global_colors_info=&#8221;{}&#8221;][et_pb_column type=&#8221;4_4&#8243; _builder_version=&#8221;4.16&#8243; _module_preset=&#8221;default&#8221; global_colors_info=&#8221;{}&#8221;][et_pb_text _builder_version=&#8221;4.27.0&#8243; _module_preset=&#8221;b548e066-77dc-45f0-82ba-7e55f7fa1d60&#8243; header_font=&#8221;Raleway|300|||||||&#8221; header_text_color=&#8221;#274953&#8243; header_font_size=&#8221;7em&#8221; header_2_text_color=&#8221;#FFFFFF&#8221; background_color=&#8221;RGBA(255,255,255,0)&#8221; custom_margin=&#8221;0px||||false|false&#8221; custom_margin_tablet=&#8221;||||false|false&#8221; custom_margin_phone=&#8221;||||false|false&#8221; custom_margin_last_edited=&#8221;on|phone&#8221; custom_padding=&#8221;0px||||false|false&#8221; animation_style=&#8221;slide&#8221; animation_direction=&#8221;bottom&#8221; animation_delay=&#8221;150ms&#8221; animation_intensity_slide=&#8221;15%&#8221; animation_speed_curve=&#8221;ease&#8221; hover_enabled=&#8221;0&#8243; text_font_size_tablet=&#8221;1.25em&#8221; header_font_size_tablet=&#8221;4em&#8221; header_font_size_phone=&#8221;12vw&#8221; global_colors_info=&#8221;{}&#8221; sticky_enabled=&#8221;0&#8243;]<\/p>\n<h1>Pourquoi choisir GETH?<\/h1>\n<p>[\/et_pb_text][\/et_pb_column][\/et_pb_row][\/et_pb_section][et_pb_section fb_built=&#8221;1&#8243; custom_padding_last_edited=&#8221;on|tablet&#8221; admin_label=&#8221;Content Layout&#8221; _builder_version=&#8221;4.17.4&#8243; _module_preset=&#8221;default&#8221; background_color=&#8221;#FFFFFF&#8221; custom_padding=&#8221;0px|12vw|0px|12vw|true|true&#8221; custom_padding_tablet=&#8221;0px|10vw|0px|10vw|true|true&#8221; custom_padding_phone=&#8221;0px|10vw|50px|10vw|false|true&#8221; global_colors_info=&#8221;{}&#8221;][et_pb_row column_structure=&#8221;1_2,1_2&#8243; use_custom_gutter=&#8221;on&#8221; make_equal=&#8221;on&#8221; _builder_version=&#8221;4.27.0&#8243; _module_preset=&#8221;default&#8221; width=&#8221;100%&#8221; max_width=&#8221;none&#8221; max_width_last_edited=&#8221;off|desktop&#8221; module_alignment=&#8221;center&#8221; custom_padding=&#8221;0px||0px||false|false&#8221; hover_enabled=&#8221;0&#8243; custom_css_main_element=&#8221;display: flex;||align-items: center;&#8221; locked=&#8221;off&#8221; global_colors_info=&#8221;{}&#8221; custom_css_main_element_last_edited=&#8221;on|desktop&#8221; custom_css_main_element_tablet=&#8221;display: block;&#8221; custom_css_main_element_phone=&#8221;display: block;&#8221; sticky_enabled=&#8221;0&#8243;][et_pb_column type=&#8221;1_2&#8243; _builder_version=&#8221;4.16&#8243; _module_preset=&#8221;default&#8221; global_colors_info=&#8221;{}&#8221;][et_pb_text _builder_version=&#8221;4.18.0&#8243; _module_preset=&#8221;dab920af-5445-4837-bd71-f39c73a2327d&#8221; background_image=&#8221;https:\/\/tharris.ca\/wp-content\/uploads\/2022\/08\/iStock-1317922751.jpg&#8221; z_index=&#8221;100&#8243; max_width=&#8221;100%&#8221; max_width_tablet=&#8221;100%&#8221; max_width_phone=&#8221;100%&#8221; max_width_last_edited=&#8221;on|phone&#8221; height=&#8221;38em&#8221; height_tablet=&#8221;400px&#8221; height_phone=&#8221;300px&#8221; height_last_edited=&#8221;on|desktop&#8221; custom_margin_tablet=&#8221;5px||40px||false|false&#8221; custom_margin_phone=&#8221;||40px||false|false&#8221; custom_margin_last_edited=&#8221;on|phone&#8221; animation_style=&#8221;slide&#8221; animation_direction=&#8221;left&#8221; animation_delay=&#8221;100ms&#8221; animation_intensity_slide=&#8221;20%&#8221; text_font_size_tablet=&#8221;1.25em&#8221; border_radii=&#8221;on|5px|5px|5px|5px&#8221; global_colors_info=&#8221;{}&#8221;][\/et_pb_text][et_pb_image src=&#8221;https:\/\/tharris.ca\/wp-content\/uploads\/2022\/05\/tharris.symbol.large_.png&#8221; title_text=&#8221;tharris.symbol.large&#8221; _builder_version=&#8221;4.17.4&#8243; _module_preset=&#8221;default&#8221; positioning=&#8221;absolute&#8221; position_origin_a=&#8221;bottom_right&#8221; vertical_offset=&#8221;-8vw&#8221; horizontal_offset=&#8221;-56vw&#8221; z_index=&#8221;-1&#8243; horizontal_offset_tablet=&#8221;-31vw&#8221; horizontal_offset_phone=&#8221;-31vw&#8221; horizontal_offset_last_edited=&#8221;on|tablet&#8221; width=&#8221;100%&#8221; scroll_vertical_motion_enable=&#8221;on&#8221; scroll_fade_enable=&#8221;on&#8221; scroll_fade=&#8221;0|27|60|100|0|15%|0%&#8221; scroll_blur_enable=&#8221;on&#8221; scroll_blur=&#8221;0|27|65|100|50px|0px|50px&#8221; scroll_fade_tablet=&#8221;0|27|60|100|0|13%|0%&#8221; scroll_fade_phone=&#8221;0|27|60|100|0|13%|0%&#8221; scroll_fade_last_edited=&#8221;on|tablet&#8221; scroll_blur_tablet=&#8221;0|27|65|100|50px|0px|50px&#8221; scroll_blur_phone=&#8221;0|27|65|100|50px|0px|50px&#8221; scroll_blur_last_edited=&#8221;on|tablet&#8221; locked=&#8221;off&#8221; global_colors_info=&#8221;{}&#8221;][\/et_pb_image][\/et_pb_column][et_pb_column type=&#8221;1_2&#8243; _builder_version=&#8221;4.16&#8243; _module_preset=&#8221;default&#8221; global_colors_info=&#8221;{}&#8221;][et_pb_text _builder_version=&#8221;4.17.4&#8243; _module_preset=&#8221;dab920af-5445-4837-bd71-f39c73a2327d&#8221; text_font=&#8221;Poppins||||||||&#8221; text_text_color=&#8221;#274953&#8243; text_font_size=&#8221;20px&#8221; text_line_height=&#8221;1.8em&#8221; z_index=&#8221;3&#8243; max_width=&#8221;100%&#8221; max_width_tablet=&#8221;100%&#8221; max_width_phone=&#8221;100%&#8221; max_width_last_edited=&#8221;on|phone&#8221; custom_padding=&#8221;||0px|||&#8221; animation_style=&#8221;slide&#8221; animation_direction=&#8221;left&#8221; animation_delay=&#8221;200ms&#8221; animation_intensity_slide=&#8221;13%&#8221; locked=&#8221;off&#8221; global_colors_info=&#8221;{}&#8221;]<\/p>\n<p>Travailler chez <strong>Gestion Environnementale T.\u00a0Harris Inc. (GETH)<\/strong> est une exp\u00e9rience enrichissante dans un environnement d\u2019\u00e9quipe hautement sp\u00e9cialis\u00e9, professionnel et positif. Voici quelques-uns des avantages dont profitent les membres de notre \u00e9quipe.<\/p>\n<p><strong>Nous motivons nos employ\u00e9s et favorisons leur autonomie.<\/strong>\u00a0\u00a0Gr\u00e2ce au soutien de champions au niveau de la direction, nous permettons \u00e0 nos employ\u00e9s de vivre leur passion et de viser le perfectionnement professionnel et le d\u00e9veloppement de leur carri\u00e8re. Nous motivons les membres de notre \u00e9quipe en leur proposant de nouveaux d\u00e9fis et c\u00e9l\u00e9brons leurs r\u00e9ussites de m\u00eame que les le\u00e7ons retenues. Des augmentations de salaire annuelles en fonction du m\u00e9rite font de l\u2019\u00e9quipe GETH un milieu id\u00e9al pour poursuivre une carri\u00e8re stimulante aupr\u00e8s de professionnels d\u00e9vou\u00e9s partageant les m\u00eames id\u00e9es.<\/p>\n<p>&nbsp;<\/p>\n<p>[\/et_pb_text][\/et_pb_column][\/et_pb_row][et_pb_row _builder_version=&#8221;4.17.4&#8243; _module_preset=&#8221;default&#8221; width=&#8221;100%&#8221; max_width=&#8221;100%&#8221; module_alignment=&#8221;left&#8221; custom_padding=&#8221;50px||||false|false&#8221; global_colors_info=&#8221;{}&#8221;][et_pb_column type=&#8221;4_4&#8243; _builder_version=&#8221;4.17.4&#8243; _module_preset=&#8221;default&#8221; global_colors_info=&#8221;{}&#8221;][et_pb_text _builder_version=&#8221;4.17.4&#8243; _module_preset=&#8221;default&#8221; text_font=&#8221;Poppins||||||||&#8221; text_text_color=&#8221;#274953&#8243; text_font_size=&#8221;20px&#8221; text_line_height=&#8221;1.8em&#8221; global_colors_info=&#8221;{}&#8221;]<\/p>\n<p><strong>Nous promouvons l\u2019apprentissage continu et le d\u00e9veloppement personnel.<\/strong>\u00a0\u00a0Nos employ\u00e9s sont le c\u0153ur et l\u2019\u00e2me de notre entreprise, et nous accordons une grande importance au d\u00e9veloppement personnel et professionnel de nos membres d\u2019\u00e9quipe. Nous pensons que plusieurs cerveaux valent mieux qu\u2019un, c\u2019est pourquoi nous vous encouragerons continuellement \u00e0 nous faire part de vos id\u00e9es, de vos opinions et de votre d\u00e9sir de d\u00e9velopper vos comp\u00e9tences. Nous soutenons l\u2019apprentissage au moyen d\u2019occasions de mentorat, du remboursement de frais de scolarit\u00e9, d\u2019une formation continue ax\u00e9e sur la carri\u00e8re et d\u2019une reconnaissance professionnelle.<strong><\/strong><strong><\/strong><\/p>\n<p><strong>Nous nous entraidons et nous faisons confiance.<\/strong>\u00a0\u00a0Notre \u00e9quipe a d\u00e9velopp\u00e9 une culture d\u2019entraide et de c\u00e9l\u00e9bration de la r\u00e9ussite des projets. Notre entreprise est un endroit o\u00f9 vous vous sentirez toujours appuy\u00e9 et o\u00f9 vous pourrez nouer de v\u00e9ritables relations avec vos coll\u00e8gues et vos clients. Afin de rassembler tous ses membres et de passer de bons moments, l\u2019entreprise organise des \u00e9v\u00e9nements de renforcement d\u2019\u00e9quipe.<\/p>\n<p><strong>Nous prenons votre bien-\u00eatre \u00e0 c\u0153ur.<\/strong>\u00a0\u00a0Pour bien travailler, il faut se sentir bien. \u00catre au sommet de sa forme au travail et dans sa vie personnelle implique de favoriser la conciliation travail-famille et de prendre soin de sa sant\u00e9. Ces notions sont les fondements d\u2019une \u00e9quipe saine et dynamique. Une couverture d\u2019assurance maladie compl\u00e9mentaire, une couverture d\u2019assurance vie et d\u2019assurance invalidit\u00e9 de longue dur\u00e9e compl\u00e9mentaire, un programme d\u2019aide aux employ\u00e9s (PAE) ainsi que des droits aux cong\u00e9s annuels am\u00e9lior\u00e9s ne sont que quelques-uns des avantages que nous offrons \u00e0 nos employ\u00e9s pour assurer leur bien-\u00eatre.<\/p>\n<p><strong>\u00c7a vous int\u00e9resse?<\/strong>\u00a0Vous comprenez maintenant pourquoi tous les employ\u00e9s de Gestion Environnementale T.\u00a0Harris Inc. sont aussi passionn\u00e9s par leur travail. Si cette m\u00eame passion vous anime, jetez un \u0153il aux occasions offertes par GETH et gardez les avantages mentionn\u00e9s ci-dessus \u00e0 l\u2019esprit au moment de r\u00e9fl\u00e9chir \u00e0 vos aspirations et \u00e0 vos objectifs futurs.\u00a0<\/p>\n<p><a href=\"https:\/\/tharris.ca\/fr\/carrieres\/\">Voir toutes les opportunit\u00e9s de carri\u00e8re disponibles\u00a0<\/a><\/p>\n<p>[\/et_pb_text][\/et_pb_column][\/et_pb_row][\/et_pb_section]<\/p>\n","protected":false},"excerpt":{"rendered":"<p>Pourquoi choisir GETH?Travailler chez Gestion Environnementale T.\u00a0Harris Inc. (GETH) est une exp\u00e9rience enrichissante dans un environnement d\u2019\u00e9quipe hautement sp\u00e9cialis\u00e9, professionnel et positif. Voici quelques-uns des avantages dont profitent les membres de notre \u00e9quipe. Nous motivons nos employ\u00e9s et favorisons leur autonomie.\u00a0\u00a0Gr\u00e2ce au soutien de champions au niveau de la direction, nous permettons \u00e0 nos employ\u00e9s de vivre leur passion et de viser le perfectionnement professionnel et le d\u00e9veloppement de leur carri\u00e8re. Nous motivons les membres de notre \u00e9quipe en leur proposant de nouveaux d\u00e9fis et c\u00e9l\u00e9brons leurs r\u00e9ussites de m\u00eame que les le\u00e7ons retenues. Des augmentations de salaire annuelles en fonction du m\u00e9rite font de l\u2019\u00e9quipe GETH un milieu id\u00e9al pour poursuivre une carri\u00e8re stimulante aupr\u00e8s de professionnels d\u00e9vou\u00e9s partageant les m\u00eames id\u00e9es. &nbsp;Nous promouvons l\u2019apprentissage continu et le d\u00e9veloppement personnel.\u00a0\u00a0Nos employ\u00e9s sont le c\u0153ur et l\u2019\u00e2me de notre entreprise, et nous accordons une grande importance au d\u00e9veloppement personnel et professionnel de nos membres d\u2019\u00e9quipe. Nous pensons que plusieurs cerveaux valent mieux qu\u2019un, c\u2019est pourquoi nous vous encouragerons continuellement \u00e0 nous faire part de vos id\u00e9es, de vos opinions et de votre d\u00e9sir de d\u00e9velopper vos comp\u00e9tences. Nous soutenons l\u2019apprentissage au moyen d\u2019occasions de mentorat, du remboursement de frais de [&hellip;]<\/p>\n","protected":false},"author":1,"featured_media":0,"parent":0,"menu_order":0,"comment_status":"closed","ping_status":"closed","template":"","meta":{"_acf_changed":false,"_et_pb_use_builder":"on","_et_pb_old_content":"<!-- wp:divi\/placeholder \/-->","_et_gb_content_width":"","footnotes":""},"class_list":["post-949","page","type-page","status-publish","hentry"],"acf":[],"yoast_head":"<!-- This site is optimized with the Yoast SEO plugin v27.3 - https:\/\/yoast.com\/product\/yoast-seo-wordpress\/ -->\n<title>Pourquoi GETH ? - T. Harris<\/title>\n<meta name=\"robots\" content=\"index, follow, max-snippet:-1, max-image-preview:large, max-video-preview:-1\" \/>\n<link rel=\"canonical\" href=\"https:\/\/tharris.ca\/fr\/notre-page\/pourquoi-geth\/\" \/>\n<meta property=\"og:locale\" content=\"fr_FR\" \/>\n<meta property=\"og:type\" content=\"article\" \/>\n<meta property=\"og:title\" content=\"Pourquoi GETH ? - T. Harris\" \/>\n<meta property=\"og:description\" content=\"Pourquoi choisir GETH?Travailler chez Gestion Environnementale T.\u00a0Harris Inc. (GETH) est une exp\u00e9rience enrichissante dans un environnement d\u2019\u00e9quipe hautement sp\u00e9cialis\u00e9, professionnel et positif. Voici quelques-uns des avantages dont profitent les membres de notre \u00e9quipe. Nous motivons nos employ\u00e9s et favorisons leur autonomie.\u00a0\u00a0Gr\u00e2ce au soutien de champions au niveau de la direction, nous permettons \u00e0 nos employ\u00e9s de vivre leur passion et de viser le perfectionnement professionnel et le d\u00e9veloppement de leur carri\u00e8re. Nous motivons les membres de notre \u00e9quipe en leur proposant de nouveaux d\u00e9fis et c\u00e9l\u00e9brons leurs r\u00e9ussites de m\u00eame que les le\u00e7ons retenues. Des augmentations de salaire annuelles en fonction du m\u00e9rite font de l\u2019\u00e9quipe GETH un milieu id\u00e9al pour poursuivre une carri\u00e8re stimulante aupr\u00e8s de professionnels d\u00e9vou\u00e9s partageant les m\u00eames id\u00e9es. &nbsp;Nous promouvons l\u2019apprentissage continu et le d\u00e9veloppement personnel.\u00a0\u00a0Nos employ\u00e9s sont le c\u0153ur et l\u2019\u00e2me de notre entreprise, et nous accordons une grande importance au d\u00e9veloppement personnel et professionnel de nos membres d\u2019\u00e9quipe. Nous pensons que plusieurs cerveaux valent mieux qu\u2019un, c\u2019est pourquoi nous vous encouragerons continuellement \u00e0 nous faire part de vos id\u00e9es, de vos opinions et de votre d\u00e9sir de d\u00e9velopper vos comp\u00e9tences. Nous soutenons l\u2019apprentissage au moyen d\u2019occasions de mentorat, du remboursement de frais de [&hellip;]\" \/>\n<meta property=\"og:url\" content=\"https:\/\/tharris.ca\/fr\/notre-page\/pourquoi-geth\/\" \/>\n<meta property=\"og:site_name\" content=\"T. Harris\" \/>\n<meta property=\"article:publisher\" content=\"https:\/\/www.facebook.com\/THarrisEnv\" \/>\n<meta property=\"article:modified_time\" content=\"2024-08-09T09:48:10+00:00\" \/>\n<meta name=\"twitter:card\" content=\"summary_large_image\" \/>\n<meta name=\"twitter:site\" content=\"@THarrisEnviro\" \/>\n<meta name=\"twitter:label1\" content=\"Est. reading time\" \/>\n\t<meta name=\"twitter:data1\" content=\"3 minutes\" \/>\n<script type=\"application\/ld+json\" class=\"yoast-schema-graph\">{\"@context\":\"https:\\\/\\\/schema.org\",\"@graph\":[{\"@type\":\"WebPage\",\"@id\":\"https:\\\/\\\/tharris.ca\\\/fr\\\/notre-page\\\/pourquoi-geth\\\/\",\"url\":\"https:\\\/\\\/tharris.ca\\\/fr\\\/notre-page\\\/pourquoi-geth\\\/\",\"name\":\"Pourquoi GETH ? - T. Harris\",\"isPartOf\":{\"@id\":\"https:\\\/\\\/tharris.ca\\\/#website\"},\"datePublished\":\"2022-07-06T07:11:44+00:00\",\"dateModified\":\"2024-08-09T09:48:10+00:00\",\"breadcrumb\":{\"@id\":\"https:\\\/\\\/tharris.ca\\\/fr\\\/notre-page\\\/pourquoi-geth\\\/#breadcrumb\"},\"inLanguage\":\"fr-FR\",\"potentialAction\":[{\"@type\":\"ReadAction\",\"target\":[\"https:\\\/\\\/tharris.ca\\\/fr\\\/notre-page\\\/pourquoi-geth\\\/\"]}]},{\"@type\":\"BreadcrumbList\",\"@id\":\"https:\\\/\\\/tharris.ca\\\/fr\\\/notre-page\\\/pourquoi-geth\\\/#breadcrumb\",\"itemListElement\":[{\"@type\":\"ListItem\",\"position\":1,\"name\":\"Home\",\"item\":\"https:\\\/\\\/tharris.ca\\\/\"},{\"@type\":\"ListItem\",\"position\":2,\"name\":\"Notre Page\",\"item\":\"https:\\\/\\\/tharris.ca\\\/about\\\/\"},{\"@type\":\"ListItem\",\"position\":3,\"name\":\"Pourquoi GETH ?\"}]},{\"@type\":\"WebSite\",\"@id\":\"https:\\\/\\\/tharris.ca\\\/#website\",\"url\":\"https:\\\/\\\/tharris.ca\\\/\",\"name\":\"T. Harris\",\"description\":\"Environmental Management\",\"publisher\":{\"@id\":\"https:\\\/\\\/tharris.ca\\\/#organization\"},\"potentialAction\":[{\"@type\":\"SearchAction\",\"target\":{\"@type\":\"EntryPoint\",\"urlTemplate\":\"https:\\\/\\\/tharris.ca\\\/?s={search_term_string}\"},\"query-input\":{\"@type\":\"PropertyValueSpecification\",\"valueRequired\":true,\"valueName\":\"search_term_string\"}}],\"inLanguage\":\"fr-FR\"},{\"@type\":\"Organization\",\"@id\":\"https:\\\/\\\/tharris.ca\\\/#organization\",\"name\":\"T Harris Environmental Management Inc.\",\"url\":\"https:\\\/\\\/tharris.ca\\\/\",\"logo\":{\"@type\":\"ImageObject\",\"inLanguage\":\"fr-FR\",\"@id\":\"https:\\\/\\\/tharris.ca\\\/#\\\/schema\\\/logo\\\/image\\\/\",\"url\":\"https:\\\/\\\/tharris.ca\\\/wp-content\\\/uploads\\\/2022\\\/05\\\/Logo-EN-Horizontal-300-1.png\",\"contentUrl\":\"https:\\\/\\\/tharris.ca\\\/wp-content\\\/uploads\\\/2022\\\/05\\\/Logo-EN-Horizontal-300-1.png\",\"width\":961,\"height\":249,\"caption\":\"T Harris Environmental Management Inc.\"},\"image\":{\"@id\":\"https:\\\/\\\/tharris.ca\\\/#\\\/schema\\\/logo\\\/image\\\/\"},\"sameAs\":[\"https:\\\/\\\/www.facebook.com\\\/THarrisEnv\",\"https:\\\/\\\/x.com\\\/THarrisEnviro\",\"https:\\\/\\\/www.linkedin.com\\\/company\\\/t-harris-environmental-management-gestion-environnementale-t-harris-them-geth-inc-\\\/mycompany\\\/?viewAsMember=true\",\"https:\\\/\\\/www.instagram.com\\\/tharrisenvironmental\\\/\",\"https:\\\/\\\/www.youtube.com\\\/channel\\\/UC6A5FXciiu4wPRDBSowX9aQ\"]}]}<\/script>\n<!-- \/ Yoast SEO plugin. -->","yoast_head_json":{"title":"Pourquoi GETH ? - T. Harris","robots":{"index":"index","follow":"follow","max-snippet":"max-snippet:-1","max-image-preview":"max-image-preview:large","max-video-preview":"max-video-preview:-1"},"canonical":"https:\/\/tharris.ca\/fr\/notre-page\/pourquoi-geth\/","og_locale":"fr_FR","og_type":"article","og_title":"Pourquoi GETH ? - T. Harris","og_description":"Pourquoi choisir GETH?Travailler chez Gestion Environnementale T.\u00a0Harris Inc. (GETH) est une exp\u00e9rience enrichissante dans un environnement d\u2019\u00e9quipe hautement sp\u00e9cialis\u00e9, professionnel et positif. Voici quelques-uns des avantages dont profitent les membres de notre \u00e9quipe. Nous motivons nos employ\u00e9s et favorisons leur autonomie.\u00a0\u00a0Gr\u00e2ce au soutien de champions au niveau de la direction, nous permettons \u00e0 nos employ\u00e9s de vivre leur passion et de viser le perfectionnement professionnel et le d\u00e9veloppement de leur carri\u00e8re. Nous motivons les membres de notre \u00e9quipe en leur proposant de nouveaux d\u00e9fis et c\u00e9l\u00e9brons leurs r\u00e9ussites de m\u00eame que les le\u00e7ons retenues. Des augmentations de salaire annuelles en fonction du m\u00e9rite font de l\u2019\u00e9quipe GETH un milieu id\u00e9al pour poursuivre une carri\u00e8re stimulante aupr\u00e8s de professionnels d\u00e9vou\u00e9s partageant les m\u00eames id\u00e9es. &nbsp;Nous promouvons l\u2019apprentissage continu et le d\u00e9veloppement personnel.\u00a0\u00a0Nos employ\u00e9s sont le c\u0153ur et l\u2019\u00e2me de notre entreprise, et nous accordons une grande importance au d\u00e9veloppement personnel et professionnel de nos membres d\u2019\u00e9quipe. Nous pensons que plusieurs cerveaux valent mieux qu\u2019un, c\u2019est pourquoi nous vous encouragerons continuellement \u00e0 nous faire part de vos id\u00e9es, de vos opinions et de votre d\u00e9sir de d\u00e9velopper vos comp\u00e9tences. Nous soutenons l\u2019apprentissage au moyen d\u2019occasions de mentorat, du remboursement de frais de [&hellip;]","og_url":"https:\/\/tharris.ca\/fr\/notre-page\/pourquoi-geth\/","og_site_name":"T. Harris","article_publisher":"https:\/\/www.facebook.com\/THarrisEnv","article_modified_time":"2024-08-09T09:48:10+00:00","twitter_card":"summary_large_image","twitter_site":"@THarrisEnviro","twitter_misc":{"Est. reading time":"3 minutes"},"schema":{"@context":"https:\/\/schema.org","@graph":[{"@type":"WebPage","@id":"https:\/\/tharris.ca\/fr\/notre-page\/pourquoi-geth\/","url":"https:\/\/tharris.ca\/fr\/notre-page\/pourquoi-geth\/","name":"Pourquoi GETH ? - T. Harris","isPartOf":{"@id":"https:\/\/tharris.ca\/#website"},"datePublished":"2022-07-06T07:11:44+00:00","dateModified":"2024-08-09T09:48:10+00:00","breadcrumb":{"@id":"https:\/\/tharris.ca\/fr\/notre-page\/pourquoi-geth\/#breadcrumb"},"inLanguage":"fr-FR","potentialAction":[{"@type":"ReadAction","target":["https:\/\/tharris.ca\/fr\/notre-page\/pourquoi-geth\/"]}]},{"@type":"BreadcrumbList","@id":"https:\/\/tharris.ca\/fr\/notre-page\/pourquoi-geth\/#breadcrumb","itemListElement":[{"@type":"ListItem","position":1,"name":"Home","item":"https:\/\/tharris.ca\/"},{"@type":"ListItem","position":2,"name":"Notre Page","item":"https:\/\/tharris.ca\/about\/"},{"@type":"ListItem","position":3,"name":"Pourquoi GETH ?"}]},{"@type":"WebSite","@id":"https:\/\/tharris.ca\/#website","url":"https:\/\/tharris.ca\/","name":"T. Harris","description":"Environmental Management","publisher":{"@id":"https:\/\/tharris.ca\/#organization"},"potentialAction":[{"@type":"SearchAction","target":{"@type":"EntryPoint","urlTemplate":"https:\/\/tharris.ca\/?s={search_term_string}"},"query-input":{"@type":"PropertyValueSpecification","valueRequired":true,"valueName":"search_term_string"}}],"inLanguage":"fr-FR"},{"@type":"Organization","@id":"https:\/\/tharris.ca\/#organization","name":"T Harris Environmental Management Inc.","url":"https:\/\/tharris.ca\/","logo":{"@type":"ImageObject","inLanguage":"fr-FR","@id":"https:\/\/tharris.ca\/#\/schema\/logo\/image\/","url":"https:\/\/tharris.ca\/wp-content\/uploads\/2022\/05\/Logo-EN-Horizontal-300-1.png","contentUrl":"https:\/\/tharris.ca\/wp-content\/uploads\/2022\/05\/Logo-EN-Horizontal-300-1.png","width":961,"height":249,"caption":"T Harris Environmental Management Inc."},"image":{"@id":"https:\/\/tharris.ca\/#\/schema\/logo\/image\/"},"sameAs":["https:\/\/www.facebook.com\/THarrisEnv","https:\/\/x.com\/THarrisEnviro","https:\/\/www.linkedin.com\/company\/t-harris-environmental-management-gestion-environnementale-t-harris-them-geth-inc-\/mycompany\/?viewAsMember=true","https:\/\/www.instagram.com\/tharrisenvironmental\/","https:\/\/www.youtube.com\/channel\/UC6A5FXciiu4wPRDBSowX9aQ"]}]}},"_links":{"self":[{"href":"https:\/\/tharris.ca\/fr\/wp-json\/wp\/v2\/pages\/949","targetHints":{"allow":["GET"]}}],"collection":[{"href":"https:\/\/tharris.ca\/fr\/wp-json\/wp\/v2\/pages"}],"about":[{"href":"https:\/\/tharris.ca\/fr\/wp-json\/wp\/v2\/types\/page"}],"author":[{"embeddable":true,"href":"https:\/\/tharris.ca\/fr\/wp-json\/wp\/v2\/users\/1"}],"replies":[{"embeddable":true,"href":"https:\/\/tharris.ca\/fr\/wp-json\/wp\/v2\/comments?post=949"}],"version-history":[{"count":0,"href":"https:\/\/tharris.ca\/fr\/wp-json\/wp\/v2\/pages\/949\/revisions"}],"wp:attachment":[{"href":"https:\/\/tharris.ca\/fr\/wp-json\/wp\/v2\/media?parent=949"}],"curies":[{"name":"wp","href":"https:\/\/api.w.org\/{rel}","templated":true}]}}