{"id":9613,"date":"2026-03-09T14:13:45","date_gmt":"2026-03-09T18:13:45","guid":{"rendered":"https:\/\/tharris.ca\/?page_id=9613"},"modified":"2026-03-09T15:18:43","modified_gmt":"2026-03-09T19:18:43","slug":"etudes-de-cas","status":"publish","type":"page","link":"https:\/\/tharris.ca\/fr\/etudes-de-cas\/","title":{"rendered":"\u00c9tudes de cas"},"content":{"rendered":"<p>[et_pb_section fb_built=&#8221;1&#8243; custom_padding_last_edited=&#8221;off|desktop&#8221; admin_label=&#8221;Header&#8221; _builder_version=&#8221;4.17.4&#8243; _module_preset=&#8221;default&#8221; background_enable_color=&#8221;off&#8221; background_enable_image=&#8221;off&#8221; background_position=&#8221;top_center&#8221; custom_margin=&#8221;||||false|false&#8221; custom_padding=&#8221;248px|12vw|50px|12vw|false|true&#8221; background_last_edited=&#8221;off|desktop&#8221; use_background_color_gradient_tablet=&#8221;on&#8221; use_background_color_gradient_phone=&#8221;on&#8221; background_color_gradient_direction_tablet=&#8221;90deg&#8221; background_color_gradient_stops_tablet=&#8221;#eeeeee 18%|rgba(255,255,255,0.51) 100%&#8221; background_color_gradient_stops_phone=&#8221;rgba(43,43,43,0.65) 100%|#29c4a9 100%&#8221; background_color_gradient_start_tablet=&#8221;rgba(43,43,43,0.65)&#8221; background_color_gradient_start_phone=&#8221;rgba(43,43,43,0.65)&#8221; background_color_gradient_start_position_phone=&#8221;0%&#8221; background_color_gradient_end_position_tablet=&#8221;100%&#8221; background_color_gradient_end_position_phone=&#8221;100%&#8221; locked=&#8221;off&#8221; global_colors_info=&#8221;{}&#8221;][et_pb_row _builder_version=&#8221;4.27.0&#8243; _module_preset=&#8221;default&#8221; background_color=&#8221;RGBA(255,255,255,0)&#8221; width=&#8221;100%&#8221; max_width_tablet=&#8221;100%&#8221; max_width_phone=&#8221;100%&#8221; max_width_last_edited=&#8221;on|tablet&#8221; module_alignment=&#8221;left&#8221; global_colors_info=&#8221;{}&#8221;][et_pb_column type=&#8221;4_4&#8243; _builder_version=&#8221;4.16&#8243; _module_preset=&#8221;default&#8221; global_colors_info=&#8221;{}&#8221;][et_pb_text _builder_version=&#8221;4.27.5&#8243; _module_preset=&#8221;b548e066-77dc-45f0-82ba-7e55f7fa1d60&#8243; header_font=&#8221;Raleway|300|||||||&#8221; header_text_color=&#8221;#274953&#8243; header_font_size=&#8221;7em&#8221; header_2_text_color=&#8221;#FFFFFF&#8221; background_color=&#8221;RGBA(255,255,255,0)&#8221; custom_margin=&#8221;0px||||false|false&#8221; custom_margin_tablet=&#8221;||||false|false&#8221; custom_margin_phone=&#8221;||||false|false&#8221; custom_margin_last_edited=&#8221;on|phone&#8221; custom_padding=&#8221;0px||||false|false&#8221; animation_style=&#8221;slide&#8221; animation_direction=&#8221;bottom&#8221; animation_delay=&#8221;150ms&#8221; animation_intensity_slide=&#8221;15%&#8221; animation_speed_curve=&#8221;ease&#8221; text_font_size_tablet=&#8221;1.25em&#8221; header_font_size_tablet=&#8221;5em&#8221; header_font_size_phone=&#8221;5em&#8221; header_font_size_last_edited=&#8221;on|phone&#8221; global_colors_info=&#8221;{}&#8221;]<\/p>\n<h1>\u00c9tudes de Cas<\/h1>\n<p>[\/et_pb_text][\/et_pb_column][\/et_pb_row][et_pb_row column_structure=&#8221;1_2,1_2&#8243; _builder_version=&#8221;4.17.4&#8243; _module_preset=&#8221;default&#8221; width=&#8221;100%&#8221; max_width=&#8221;100%&#8221; global_colors_info=&#8221;{}&#8221;][et_pb_column type=&#8221;1_2&#8243; _builder_version=&#8221;4.17.4&#8243; _module_preset=&#8221;default&#8221; global_colors_info=&#8221;{}&#8221;][et_pb_text _builder_version=&#8221;4.27.4&#8243; _module_preset=&#8221;default&#8221; background_image=&#8221;https:\/\/tharris.ca\/wp-content\/uploads\/2023\/10\/Website-Images-1-1.jpg&#8221; global_colors_info=&#8221;{}&#8221;]<\/p>\n<p>&nbsp;<\/p>\n<p>&nbsp;<\/p>\n<p>&nbsp;<\/p>\n<p>&nbsp;<\/p>\n<p>&nbsp;<\/p>\n<p>&nbsp;<\/p>\n<p>[\/et_pb_text][\/et_pb_column][et_pb_column type=&#8221;1_2&#8243; _builder_version=&#8221;4.17.4&#8243; _module_preset=&#8221;default&#8221; global_colors_info=&#8221;{}&#8221;][et_pb_text _builder_version=&#8221;4.27.4&#8243; _module_preset=&#8221;default&#8221; global_colors_info=&#8221;{}&#8221;]<\/p>\n<p>Nos \u00e9tudes de cas d\u00e9montrent comment Gestion Environnementale T. Harris Inc. (GETH) soutient des clients dans un large \u00e9ventail de secteurs en relevant des d\u00e9fis complexes li\u00e9s \u00e0 l\u2019environnement, \u00e0 la sant\u00e9 et \u00e0 la s\u00e9curit\u00e9 au travail. Elles refl\u00e8tent des projets r\u00e9els o\u00f9 l\u2019expertise technique, la connaissance de la r\u00e9glementation et une gestion pratique des risques sont mises \u00e0 profit pour favoriser la conformit\u00e9, prot\u00e9ger les personnes et permettre une prise de d\u00e9cision \u00e9clair\u00e9e.<\/p>\n<p>[\/et_pb_text][\/et_pb_column][\/et_pb_row][\/et_pb_section][et_pb_section fb_built=&#8221;1&#8243; _builder_version=&#8221;4.27.4&#8243; _module_preset=&#8221;default&#8221; custom_padding=&#8221;3px|||||&#8221; global_colors_info=&#8221;{}&#8221;][et_pb_row _builder_version=&#8221;4.27.4&#8243; _module_preset=&#8221;default&#8221; width=&#8221;100%&#8221; max_width=&#8221;1440px&#8221; global_colors_info=&#8221;{}&#8221;][et_pb_column type=&#8221;4_4&#8243; _builder_version=&#8221;4.27.4&#8243; _module_preset=&#8221;default&#8221; global_colors_info=&#8221;{}&#8221;][et_pb_blog fullwidth=&#8221;off&#8221; posts_number=&#8221;12&#8243; include_categories=&#8221;63&#8243; show_thumbnail=&#8221;off&#8221; excerpt_length=&#8221;150&#8243; show_more=&#8221;on&#8221; show_author=&#8221;off&#8221; show_date=&#8221;off&#8221; show_categories=&#8221;off&#8221; show_pagination=&#8221;off&#8221; _builder_version=&#8221;4.27.5&#8243; _module_preset=&#8221;default&#8221; header_font=&#8221;Raleway||||||||&#8221; header_text_color=&#8221;#3D7940&#8243; header_font_size=&#8221;27px&#8221; body_font=&#8221;Poppins||||||||&#8221; body_text_color=&#8221;#010101&#8243; meta_font=&#8221;Poppins|600|||||||&#8221; meta_text_color=&#8221;#b2b2b2&#8243; read_more_font=&#8221;Poppins||||||||&#8221; read_more_text_color=&#8221;#1DABCA&#8221; background_enable_color=&#8221;off&#8221; background_enable_image=&#8221;off&#8221; width=&#8221;100%&#8221; max_width=&#8221;1440px&#8221; custom_padding=&#8221;0px||||false|false&#8221; hover_enabled=&#8221;0&#8243; border_radii=&#8221;on|6px|6px|6px|6px&#8221; border_width_all=&#8221;0px&#8221; border_radii_image=&#8221;on|10px|10px|10px|10px&#8221; box_shadow_style=&#8221;preset1&#8243; box_shadow_vertical=&#8221;12px&#8221; box_shadow_blur=&#8221;38px&#8221; box_shadow_color=&#8221;rgba(39,73,83,0.15)&#8221; locked=&#8221;off&#8221; global_colors_info=&#8221;{}&#8221; sticky_enabled=&#8221;0&#8243;][\/et_pb_blog][\/et_pb_column][\/et_pb_row][\/et_pb_section]<\/p>\n","protected":false},"excerpt":{"rendered":"<p>\u00c9tudes de Cas&nbsp; &nbsp; &nbsp; &nbsp; &nbsp; &nbsp;Nos \u00e9tudes de cas d\u00e9montrent comment Gestion Environnementale T. Harris Inc. (GETH) soutient des clients dans un large \u00e9ventail de secteurs en relevant des d\u00e9fis complexes li\u00e9s \u00e0 l\u2019environnement, \u00e0 la sant\u00e9 et \u00e0 la s\u00e9curit\u00e9 au travail. Elles refl\u00e8tent des projets r\u00e9els o\u00f9 l\u2019expertise technique, la connaissance de la r\u00e9glementation et une gestion pratique des risques sont mises \u00e0 profit pour favoriser la conformit\u00e9, prot\u00e9ger les personnes et permettre une prise de d\u00e9cision \u00e9clair\u00e9e.<\/p>\n","protected":false},"author":2,"featured_media":0,"parent":0,"menu_order":0,"comment_status":"closed","ping_status":"closed","template":"","meta":{"_acf_changed":false,"_et_pb_use_builder":"on","_et_pb_old_content":"","_et_gb_content_width":"","footnotes":""},"class_list":["post-9613","page","type-page","status-publish","hentry"],"acf":[],"yoast_head":"<!-- This site is optimized with the Yoast SEO plugin v27.3 - https:\/\/yoast.com\/product\/yoast-seo-wordpress\/ -->\n<title>\u00c9tudes de cas - T. Harris<\/title>\n<meta name=\"robots\" content=\"index, follow, max-snippet:-1, max-image-preview:large, max-video-preview:-1\" \/>\n<link rel=\"canonical\" href=\"https:\/\/tharris.ca\/case-studies\/\" \/>\n<meta property=\"og:locale\" content=\"fr_FR\" \/>\n<meta property=\"og:type\" content=\"article\" \/>\n<meta property=\"og:title\" content=\"\u00c9tudes de cas - T. Harris\" \/>\n<meta property=\"og:description\" content=\"\u00c9tudes de Cas&nbsp; &nbsp; &nbsp; &nbsp; &nbsp; &nbsp;Nos \u00e9tudes de cas d\u00e9montrent comment Gestion Environnementale T. Harris Inc. (GETH) soutient des clients dans un large \u00e9ventail de secteurs en relevant des d\u00e9fis complexes li\u00e9s \u00e0 l\u2019environnement, \u00e0 la sant\u00e9 et \u00e0 la s\u00e9curit\u00e9 au travail. Elles refl\u00e8tent des projets r\u00e9els o\u00f9 l\u2019expertise technique, la connaissance de la r\u00e9glementation et une gestion pratique des risques sont mises \u00e0 profit pour favoriser la conformit\u00e9, prot\u00e9ger les personnes et permettre une prise de d\u00e9cision \u00e9clair\u00e9e.\" \/>\n<meta property=\"og:url\" content=\"https:\/\/tharris.ca\/case-studies\/\" \/>\n<meta property=\"og:site_name\" content=\"T. Harris\" \/>\n<meta property=\"article:publisher\" content=\"https:\/\/www.facebook.com\/THarrisEnv\" \/>\n<meta property=\"article:modified_time\" content=\"2026-03-09T19:18:43+00:00\" \/>\n<meta name=\"twitter:card\" content=\"summary_large_image\" \/>\n<meta name=\"twitter:site\" content=\"@THarrisEnviro\" \/>\n<script type=\"application\/ld+json\" class=\"yoast-schema-graph\">{\"@context\":\"https:\\\/\\\/schema.org\",\"@graph\":[{\"@type\":\"WebPage\",\"@id\":\"https:\\\/\\\/tharris.ca\\\/case-studies\\\/\",\"url\":\"https:\\\/\\\/tharris.ca\\\/case-studies\\\/\",\"name\":\"\u00c9tudes de cas - T. Harris\",\"isPartOf\":{\"@id\":\"https:\\\/\\\/tharris.ca\\\/#website\"},\"datePublished\":\"2026-03-09T18:13:45+00:00\",\"dateModified\":\"2026-03-09T19:18:43+00:00\",\"breadcrumb\":{\"@id\":\"https:\\\/\\\/tharris.ca\\\/case-studies\\\/#breadcrumb\"},\"inLanguage\":\"fr-FR\",\"potentialAction\":[{\"@type\":\"ReadAction\",\"target\":[\"https:\\\/\\\/tharris.ca\\\/case-studies\\\/\"]}]},{\"@type\":\"BreadcrumbList\",\"@id\":\"https:\\\/\\\/tharris.ca\\\/case-studies\\\/#breadcrumb\",\"itemListElement\":[{\"@type\":\"ListItem\",\"position\":1,\"name\":\"Home\",\"item\":\"https:\\\/\\\/tharris.ca\\\/\"},{\"@type\":\"ListItem\",\"position\":2,\"name\":\"\u00c9tudes de cas\"}]},{\"@type\":\"WebSite\",\"@id\":\"https:\\\/\\\/tharris.ca\\\/#website\",\"url\":\"https:\\\/\\\/tharris.ca\\\/\",\"name\":\"T. Harris\",\"description\":\"Environmental Management\",\"publisher\":{\"@id\":\"https:\\\/\\\/tharris.ca\\\/#organization\"},\"potentialAction\":[{\"@type\":\"SearchAction\",\"target\":{\"@type\":\"EntryPoint\",\"urlTemplate\":\"https:\\\/\\\/tharris.ca\\\/?s={search_term_string}\"},\"query-input\":{\"@type\":\"PropertyValueSpecification\",\"valueRequired\":true,\"valueName\":\"search_term_string\"}}],\"inLanguage\":\"fr-FR\"},{\"@type\":\"Organization\",\"@id\":\"https:\\\/\\\/tharris.ca\\\/#organization\",\"name\":\"T Harris Environmental Management Inc.\",\"url\":\"https:\\\/\\\/tharris.ca\\\/\",\"logo\":{\"@type\":\"ImageObject\",\"inLanguage\":\"fr-FR\",\"@id\":\"https:\\\/\\\/tharris.ca\\\/#\\\/schema\\\/logo\\\/image\\\/\",\"url\":\"https:\\\/\\\/tharris.ca\\\/wp-content\\\/uploads\\\/2022\\\/05\\\/Logo-EN-Horizontal-300-1.png\",\"contentUrl\":\"https:\\\/\\\/tharris.ca\\\/wp-content\\\/uploads\\\/2022\\\/05\\\/Logo-EN-Horizontal-300-1.png\",\"width\":961,\"height\":249,\"caption\":\"T Harris Environmental Management Inc.\"},\"image\":{\"@id\":\"https:\\\/\\\/tharris.ca\\\/#\\\/schema\\\/logo\\\/image\\\/\"},\"sameAs\":[\"https:\\\/\\\/www.facebook.com\\\/THarrisEnv\",\"https:\\\/\\\/x.com\\\/THarrisEnviro\",\"https:\\\/\\\/www.linkedin.com\\\/company\\\/t-harris-environmental-management-gestion-environnementale-t-harris-them-geth-inc-\\\/mycompany\\\/?viewAsMember=true\",\"https:\\\/\\\/www.instagram.com\\\/tharrisenvironmental\\\/\",\"https:\\\/\\\/www.youtube.com\\\/channel\\\/UC6A5FXciiu4wPRDBSowX9aQ\"]}]}<\/script>\n<!-- \/ Yoast SEO plugin. -->","yoast_head_json":{"title":"\u00c9tudes de cas - T. Harris","robots":{"index":"index","follow":"follow","max-snippet":"max-snippet:-1","max-image-preview":"max-image-preview:large","max-video-preview":"max-video-preview:-1"},"canonical":"https:\/\/tharris.ca\/case-studies\/","og_locale":"fr_FR","og_type":"article","og_title":"\u00c9tudes de cas - T. Harris","og_description":"\u00c9tudes de Cas&nbsp; &nbsp; &nbsp; &nbsp; &nbsp; &nbsp;Nos \u00e9tudes de cas d\u00e9montrent comment Gestion Environnementale T. Harris Inc. (GETH) soutient des clients dans un large \u00e9ventail de secteurs en relevant des d\u00e9fis complexes li\u00e9s \u00e0 l\u2019environnement, \u00e0 la sant\u00e9 et \u00e0 la s\u00e9curit\u00e9 au travail. Elles refl\u00e8tent des projets r\u00e9els o\u00f9 l\u2019expertise technique, la connaissance de la r\u00e9glementation et une gestion pratique des risques sont mises \u00e0 profit pour favoriser la conformit\u00e9, prot\u00e9ger les personnes et permettre une prise de d\u00e9cision \u00e9clair\u00e9e.","og_url":"https:\/\/tharris.ca\/case-studies\/","og_site_name":"T. Harris","article_publisher":"https:\/\/www.facebook.com\/THarrisEnv","article_modified_time":"2026-03-09T19:18:43+00:00","twitter_card":"summary_large_image","twitter_site":"@THarrisEnviro","schema":{"@context":"https:\/\/schema.org","@graph":[{"@type":"WebPage","@id":"https:\/\/tharris.ca\/case-studies\/","url":"https:\/\/tharris.ca\/case-studies\/","name":"\u00c9tudes de cas - T. Harris","isPartOf":{"@id":"https:\/\/tharris.ca\/#website"},"datePublished":"2026-03-09T18:13:45+00:00","dateModified":"2026-03-09T19:18:43+00:00","breadcrumb":{"@id":"https:\/\/tharris.ca\/case-studies\/#breadcrumb"},"inLanguage":"fr-FR","potentialAction":[{"@type":"ReadAction","target":["https:\/\/tharris.ca\/case-studies\/"]}]},{"@type":"BreadcrumbList","@id":"https:\/\/tharris.ca\/case-studies\/#breadcrumb","itemListElement":[{"@type":"ListItem","position":1,"name":"Home","item":"https:\/\/tharris.ca\/"},{"@type":"ListItem","position":2,"name":"\u00c9tudes de cas"}]},{"@type":"WebSite","@id":"https:\/\/tharris.ca\/#website","url":"https:\/\/tharris.ca\/","name":"T. Harris","description":"Environmental Management","publisher":{"@id":"https:\/\/tharris.ca\/#organization"},"potentialAction":[{"@type":"SearchAction","target":{"@type":"EntryPoint","urlTemplate":"https:\/\/tharris.ca\/?s={search_term_string}"},"query-input":{"@type":"PropertyValueSpecification","valueRequired":true,"valueName":"search_term_string"}}],"inLanguage":"fr-FR"},{"@type":"Organization","@id":"https:\/\/tharris.ca\/#organization","name":"T Harris Environmental Management Inc.","url":"https:\/\/tharris.ca\/","logo":{"@type":"ImageObject","inLanguage":"fr-FR","@id":"https:\/\/tharris.ca\/#\/schema\/logo\/image\/","url":"https:\/\/tharris.ca\/wp-content\/uploads\/2022\/05\/Logo-EN-Horizontal-300-1.png","contentUrl":"https:\/\/tharris.ca\/wp-content\/uploads\/2022\/05\/Logo-EN-Horizontal-300-1.png","width":961,"height":249,"caption":"T Harris Environmental Management Inc."},"image":{"@id":"https:\/\/tharris.ca\/#\/schema\/logo\/image\/"},"sameAs":["https:\/\/www.facebook.com\/THarrisEnv","https:\/\/x.com\/THarrisEnviro","https:\/\/www.linkedin.com\/company\/t-harris-environmental-management-gestion-environnementale-t-harris-them-geth-inc-\/mycompany\/?viewAsMember=true","https:\/\/www.instagram.com\/tharrisenvironmental\/","https:\/\/www.youtube.com\/channel\/UC6A5FXciiu4wPRDBSowX9aQ"]}]}},"_links":{"self":[{"href":"https:\/\/tharris.ca\/fr\/wp-json\/wp\/v2\/pages\/9613","targetHints":{"allow":["GET"]}}],"collection":[{"href":"https:\/\/tharris.ca\/fr\/wp-json\/wp\/v2\/pages"}],"about":[{"href":"https:\/\/tharris.ca\/fr\/wp-json\/wp\/v2\/types\/page"}],"author":[{"embeddable":true,"href":"https:\/\/tharris.ca\/fr\/wp-json\/wp\/v2\/users\/2"}],"replies":[{"embeddable":true,"href":"https:\/\/tharris.ca\/fr\/wp-json\/wp\/v2\/comments?post=9613"}],"version-history":[{"count":0,"href":"https:\/\/tharris.ca\/fr\/wp-json\/wp\/v2\/pages\/9613\/revisions"}],"wp:attachment":[{"href":"https:\/\/tharris.ca\/fr\/wp-json\/wp\/v2\/media?parent=9613"}],"curies":[{"name":"wp","href":"https:\/\/api.w.org\/{rel}","templated":true}]}}